{"id":89,"date":"2019-05-20T16:01:54","date_gmt":"2019-05-20T16:01:54","guid":{"rendered":"https:\/\/www.betting.ca\/fr\/?page_id=89"},"modified":"2019-05-20T16:01:54","modified_gmt":"2019-05-20T16:01:54","slug":"saskatchewan","status":"publish","type":"page","link":"https:\/\/staging.betting.ca\/fr\/saskatchewan\/","title":{"rendered":"Saskatchewan"},"content":{"rendered":"<p><img decoding=\"async\" src=\"https:\/\/www.betting.ca\/wp-content\/uploads\/2017\/04\/saskatchewan-sports-betting.jpg\" alt=\"Top Canadian Sports Betting Sites For Saskatchewan\" width=\"300\" class=\"alignright size-full wp-image-753\" \/>La <a href=\"http:\/\/www.tourismsaskatchewan.com\/\">Saskatchewan<\/a> est la seule province canadienne qui n&rsquo;a pas de fronti\u00e8res naturelles. En raison de cela et de l&rsquo;absence de hautes montagnes, la Saskatchewan est la province la plus illumin\u00e9e dans le pays avec plus de 2 000 heures de soleil par an. C&rsquo;est aussi le domicile des plus grands agriculteurs et \u00e9leveurs dans le pays. Pr\u00e8s de 10  % de la superficie est compos\u00e9 d&rsquo;eau douce, principalement des r\u00e9servoirs, des rivi\u00e8res et de plus de 100 000 lacs.<\/p>\n<p>Sur les fronti\u00e8res du sud de la Saskatchewan se trouvent le Montana et le Dakota du Nord, le Manitoba \u00e0 l&rsquo;est, l&rsquo;Alberta \u00e0 l&rsquo;ouest, et les Territoires du Nord-Ouest au nord. La seule \u00e9quipe sportive professionnelle sur le territoire de la Saskatchewan est les <a href=\"http:\/\/www.riderville.com\/\">CFL Roughriders<\/a> et qu&rsquo;il est commun d&rsquo;entendre le refrain \u2018Riders!&rsquo; de Weyburn jusqu&rsquo;\u00e0 Stony Plains. Les autres \u00e9quipes plus notables sont pour la plupart des \u00e9quipes de hockey junior en comp\u00e9tition dans la Division Est de la Ligue de hockey de l&rsquo;Ouest.<\/p>\n<h2 id=\"sites-de-paris-sportifs-canadiens-recommandes-en-saskatchewan\">Sites de paris sportifs canadiens recommand\u00e9s en Saskatchewan<\/h2>\n<div id=\"ca-sportsbooks\">\n<div class=\"sb-grid\">\n<div class=\"sb-card sb-card--red\">\n<div class=\"sb-card__header\">\n<span class=\"sb-rank\">#1<\/span>\n<div class=\"sb-stars\"><span class=\"sb-star\">&#9733;<\/span><span class=\"sb-star\">&#9733;<\/span><span class=\"sb-star\">&#9733;<\/span><span class=\"sb-star\">&#9733;<\/span><span class=\"sb-star\">&#9733;<\/span><\/div>\n<\/div>\n<a class=\"sb-logo\" href=\"https:\/\/staging.betting.ca\/fr\/revue\/betway\/\" >\n<img decoding=\"async\" src=\"https:\/\/staging.betting.ca\/images\/reviews\/betway-logo.png\" alt=\"Betway\">\n<\/a>\n<p class=\"sb-bonus\">2000 CAD<\/p>\n<a href=\"\/go\/betway\" class=\"sb-cta\">Get Bonus<\/a>\n<a href=\"https:\/\/staging.betting.ca\/fr\/revue\/betway\/\" class=\"sb-review\">Read Review<\/a>\n<\/div>\n<div class=\"sb-card sb-card--blue\">\n<div class=\"sb-card__header\">\n<span class=\"sb-rank\">#2<\/span>\n<div class=\"sb-stars\"><span class=\"sb-star\">&#9733;<\/span><span class=\"sb-star\">&#9733;<\/span><span class=\"sb-star\">&#9733;<\/span><span class=\"sb-star\">&#9733;<\/span><span class=\"sb-star sb-star--half\">&#9733;<\/span><\/div>\n<\/div>\n<a class=\"sb-logo\" href=\"https:\/\/staging.betting.ca\/fr\/revue\/sports-interaction\/\" >\n<img decoding=\"async\" src=\"https:\/\/staging.betting.ca\/images\/reviews\/sports-interaction-logo.png\" alt=\"Sports Interaction\">\n<\/a>\n<p class=\"sb-bonus\">CAD 125<\/p>\n<a href=\"\/go\/sports-interaction\" class=\"sb-cta\">Get Bonus<\/a>\n<a href=\"https:\/\/staging.betting.ca\/fr\/revue\/sports-interaction\/\" class=\"sb-review\">Read Review<\/a>\n<\/div>\n<div class=\"sb-card sb-card--orange\">\n<div class=\"sb-card__header\">\n<span class=\"sb-rank\">#3<\/span>\n<div class=\"sb-stars\"><span class=\"sb-star\">&#9733;<\/span><span class=\"sb-star\">&#9733;<\/span><span class=\"sb-star\">&#9733;<\/span><span class=\"sb-star\">&#9733;<\/span><span class=\"sb-star sb-star--half\">&#9733;<\/span><\/div>\n<\/div>\n<a class=\"sb-logo\" href=\"https:\/\/staging.betting.ca\/fr\/revue\/bet365\/\" >\n<img decoding=\"async\" src=\"https:\/\/staging.betting.ca\/images\/reviews\/bet365-logo.png\" alt=\"Bet365\">\n<\/a>\n<p class=\"sb-bonus\">CAD 200<\/p>\n<a href=\"\/go\/bet365\" class=\"sb-cta\">Get Bonus<\/a>\n<a href=\"https:\/\/staging.betting.ca\/fr\/revue\/bet365\/\" class=\"sb-review\">Read Review<\/a>\n<\/div>\n<div class=\"sb-card sb-card--green\">\n<div class=\"sb-card__header\">\n<span class=\"sb-rank\">#4<\/span>\n<div class=\"sb-stars\"><span class=\"sb-star\">&#9733;<\/span><span class=\"sb-star\">&#9733;<\/span><span class=\"sb-star\">&#9733;<\/span><span class=\"sb-star\">&#9733;<\/span><span class=\"sb-star sb-star--half\">&#9733;<\/span><\/div>\n<\/div>\n<a class=\"sb-logo\" href=\"https:\/\/staging.betting.ca\/fr\/revue\/spin-sports\/\" >\n<img decoding=\"async\" src=\"https:\/\/staging.betting.ca\/images\/reviews\/spin-sports-logo.png\" alt=\"Spin Sports\">\n<\/a>\n<p class=\"sb-bonus\">CAD 200<\/p>\n<a href=\"\/go\/spin-sports\" class=\"sb-cta\">Get Bonus<\/a>\n<a href=\"https:\/\/staging.betting.ca\/fr\/revue\/spin-sports\/\" class=\"sb-review\">Read Review<\/a>\n<\/div>\n<div class=\"sb-card sb-card--red\">\n<div class=\"sb-card__header\">\n<span class=\"sb-rank\">#5<\/span>\n<div class=\"sb-stars\"><span class=\"sb-star\">&#9733;<\/span><span class=\"sb-star\">&#9733;<\/span><span class=\"sb-star\">&#9733;<\/span><span class=\"sb-star\">&#9733;<\/span><span class=\"sb-star sb-star--half\">&#9733;<\/span><\/div>\n<\/div>\n<a class=\"sb-logo\" href=\"https:\/\/staging.betting.ca\/fr\/revue\/bodog\/\" >\n<img decoding=\"async\" src=\"https:\/\/staging.betting.ca\/images\/reviews\/bodog-logo.png\" alt=\"Bodog\">\n<\/a>\n<p class=\"sb-bonus\">CAD 200<\/p>\n<a href=\"\/go\/bodog\" class=\"sb-cta\">Get Bonus<\/a>\n<a href=\"https:\/\/staging.betting.ca\/fr\/revue\/bodog\/\" class=\"sb-review\">Read Review<\/a>\n<\/div>\n<div class=\"sb-card sb-card--blue\">\n<div class=\"sb-card__header\">\n<span class=\"sb-rank\">#6<\/span>\n<div class=\"sb-stars\"><span class=\"sb-star\">&#9733;<\/span><span class=\"sb-star\">&#9733;<\/span><span class=\"sb-star\">&#9733;<\/span><span class=\"sb-star sb-star--half\">&#9733;<\/span><span class=\"sb-star sb-star--empty\">&#9733;<\/span><\/div>\n<\/div>\n<a class=\"sb-logo\" href=\"https:\/\/staging.betting.ca\/fr\/revue\/betonline\/\" >\n<img decoding=\"async\" src=\"https:\/\/staging.betting.ca\/images\/reviews\/betonline-logo.png\" alt=\"BetOnline\">\n<\/a>\n<p class=\"sb-bonus\">CAD 2500<\/p>\n<a href=\"\/go\/betonline\" class=\"sb-cta\">Get Bonus<\/a>\n<a href=\"https:\/\/staging.betting.ca\/fr\/revue\/betonline\/\" class=\"sb-review\">Read Review<\/a>\n<\/div>\n<\/div><\/div>\n<h2 id=\"paris-sportifs-en-saskatchewan\"><strong>Paris sportifs en Saskatchewan<\/strong><\/h2>\nToutes les activit\u00e9s de paris sportifs dans la province passent par un service connu sous le nom de Sport Select, qui est \u00e9galement disponible dans les <strong><a href=\"\/fr\/territoires-du-nord-ouest\">Territoires du Nord-Ouest<\/a>, Yukon, <a href=\"\/fr\/alberta\">Alberta<\/a>, l&rsquo;Ouest du Canada et <a href=\"\/fr\/manitoba\">le Manitoba<\/a><\/strong>. Si vous avez essay\u00e9 ce service, vous \u00eates d\u00e9j\u00e0 familier avec toutes les possibilit\u00e9s offertes, mais aussi \u00e0 tous les inconv\u00e9nients qui font qu&rsquo;il est inf\u00e9rieur en comparaison avec les march\u00e9s de paris en ligne plus comp\u00e9titifs.<\/p>\n<p>Le service Sport Select est disponible par le biais de d\u00e9taillants autoris\u00e9s. Ces d\u00e9taillants sont des commerces de quartier ou des stations-service \u00e0 travers la province. La somme maximum qu&rsquo;un joueur peut d\u00e9penser pour un pari Sport Select est de 250 $ par jour \u00e0 tout emplacement de vente au d\u00e9tail. La vari\u00e9t\u00e9 de sports sur lesquels vous pouvez parier est tr\u00e8s petite. Vous pouvez faire des paris sur le <a href=\"\/fr\/paris-baseball\">baseball<\/a>, <a href=\"\/fr\/paris-football\">soccer<\/a>, <a href=\"\/fr\/paris-basketball\">basketball<\/a>, <a href=\"\/fr\/paris-hockey\">hockey<\/a> et <a href=\"\/fr\/paris-football-americain\">football<\/a> events. Vous trouverez ci-dessous les types de paris autoris\u00e9s.<\/p>\n<ul>\n<li><strong>Proline<\/strong> \u2013 avec un pari Proline, vous devez pr\u00e9dire les r\u00e9sultats d&rsquo;au moins trois \u00e9v\u00e9nements : gain \u00e0 la maison, gain \u00e0 l&rsquo;ext\u00e9rieur ou \u00e9galit\u00e9. Le nombre maximum de jeux que vous pouvez inclure est 6. Si vous ne faites pas de pr\u00e9dictions correctes pour tous les jeux, vous perdez l&rsquo;int\u00e9gralit\u00e9 de votre billet. Le montant de la mise maximale autoris\u00e9e pour la Proline est de 100$.<\/li>\n<li><strong>Au-dessus\/au-dessous <\/strong> \u2013 Il s\u2019agit d\u2019un pari populaire partout dans le monde, mais aussi en Saskatchewan. Vous devez pr\u00e9dire si le pointage final pour un \u00e9v\u00e9nement donn\u00e9 sera plus ou moins que le nombre propos\u00e9. Vous pouvez r\u00e9aliser jusqu&rsquo;\u00e0 10 s\u00e9lections sur les billets Au-dessus\/au-dessous et la mise maximale autoris\u00e9e est de 100$.<\/li>\n<li><strong>Point Spread<\/strong> \u2013 Les billets de Point Spread peuvent inclure jusqu&rsquo;\u00e0 12 s\u00e9lections. La mise maximale autoris\u00e9e est de 100 $, et avec chaque pr\u00e9diction exacte, votre paiement total augmente.<\/li>\n<li><strong>Pools<\/strong> \u2013 Il s\u2019agit d\u2019un pari int\u00e9ressant o\u00f9 vous pouvez choisir un sport sp\u00e9cifique et pr\u00e9dire les gagnants des jeux \u00e0 venir. En agissant de la sorte, vous recevez des points et comp\u00e9titionnez contre d&rsquo;autres joueurs \u00e0 travers un classement. Seules les positions sur le tableau de classement obtiennent une part de la cagnotte.<\/li>\n<li><strong>Props<\/strong> \u2013 Si vous \u00eates plus int\u00e9ress\u00e9 par les joueurs individuels, c&rsquo;est le type de pari pour vous. S\u00e9lectionnez deux joueurs et pr\u00e9voyez lequel aura de meilleures statistiques. Vous pouvez choisir deux joueurs sur un maximum de six jeux diff\u00e9rents<\/li>\n<li><strong>Double Play<\/strong> \u2013 Si vous voulez un d\u00e9fi, allez-y avec le Double Play. C&rsquo;est lorsque vous combinez un pari au-dessus\/au-dessous et un pari Proline sur le m\u00eame billet. Six s\u00e9lections sont admises.<\/li>\n<li><strong>Combo Play<\/strong> \u2013 M\u00eame chose que Double Play qu&rsquo;avec l&rsquo;ajout de Point Spread.<\/li>\n<\/ul>\n<h2 id=\"paris-sportifs-en-lign\"><strong>Paris sportifs en lign<\/strong><\/h2>\n<p>Bien que les gens soient libres de rejoindre les sites Web de paris sportifs en ligne, un site de jeu en ligne ne peut pas \u00eatre l\u00e9galement exploit\u00e9 \u00e0 l&rsquo;int\u00e9rieur des fronti\u00e8res de cette province. Cela signifie qu&rsquo;il n&rsquo;existe pas de dispositions l\u00e9gales pour la d\u00e9livrance d&rsquo;un service de paris en ligne par les autorit\u00e9s de d\u00e9livrance de la Saskatchewan qui offrent des licences aux d\u00e9taillants de vente de billets Sport Select.<\/p>\n<p>N\u00e9anmoins, les parieurs sportifs de la Saskatchewan peuvent adh\u00e9rer librement aux casinos et sites de paris sportifs \u00e0 l\u2019\u00e9tranger, qui sont autoris\u00e9s dans d&rsquo;autres parties du monde. La loi ne prescrit pas de peines pour de telles actions. Par cons\u00e9quent, les paris en ligne peuvent \u00eatre consid\u00e9r\u00e9s comme l\u00e9gaux.<\/p>\n<p>Les avantages du pari en ligne sont nombreux. Les cotes sont meilleures, il y a des bonus et promotions, et plus de sports sont disponibles, etc. Tout cela gr\u00e2ce \u00e0 la nature concurrentielle de l&rsquo;industrie du jeu en ligne, o\u00f9 les diff\u00e9rents sites en concurrence les uns avec les autres pour fournir le meilleur service, ce qui n&rsquo;est pas le cas avec Sport Select.<\/p>\n<h2 id=\"loi-sur-le-jeu-en-saskatchewan\"><strong>Loi sur le jeu en Saskatchewan<\/strong><\/h2>\n<p>En plus des paris sportifs, toutes les autres formes de jeu sont l\u00e9gales en Saskatchewan. Il y a m\u00eame un m\u00e9lange de casinos commerciaux et tribaux. Vous pouvez l\u00e9galement parier sur les courses de chevaux, appareils de loterie vid\u00e9o (\u00e9galement connu sous le nom de machines de vid\u00e9o poker), jouer au bingo, loterie ou jeux de casino dans les casinos partout en province. Tout cela est r\u00e9gi par la <strong>Alcohol and Gaming Regulation Act<\/strong>.<\/p>\n<h2 id=\"les-autorites-de-delivrance-des-permis-en-saskatchewan\"><strong>Les autorit\u00e9s de d\u00e9livrance des permis en Saskatchewan<\/strong><\/h2>\n<p>L&rsquo;autorit\u00e9 responsable de la plupart des jeux dans la province est la <a href=\"https:\/\/www.slga.com\/\">Saskatchewan Liquor and Gaming Authority (SLGA)<\/a>. Elle est le propri\u00e9taire et le gestionnaire de tous les terminaux de loterie vid\u00e9o ainsi que les machines \u00e0 sous se trouvant dans les casinos, qui sont exploit\u00e9s par la <a href=\"http:\/\/www.siga.sk.ca\/\">Saskatchewan Indian Gaming Authority (SIGA)<\/a>. Les casinos, le bingo, les courses de chevaux et les tombolas sont autoris\u00e9s par la SLGA.<\/p>\n<h2 id=\"population-de-la-saskatchewan\"><strong>Population de la Saskatchewan<\/strong><\/h2>\n<p>La population de la Saskatchewan vit principalement dans la moiti\u00e9 sud des prairies. Il y a plus de 1 million d&rsquo;habitants r\u00e9partis \u00e0 travers la province, mais surtout dans les grandes villes comme <strong>Saskatoon, Lloydminster, North Battleford, Swift Current, Yorkton, Moose Jaw, Prince Albert<\/strong> et la capitale de la province <strong>Regina<\/strong>. Ils sont pour la plupart du temps Allemands, Anglais, \u00c9cossais et de descendance canadienne.<\/p>\n<h2 id=\"sites-de-pari-hors-ligne-en-saskatche\"><strong>Sites de pari hors ligne en Saskatche<\/strong><\/h2>\n<p>Le casino le plus populaire en Saskatchewan est le <a href=\"https:\/\/casinoregina.com\/\">Casino Regina<\/a> dans la capitale, avec plus de 800 machines \u00e0 sous, 35 tables de jeux et 8 salles de poker. Il est class\u00e9 # 1 sur <a href=\"https:\/\/www.tripadvisor.ca\/\">Trip Advisor<\/a> suivie par des salles comme <strong><a href=\"http:\/\/livingskycasino.ca\/\">Living Sky Casino<\/a>, <a href=\"http:\/\/casinomoosejaw.com\/\">Casino Moose Jaw<\/a>, <a href=\"http:\/\/www.marquisdowns.com\/\">Marquis Downs<\/a> (courses de chevaux), <a href=\"http:\/\/northernlightscasino.ca\/\">Northern Lights Casino<\/a>, <a href=\"http:\/\/paintedhandcasino.ca\/\">Painted Hand Casino<\/a> et <a href=\"http:\/\/goldeaglecasino.ca\/\">Gold Eagle Casino<\/a><\/strong> etc.<\/p>\n<h2 id=\"conclusion\"><strong>Conclusion<\/strong><\/h2>\n<p>La Saskatchewan n&rsquo;est pas carrefour culturel comme l&rsquo;Ontario, mais il propose toujours des divertissements d\u00e9cents pour les r\u00e9sidents. Les paris sportifs sont sans aucun doute les plus populaires, et c&rsquo;est le produit de jeu le plus disponible dans de nombreuses stations-service et d\u00e9panneurs. Ceux qui sentent que les cotes sont moins g\u00e9n\u00e9reuses sont libres de s\u2019inscrire aupr\u00e8s de fournisseurs de paris sportifs en ligne.<\/p>\n","protected":false},"excerpt":{"rendered":"La Saskatchewan est la seule province canadienne qui n&rsquo;a pas de fronti\u00e8res naturelles. En raison de cela et de l&rsquo;absence de hautes montagnes, la Saskatchewan est la province la plus illumin\u00e9e dans le pays avec plus de 2 000 heures de soleil par an. C&rsquo;est aussi le domicile des plus grands agriculteurs et \u00e9leveurs dans [&hellip;]","protected":false},"author":2,"featured_media":0,"parent":0,"menu_order":0,"comment_status":"closed","ping_status":"closed","template":"","meta":{"footnotes":""},"class_list":["post-89","page","type-page","status-publish","hentry"],"acf":[],"yoast_head":"<!-- This site is optimized with the Yoast SEO plugin v27.1.1 - https:\/\/yoast.com\/product\/yoast-seo-wordpress\/ -->\n<title>Saskatchewan Paris sportifs - Pariez en ligne l\u00e9galement<\/title>\n<meta name=\"description\" content=\"Obtenez tous les d\u00e9tails sur les possibilit\u00e9s de paris sportifs en Saskatchewan, si elles sont l\u00e9gales et o\u00f9 pouvez-vous parier sur des sports sur Internet.\" \/>\n<meta name=\"robots\" content=\"index, follow, max-snippet:-1, max-image-preview:large, max-video-preview:-1\" \/>\n<link rel=\"canonical\" href=\"https:\/\/staging.betting.ca\/fr\/saskatchewan\/\" \/>\n<meta property=\"og:locale\" content=\"fr_CA\" \/>\n<meta property=\"og:type\" content=\"article\" \/>\n<meta property=\"og:title\" content=\"Saskatchewan Paris sportifs - Pariez en ligne l\u00e9galement\" \/>\n<meta property=\"og:description\" content=\"Obtenez tous les d\u00e9tails sur les possibilit\u00e9s de paris sportifs en Saskatchewan, si elles sont l\u00e9gales et o\u00f9 pouvez-vous parier sur des sports sur Internet.\" \/>\n<meta property=\"og:url\" content=\"https:\/\/staging.betting.ca\/fr\/saskatchewan\/\" \/>\n<meta property=\"og:site_name\" content=\"Staging Betting.ca FR\" \/>\n<meta property=\"og:image\" content=\"https:\/\/staging.betting.ca\/images\/reviews\/betonline-logo.png\" \/>\n<meta name=\"twitter:card\" content=\"summary_large_image\" \/>\n<meta name=\"twitter:label1\" content=\"Estimation du temps de lecture\" \/>\n\t<meta name=\"twitter:data1\" content=\"6 minutes\" \/>\n<script type=\"application\/ld+json\" class=\"yoast-schema-graph\">{\"@context\":\"https:\/\/schema.org\",\"@graph\":[{\"@type\":\"WebPage\",\"@id\":\"https:\/\/staging.betting.ca\/fr\/saskatchewan\/\",\"url\":\"https:\/\/staging.betting.ca\/fr\/saskatchewan\/\",\"name\":\"Saskatchewan Paris sportifs - Pariez en ligne l\u00e9galement\",\"isPartOf\":{\"@id\":\"https:\/\/staging.betting.ca\/fr\/#website\"},\"primaryImageOfPage\":{\"@id\":\"https:\/\/staging.betting.ca\/fr\/saskatchewan\/#primaryimage\"},\"image\":{\"@id\":\"https:\/\/staging.betting.ca\/fr\/saskatchewan\/#primaryimage\"},\"thumbnailUrl\":\"https:\/\/www.betting.ca\/wp-content\/uploads\/2017\/04\/saskatchewan-sports-betting.jpg\",\"datePublished\":\"2019-05-20T16:01:54+00:00\",\"description\":\"Obtenez tous les d\u00e9tails sur les possibilit\u00e9s de paris sportifs en Saskatchewan, si elles sont l\u00e9gales et o\u00f9 pouvez-vous parier sur des sports sur Internet.\",\"breadcrumb\":{\"@id\":\"https:\/\/staging.betting.ca\/fr\/saskatchewan\/#breadcrumb\"},\"inLanguage\":\"fr-CA\",\"potentialAction\":[{\"@type\":\"ReadAction\",\"target\":[\"https:\/\/staging.betting.ca\/fr\/saskatchewan\/\"]}]},{\"@type\":\"ImageObject\",\"inLanguage\":\"fr-CA\",\"@id\":\"https:\/\/staging.betting.ca\/fr\/saskatchewan\/#primaryimage\",\"url\":\"https:\/\/staging.betting.ca\/images\/reviews\/betonline-logo.png\",\"contentUrl\":\"https:\/\/staging.betting.ca\/images\/reviews\/betonline-logo.png\"},{\"@type\":\"BreadcrumbList\",\"@id\":\"https:\/\/staging.betting.ca\/fr\/saskatchewan\/#breadcrumb\",\"itemListElement\":[{\"@type\":\"ListItem\",\"position\":1,\"name\":\"Home\",\"item\":\"https:\/\/staging.betting.ca\/fr\/\"},{\"@type\":\"ListItem\",\"position\":2,\"name\":\"Saskatchewan\"}]},{\"@type\":\"WebSite\",\"@id\":\"https:\/\/staging.betting.ca\/fr\/#website\",\"url\":\"https:\/\/staging.betting.ca\/fr\/\",\"name\":\"Staging Betting.ca FR\",\"description\":\"\",\"potentialAction\":[{\"@type\":\"SearchAction\",\"target\":{\"@type\":\"EntryPoint\",\"urlTemplate\":\"https:\/\/staging.betting.ca\/fr\/?s={search_term_string}\"},\"query-input\":{\"@type\":\"PropertyValueSpecification\",\"valueRequired\":true,\"valueName\":\"search_term_string\"}}],\"inLanguage\":\"fr-CA\"}]}<\/script>\n<!-- \/ Yoast SEO plugin. -->","yoast_head_json":{"title":"Saskatchewan Paris sportifs - Pariez en ligne l\u00e9galement","description":"Obtenez tous les d\u00e9tails sur les possibilit\u00e9s de paris sportifs en Saskatchewan, si elles sont l\u00e9gales et o\u00f9 pouvez-vous parier sur des sports sur Internet.","robots":{"index":"index","follow":"follow","max-snippet":"max-snippet:-1","max-image-preview":"max-image-preview:large","max-video-preview":"max-video-preview:-1"},"canonical":"https:\/\/staging.betting.ca\/fr\/saskatchewan\/","og_locale":"fr_CA","og_type":"article","og_title":"Saskatchewan Paris sportifs - Pariez en ligne l\u00e9galement","og_description":"Obtenez tous les d\u00e9tails sur les possibilit\u00e9s de paris sportifs en Saskatchewan, si elles sont l\u00e9gales et o\u00f9 pouvez-vous parier sur des sports sur Internet.","og_url":"https:\/\/staging.betting.ca\/fr\/saskatchewan\/","og_site_name":"Staging Betting.ca FR","og_image":[{"url":"https:\/\/staging.betting.ca\/images\/reviews\/betonline-logo.png","type":"","width":"","height":""}],"twitter_card":"summary_large_image","twitter_misc":{"Estimation du temps de lecture":"6 minutes"},"schema":{"@context":"https:\/\/schema.org","@graph":[{"@type":"WebPage","@id":"https:\/\/staging.betting.ca\/fr\/saskatchewan\/","url":"https:\/\/staging.betting.ca\/fr\/saskatchewan\/","name":"Saskatchewan Paris sportifs - Pariez en ligne l\u00e9galement","isPartOf":{"@id":"https:\/\/staging.betting.ca\/fr\/#website"},"primaryImageOfPage":{"@id":"https:\/\/staging.betting.ca\/fr\/saskatchewan\/#primaryimage"},"image":{"@id":"https:\/\/staging.betting.ca\/fr\/saskatchewan\/#primaryimage"},"thumbnailUrl":"https:\/\/www.betting.ca\/wp-content\/uploads\/2017\/04\/saskatchewan-sports-betting.jpg","datePublished":"2019-05-20T16:01:54+00:00","description":"Obtenez tous les d\u00e9tails sur les possibilit\u00e9s de paris sportifs en Saskatchewan, si elles sont l\u00e9gales et o\u00f9 pouvez-vous parier sur des sports sur Internet.","breadcrumb":{"@id":"https:\/\/staging.betting.ca\/fr\/saskatchewan\/#breadcrumb"},"inLanguage":"fr-CA","potentialAction":[{"@type":"ReadAction","target":["https:\/\/staging.betting.ca\/fr\/saskatchewan\/"]}]},{"@type":"ImageObject","inLanguage":"fr-CA","@id":"https:\/\/staging.betting.ca\/fr\/saskatchewan\/#primaryimage","url":"https:\/\/staging.betting.ca\/images\/reviews\/betonline-logo.png","contentUrl":"https:\/\/staging.betting.ca\/images\/reviews\/betonline-logo.png"},{"@type":"BreadcrumbList","@id":"https:\/\/staging.betting.ca\/fr\/saskatchewan\/#breadcrumb","itemListElement":[{"@type":"ListItem","position":1,"name":"Home","item":"https:\/\/staging.betting.ca\/fr\/"},{"@type":"ListItem","position":2,"name":"Saskatchewan"}]},{"@type":"WebSite","@id":"https:\/\/staging.betting.ca\/fr\/#website","url":"https:\/\/staging.betting.ca\/fr\/","name":"Staging Betting.ca FR","description":"","potentialAction":[{"@type":"SearchAction","target":{"@type":"EntryPoint","urlTemplate":"https:\/\/staging.betting.ca\/fr\/?s={search_term_string}"},"query-input":{"@type":"PropertyValueSpecification","valueRequired":true,"valueName":"search_term_string"}}],"inLanguage":"fr-CA"}]}},"_links":{"self":[{"href":"https:\/\/staging.betting.ca\/fr\/wp-json\/wp\/v2\/pages\/89","targetHints":{"allow":["GET"]}}],"collection":[{"href":"https:\/\/staging.betting.ca\/fr\/wp-json\/wp\/v2\/pages"}],"about":[{"href":"https:\/\/staging.betting.ca\/fr\/wp-json\/wp\/v2\/types\/page"}],"author":[{"embeddable":true,"href":"https:\/\/staging.betting.ca\/fr\/wp-json\/wp\/v2\/users\/2"}],"replies":[{"embeddable":true,"href":"https:\/\/staging.betting.ca\/fr\/wp-json\/wp\/v2\/comments?post=89"}],"version-history":[{"count":0,"href":"https:\/\/staging.betting.ca\/fr\/wp-json\/wp\/v2\/pages\/89\/revisions"}],"wp:attachment":[{"href":"https:\/\/staging.betting.ca\/fr\/wp-json\/wp\/v2\/media?parent=89"}],"curies":[{"name":"wp","href":"https:\/\/api.w.org\/{rel}","templated":true}]}}