{"id":87,"date":"2019-05-20T15:38:05","date_gmt":"2019-05-20T15:38:05","guid":{"rendered":"https:\/\/www.betting.ca\/fr\/?page_id=87"},"modified":"2019-05-20T15:38:05","modified_gmt":"2019-05-20T15:38:05","slug":"quebec","status":"publish","type":"page","link":"https:\/\/staging.betting.ca\/fr\/quebec\/","title":{"rendered":"Qu\u00e9bec"},"content":{"rendered":"<p><img decoding=\"async\" src=\"https:\/\/www.betting.ca\/wp-content\/uploads\/2017\/04\/quebec-sports-betting.jpg\" alt=\"Top Canadian Sports Betting Sites For Quebec\" width=\"300\" class=\"alignright size-full wp-image-751\" \/>La partie Est du pays est la province de la population du <a href=\"https:\/\/www.quebecoriginal.com\">Qu\u00e9bec<\/a>, la seule province canadienne o\u00f9 le fran\u00e7ais est la langue officielle. Cette province a des fronti\u00e8res avec 4 \u00e9tats am\u00e9ricains tels que <strong>le Maine, le New Hampshire, le Vermont et New York <\/strong> au sud, ainsi que 3 provinces canadiennes telles que le Nouveau-Brunswick, l&rsquo;Ontario et Terre-Neuve et Labrador. Il partage \u00e9galement des fronti\u00e8res maritimes avec la Nouvelle-\u00c9cosse et l&rsquo;\u00cele-du-Prince-\u00c9douard.<\/p>\n<p>Le Qu\u00e9bec est la deuxi\u00e8me plus grande province du Canada par sa population, mais la plus grande province en superficie. Dans le cadre de jeux et paris, les gens du Qu\u00e9bec sont consid\u00e9r\u00e9s comme des pionniers. De plus, le Qu\u00e9bec est le domicile de l&rsquo;une \u00e9quipe de la LNH, les <a href=\"https:\/\/www.nhl.com\/canadiens\">Canadiens de Montr\u00e9al<\/a>, ainsi qu&rsquo;une \u00e9quipe de la LCF, tels que les <a href=\"https:\/\/www.montrealalouettes.com\">Alouettes de Montr\u00e9al<\/a> et une \u00e9quipe de la MLS, tels que l&rsquo;<a href=\"http:\/\/www.impactmontreal.com\/fr\/\">Impact de Montr\u00e9al<\/a>.<\/p>\n<h2 id=\"sites-de-paris-sportifs-canadiens-recommandes-au-quebec\">Sites de paris sportifs canadiens recommand\u00e9s au Qu\u00e9bec<\/h2>\n<div id=\"ca-sportsbooks\">\n<div class=\"sb-grid\">\n<div class=\"sb-card sb-card--red\">\n<div class=\"sb-card__header\">\n<span class=\"sb-rank\">#1<\/span>\n<div class=\"sb-stars\"><span class=\"sb-star\">&#9733;<\/span><span class=\"sb-star\">&#9733;<\/span><span class=\"sb-star\">&#9733;<\/span><span class=\"sb-star\">&#9733;<\/span><span class=\"sb-star\">&#9733;<\/span><\/div>\n<\/div>\n<a class=\"sb-logo\" href=\"https:\/\/staging.betting.ca\/fr\/revue\/betway\/\" >\n<img decoding=\"async\" src=\"https:\/\/staging.betting.ca\/images\/reviews\/betway-logo.png\" alt=\"Betway\">\n<\/a>\n<p class=\"sb-bonus\">2000 CAD<\/p>\n<a href=\"\/go\/betway\" class=\"sb-cta\">Get Bonus<\/a>\n<a href=\"https:\/\/staging.betting.ca\/fr\/revue\/betway\/\" class=\"sb-review\">Read Review<\/a>\n<\/div>\n<div class=\"sb-card sb-card--blue\">\n<div class=\"sb-card__header\">\n<span class=\"sb-rank\">#2<\/span>\n<div class=\"sb-stars\"><span class=\"sb-star\">&#9733;<\/span><span class=\"sb-star\">&#9733;<\/span><span class=\"sb-star\">&#9733;<\/span><span class=\"sb-star\">&#9733;<\/span><span class=\"sb-star sb-star--half\">&#9733;<\/span><\/div>\n<\/div>\n<a class=\"sb-logo\" href=\"https:\/\/staging.betting.ca\/fr\/revue\/sports-interaction\/\" >\n<img decoding=\"async\" src=\"https:\/\/staging.betting.ca\/images\/reviews\/sports-interaction-logo.png\" alt=\"Sports Interaction\">\n<\/a>\n<p class=\"sb-bonus\">CAD 125<\/p>\n<a href=\"\/go\/sports-interaction\" class=\"sb-cta\">Get Bonus<\/a>\n<a href=\"https:\/\/staging.betting.ca\/fr\/revue\/sports-interaction\/\" class=\"sb-review\">Read Review<\/a>\n<\/div>\n<div class=\"sb-card sb-card--orange\">\n<div class=\"sb-card__header\">\n<span class=\"sb-rank\">#3<\/span>\n<div class=\"sb-stars\"><span class=\"sb-star\">&#9733;<\/span><span class=\"sb-star\">&#9733;<\/span><span class=\"sb-star\">&#9733;<\/span><span class=\"sb-star\">&#9733;<\/span><span class=\"sb-star sb-star--half\">&#9733;<\/span><\/div>\n<\/div>\n<a class=\"sb-logo\" href=\"https:\/\/staging.betting.ca\/fr\/revue\/bet365\/\" >\n<img decoding=\"async\" src=\"https:\/\/staging.betting.ca\/images\/reviews\/bet365-logo.png\" alt=\"Bet365\">\n<\/a>\n<p class=\"sb-bonus\">CAD 200<\/p>\n<a href=\"\/go\/bet365\" class=\"sb-cta\">Get Bonus<\/a>\n<a href=\"https:\/\/staging.betting.ca\/fr\/revue\/bet365\/\" class=\"sb-review\">Read Review<\/a>\n<\/div>\n<div class=\"sb-card sb-card--green\">\n<div class=\"sb-card__header\">\n<span class=\"sb-rank\">#4<\/span>\n<div class=\"sb-stars\"><span class=\"sb-star\">&#9733;<\/span><span class=\"sb-star\">&#9733;<\/span><span class=\"sb-star\">&#9733;<\/span><span class=\"sb-star\">&#9733;<\/span><span class=\"sb-star sb-star--half\">&#9733;<\/span><\/div>\n<\/div>\n<a class=\"sb-logo\" href=\"https:\/\/staging.betting.ca\/fr\/revue\/spin-sports\/\" >\n<img decoding=\"async\" src=\"https:\/\/staging.betting.ca\/images\/reviews\/spin-sports-logo.png\" alt=\"Spin Sports\">\n<\/a>\n<p class=\"sb-bonus\">CAD 200<\/p>\n<a href=\"\/go\/spin-sports\" class=\"sb-cta\">Get Bonus<\/a>\n<a href=\"https:\/\/staging.betting.ca\/fr\/revue\/spin-sports\/\" class=\"sb-review\">Read Review<\/a>\n<\/div>\n<div class=\"sb-card sb-card--red\">\n<div class=\"sb-card__header\">\n<span class=\"sb-rank\">#5<\/span>\n<div class=\"sb-stars\"><span class=\"sb-star\">&#9733;<\/span><span class=\"sb-star\">&#9733;<\/span><span class=\"sb-star\">&#9733;<\/span><span class=\"sb-star\">&#9733;<\/span><span class=\"sb-star sb-star--half\">&#9733;<\/span><\/div>\n<\/div>\n<a class=\"sb-logo\" href=\"https:\/\/staging.betting.ca\/fr\/revue\/bodog\/\" >\n<img decoding=\"async\" src=\"https:\/\/staging.betting.ca\/images\/reviews\/bodog-logo.png\" alt=\"Bodog\">\n<\/a>\n<p class=\"sb-bonus\">CAD 200<\/p>\n<a href=\"\/go\/bodog\" class=\"sb-cta\">Get Bonus<\/a>\n<a href=\"https:\/\/staging.betting.ca\/fr\/revue\/bodog\/\" class=\"sb-review\">Read Review<\/a>\n<\/div>\n<div class=\"sb-card sb-card--blue\">\n<div class=\"sb-card__header\">\n<span class=\"sb-rank\">#6<\/span>\n<div class=\"sb-stars\"><span class=\"sb-star\">&#9733;<\/span><span class=\"sb-star\">&#9733;<\/span><span class=\"sb-star\">&#9733;<\/span><span class=\"sb-star sb-star--half\">&#9733;<\/span><span class=\"sb-star sb-star--empty\">&#9733;<\/span><\/div>\n<\/div>\n<a class=\"sb-logo\" href=\"https:\/\/staging.betting.ca\/fr\/revue\/betonline\/\" >\n<img decoding=\"async\" src=\"https:\/\/staging.betting.ca\/images\/reviews\/betonline-logo.png\" alt=\"BetOnline\">\n<\/a>\n<p class=\"sb-bonus\">CAD 2500<\/p>\n<a href=\"\/go\/betonline\" class=\"sb-cta\">Get Bonus<\/a>\n<a href=\"https:\/\/staging.betting.ca\/fr\/revue\/betonline\/\" class=\"sb-review\">Read Review<\/a>\n<\/div>\n<\/div><\/div>\n<h2 id=\"paris-sportifs-au-quebec\"><strong>Paris sportifs au Qu\u00e9bec<\/strong><\/h2>\nRelativement parlant, les Qu\u00e9b\u00e9cois ont les meilleures options de paris sportifs. Parier sur le sport est l\u00e9gal, et l&rsquo;ensemble de l&rsquo;op\u00e9ration est g\u00e9r\u00e9e par une soci\u00e9t\u00e9, <a href=\"http:\/\/portail.lotoquebec.com\/\">Loto-Quebec<\/a>. Contrairement aux autres provinces, ici les jeux de paris sportifs sont connus sous un nom diff\u00e9rent, <strong>Mise-O-Jeu<\/strong>. Semblable \u00e0 la Proline, vous pouvez trouver des informations sur les options de paris sur le site officiel, ou par l&rsquo;interm\u00e9diaire de d\u00e9panneurs locaux et autres boutiques o\u00f9 vous pouvez aussi faire des paris.<\/p>\n<p>However, <a href=\"https:\/\/miseojeu.lotoquebec.com\/fr\/accueil\">Mise-O-Jeu<\/a> souffre des m\u00eames probl\u00e8mes que les jeux de la Proline. Par exemple, aucune mise sur des jeux uniques n\u2019est autoris\u00e9e conform\u00e9ment aux lois du Canada. La seule fa\u00e7on de parier est de faire une mise d&rsquo;au moins deux s\u00e9lections, mais pas plus de huit. Et, avant de pouvoir vous engager dans les paris sportifs, vous devrez fournir la preuve que vous \u00eates un r\u00e9sident du Qu\u00e9bec, et que vous avez l&rsquo;\u00e2ge l\u00e9gal pour jouer.<\/p>\n<p>L&rsquo;un des avantages de Mise-O-Jeu, est que les gens peuvent faire des paiements en ligne pour leurs paris. Mais, l&rsquo;un des plus gros inconv\u00e9nients avec lesquels toutes les options de paris sportifs au Canada sont aux prises est les faibles cotes. \u00c9tant donn\u00e9 que toutes les op\u00e9rations de paris sont une sorte de monopole dans toute la province ainsi qu&rsquo;au Qu\u00e9bec, les cotes sont tr\u00e8s mauvaises partout. Comparativement aux paris en ligne sur des sites de paris sportifs \u00e0 l\u2019\u00e9tranger, c&rsquo;est autant que 21 cents pour chaque dollar mis\u00e9 ou pire encore.<\/p>\n<p>N\u00e9anmoins, si vous comprenez cela, vous pouvez parier sur ce qui suit: <strong>course automobile, <a href=\"https:\/\/www.betting.ca\/fr\/paris-golf\">golf<\/a>, <a href=\"https:\/\/www.betting.ca\/fr\/paris-boxe\">boxe<\/a> or <a href=\"https:\/\/www.betting.ca\/fr\/paris-mma\">MMA<\/a>, <a href=\"https:\/\/www.betting.ca\/fr\/paris-tennis\">tennis<\/a>, <a href=\"https:\/\/www.betting.ca\/fr\/paris-basketball\">basketball<\/a>, <a href=\"https:\/\/www.betting.ca\/fr\/paris-baseball\">baseball<\/a>, <a href=\"https:\/\/www.betting.ca\/fr\/paris-football-americain\">football<\/a>, <a href=\"https:\/\/www.betting.ca\/fr\/paris-hockey\">hockey<\/a> et <a href=\"https:\/\/www.betting.ca\/fr\/paris-football\">soccer<\/a><\/strong>. Pour ces sports, vous disposez des types de paris suivants:<\/p>\n<ul>\n<li><strong>Vainqueur de match 2-options<\/strong> &#8211; Vous devez faire une pr\u00e9diction de l\u2019\u00e9quipe qui va gagner, mais vous ne pouvez pas faire une pr\u00e9diction de match nul.<\/li>\n<li><strong>Vainqueur de match 3-options<\/strong> &#8211; M\u00eame chose que le vainqueur de match 2-options, sauf que vous avez \u00e9galement la possibilit\u00e9 de parier sur un match nul.<\/li>\n<li><strong>Vainqueur de match avec \u00e9cart de points<\/strong> &#8211; Choisir le gagnant du match en tenant compte de l\u2019\u00e9cart de points. Cela signifie que vous pouvez toujours perdre si vous manquez l&rsquo;\u00e9cart de points malgr\u00e9 le fait que votre \u00e9quipe a gagn\u00e9.<\/li>\n<li><strong>Total<\/strong> &#8211; C&rsquo;est en fait une option de pari au-dessus\/en-dessous, o\u00f9 vous avez \u00e0 pr\u00e9dire si le score final sera sup\u00e9rieur ou inf\u00e9rieur \u00e0 un nombre sugg\u00e9r\u00e9.<\/li>\n<li><strong>Joueurs de l&rsquo;\u00e9quipe adverse<\/strong> &#8211; Avec ce type de pari, vous devez choisir deux joueurs dont les performances seront compar\u00e9es face-\u00e0-face, et l&rsquo;objectif est de parier sur le joueur qui, selon vous, sera plus performant.<\/li>\n<li><strong>Pr\u00e9dictions<\/strong> &#8211; Ici, une cagnotte et un tableau de classement sont impliqu\u00e9s. Alors que vous effectuez des choix avec succ\u00e8s, vous obtenez des points, et avancez dans le classement. Lorsque la comp\u00e9tition prend fin, les positions finales d\u00e9terminent si vous avez une partie de la cagnotte.<\/li>\n<\/ul>\n<h2 id=\"loi-sur-le-jeu-au-quebec\"><strong>Loi sur le jeu au Qu\u00e9bec<\/strong><\/h2>\n<p>D&rsquo;autres formes de jeu sont l\u00e9gales au Qu\u00e9bec en plus des paris sportifs. Par cons\u00e9quent, vous pouvez participer \u00e0 des jeux de casino en salles et des jeux de loterie provinciaux. Toutes les formes de jeu sont r\u00e9glement\u00e9es par un certain nombre de diff\u00e9rentes lois telles que la Loi sur la <strong>Soci\u00e9t\u00e9 des loteries du Qu\u00e9bec<\/strong>, la Loi sur les loteries, les concours publicitaires et les appareils d\u2019amusement et la Loi sur les courses.<\/p>\n<p>Le gens du Qu\u00e9bec peuvent m\u00eame parier en ligne sur les sites de paris sportifs \u00e0 l\u2019\u00e9tranger o\u00f9 les options sont plus g\u00e9n\u00e9reuses et les chances sont plus favorables. Ils ne sont pas harcel\u00e9s pour parier en ligne, m\u00eame si l&rsquo;actualit\u00e9 r\u00e9cente du gouvernement sont que des tentatives seront faites pour bloquer l&rsquo;acc\u00e8s Internet \u00e0 ces sites Web.<\/p>\n<h2 id=\"les-autorites-de-delivrance-des-permis-au-quebec\"><strong>Les autorit\u00e9s de d\u00e9livrance des permis au Qu\u00e9bec<\/strong><\/h2>\n<p>Toutes les op\u00e9rations de jeux et paris sont supervis\u00e9es par la <strong>R\u00e9gie des alcools, des courses et des jeux<\/strong>. Cette R\u00e9gie a \u00e9t\u00e9 cr\u00e9\u00e9e en 1993 dans le but de superviser et d&rsquo;appliquer la l\u00e9gislation sur les jeux. Sa responsabilit\u00e9 est de certifier les appareils de jeux et de s&rsquo;assurer que les paiements annonc\u00e9s sont en ligne avec les taux r\u00e9els.<\/p>\n<h2 id=\"population-du-quebec\"><strong>Population du Qu\u00e9bec<\/strong><\/h2>\n<p>Apr\u00e8s l&rsquo;Ontario, le Qu\u00e9bec compte la plus importante population avec 8 millions d\u2019habitants et un taux de f\u00e9condit\u00e9 plus \u00e9lev\u00e9 que toute autre province canadienne. Contrairement aux autres r\u00e9gions du pays, le groupe ethnique anglophone est une petite minorit\u00e9 au Qu\u00e9bec. Seulement 3,3 % des habitants sont anglophones. M\u00eame les groupes italiens et irlandais sont plus grands que les anglophones. La majorit\u00e9 au Qu\u00e9bec sont les Canadiens et repr\u00e9sentent 60  % de la population. Avec 29 % les francophones sont le deuxi\u00e8me plus grand groupe ethnique.<\/p>\n<h2 id=\"sites-de-pari-hors-ligne-au-quebec\"><strong>Sites de pari hors ligne au Qu\u00e9bec<\/strong><\/h2>\n<p>Les quatre principaux casinos sur sites comme le <strong><a href=\"http:\/\/casinos.lotoquebec.com\/fr\/charlevoix\/home\">Casino de Charlevoix<\/a>, <a href=\"http:\/\/casinos.lotoquebec.com\/fr\/monttremblant\/home\">Casino de Mont-Tremblant<\/a>, <a href=\"http:\/\/casinos.lotoquebec.com\/fr\/lacleamy\/home\">Casino du Lac-Leamy<\/a> \u00e0 Gatineau et <a href=\"http:\/\/casinos.lotoquebec.com\/fr\/montreal\/home\">Casino du Montreal<\/a><\/strong> sont exploit\u00e9s par Loto-Qu\u00e9bec. En outre, il y a plus de 11 000 TLV dans toute la province dans les bars et autres commerces. Ils sont connus sous le nom de machines de vid\u00e9o poker. Les gens du Qu\u00e9bec peuvent \u00e9galement jouer \u00e0 des jeux de poker contre de vrais joueurs dans les salles de poker dans les casinos physiques.<\/p>\n<h2 id=\"conclusion\"><strong>Conclusion<\/strong><\/h2>\n<p>La seule province francophone au Canada a probablement le meilleur assortiment d&rsquo;options de paris. La communaut\u00e9 de pari sportif est en plein essor, et les r\u00e9sidents ont la libert\u00e9 de choisir s&rsquo;ils veulent faire des paris par le biais de Mise-O-Jeu ou en ligne sur les sites \u00e0 l\u2019\u00e9tranger. Peu importe ce dont vous avez besoin, vous \u00eates couvert au Qu\u00e9bec<\/p>\n","protected":false},"excerpt":{"rendered":"La partie Est du pays est la province de la population du Qu\u00e9bec, la seule province canadienne o\u00f9 le fran\u00e7ais est la langue officielle. Cette province a des fronti\u00e8res avec 4 \u00e9tats am\u00e9ricains tels que le Maine, le New Hampshire, le Vermont et New York au sud, ainsi que 3 provinces canadiennes telles que le [&hellip;]","protected":false},"author":2,"featured_media":0,"parent":0,"menu_order":0,"comment_status":"closed","ping_status":"closed","template":"","meta":{"footnotes":""},"class_list":["post-87","page","type-page","status-publish","hentry"],"acf":[],"yoast_head":"<!-- This site is optimized with the Yoast SEO plugin v27.1.1 - https:\/\/yoast.com\/product\/yoast-seo-wordpress\/ -->\n<title>Paris sportifs au Qu\u00e9bec - les meilleures options de paris au Qu\u00e9bec<\/title>\n<meta name=\"description\" content=\"Le Qu\u00e9bec est la seule province francophone du Canada, mais aussi la province qui offre les meilleures options de jeux et paris de toutes les provinces.\" \/>\n<meta name=\"robots\" content=\"index, follow, max-snippet:-1, max-image-preview:large, max-video-preview:-1\" \/>\n<link rel=\"canonical\" href=\"https:\/\/staging.betting.ca\/fr\/quebec\/\" \/>\n<meta property=\"og:locale\" content=\"fr_CA\" \/>\n<meta property=\"og:type\" content=\"article\" \/>\n<meta property=\"og:title\" content=\"Paris sportifs au Qu\u00e9bec - les meilleures options de paris au Qu\u00e9bec\" \/>\n<meta property=\"og:description\" content=\"Le Qu\u00e9bec est la seule province francophone du Canada, mais aussi la province qui offre les meilleures options de jeux et paris de toutes les provinces.\" \/>\n<meta property=\"og:url\" content=\"https:\/\/staging.betting.ca\/fr\/quebec\/\" \/>\n<meta property=\"og:site_name\" content=\"Staging Betting.ca FR\" \/>\n<meta property=\"og:image\" content=\"https:\/\/staging.betting.ca\/images\/reviews\/betonline-logo.png\" \/>\n<meta name=\"twitter:card\" content=\"summary_large_image\" \/>\n<meta name=\"twitter:label1\" content=\"Estimation du temps de lecture\" \/>\n\t<meta name=\"twitter:data1\" content=\"6 minutes\" \/>\n<script type=\"application\/ld+json\" class=\"yoast-schema-graph\">{\"@context\":\"https:\/\/schema.org\",\"@graph\":[{\"@type\":\"WebPage\",\"@id\":\"https:\/\/staging.betting.ca\/fr\/quebec\/\",\"url\":\"https:\/\/staging.betting.ca\/fr\/quebec\/\",\"name\":\"Paris sportifs au Qu\u00e9bec - les meilleures options de paris au Qu\u00e9bec\",\"isPartOf\":{\"@id\":\"https:\/\/staging.betting.ca\/fr\/#website\"},\"primaryImageOfPage\":{\"@id\":\"https:\/\/staging.betting.ca\/fr\/quebec\/#primaryimage\"},\"image\":{\"@id\":\"https:\/\/staging.betting.ca\/fr\/quebec\/#primaryimage\"},\"thumbnailUrl\":\"https:\/\/www.betting.ca\/wp-content\/uploads\/2017\/04\/quebec-sports-betting.jpg\",\"datePublished\":\"2019-05-20T15:38:05+00:00\",\"description\":\"Le Qu\u00e9bec est la seule province francophone du Canada, mais aussi la province qui offre les meilleures options de jeux et paris de toutes les provinces.\",\"breadcrumb\":{\"@id\":\"https:\/\/staging.betting.ca\/fr\/quebec\/#breadcrumb\"},\"inLanguage\":\"fr-CA\",\"potentialAction\":[{\"@type\":\"ReadAction\",\"target\":[\"https:\/\/staging.betting.ca\/fr\/quebec\/\"]}]},{\"@type\":\"ImageObject\",\"inLanguage\":\"fr-CA\",\"@id\":\"https:\/\/staging.betting.ca\/fr\/quebec\/#primaryimage\",\"url\":\"https:\/\/staging.betting.ca\/images\/reviews\/betonline-logo.png\",\"contentUrl\":\"https:\/\/staging.betting.ca\/images\/reviews\/betonline-logo.png\"},{\"@type\":\"BreadcrumbList\",\"@id\":\"https:\/\/staging.betting.ca\/fr\/quebec\/#breadcrumb\",\"itemListElement\":[{\"@type\":\"ListItem\",\"position\":1,\"name\":\"Home\",\"item\":\"https:\/\/staging.betting.ca\/fr\/\"},{\"@type\":\"ListItem\",\"position\":2,\"name\":\"Qu\u00e9bec\"}]},{\"@type\":\"WebSite\",\"@id\":\"https:\/\/staging.betting.ca\/fr\/#website\",\"url\":\"https:\/\/staging.betting.ca\/fr\/\",\"name\":\"Staging Betting.ca FR\",\"description\":\"\",\"potentialAction\":[{\"@type\":\"SearchAction\",\"target\":{\"@type\":\"EntryPoint\",\"urlTemplate\":\"https:\/\/staging.betting.ca\/fr\/?s={search_term_string}\"},\"query-input\":{\"@type\":\"PropertyValueSpecification\",\"valueRequired\":true,\"valueName\":\"search_term_string\"}}],\"inLanguage\":\"fr-CA\"}]}<\/script>\n<!-- \/ Yoast SEO plugin. -->","yoast_head_json":{"title":"Paris sportifs au Qu\u00e9bec - les meilleures options de paris au Qu\u00e9bec","description":"Le Qu\u00e9bec est la seule province francophone du Canada, mais aussi la province qui offre les meilleures options de jeux et paris de toutes les provinces.","robots":{"index":"index","follow":"follow","max-snippet":"max-snippet:-1","max-image-preview":"max-image-preview:large","max-video-preview":"max-video-preview:-1"},"canonical":"https:\/\/staging.betting.ca\/fr\/quebec\/","og_locale":"fr_CA","og_type":"article","og_title":"Paris sportifs au Qu\u00e9bec - les meilleures options de paris au Qu\u00e9bec","og_description":"Le Qu\u00e9bec est la seule province francophone du Canada, mais aussi la province qui offre les meilleures options de jeux et paris de toutes les provinces.","og_url":"https:\/\/staging.betting.ca\/fr\/quebec\/","og_site_name":"Staging Betting.ca FR","og_image":[{"url":"https:\/\/staging.betting.ca\/images\/reviews\/betonline-logo.png","type":"","width":"","height":""}],"twitter_card":"summary_large_image","twitter_misc":{"Estimation du temps de lecture":"6 minutes"},"schema":{"@context":"https:\/\/schema.org","@graph":[{"@type":"WebPage","@id":"https:\/\/staging.betting.ca\/fr\/quebec\/","url":"https:\/\/staging.betting.ca\/fr\/quebec\/","name":"Paris sportifs au Qu\u00e9bec - les meilleures options de paris au Qu\u00e9bec","isPartOf":{"@id":"https:\/\/staging.betting.ca\/fr\/#website"},"primaryImageOfPage":{"@id":"https:\/\/staging.betting.ca\/fr\/quebec\/#primaryimage"},"image":{"@id":"https:\/\/staging.betting.ca\/fr\/quebec\/#primaryimage"},"thumbnailUrl":"https:\/\/www.betting.ca\/wp-content\/uploads\/2017\/04\/quebec-sports-betting.jpg","datePublished":"2019-05-20T15:38:05+00:00","description":"Le Qu\u00e9bec est la seule province francophone du Canada, mais aussi la province qui offre les meilleures options de jeux et paris de toutes les provinces.","breadcrumb":{"@id":"https:\/\/staging.betting.ca\/fr\/quebec\/#breadcrumb"},"inLanguage":"fr-CA","potentialAction":[{"@type":"ReadAction","target":["https:\/\/staging.betting.ca\/fr\/quebec\/"]}]},{"@type":"ImageObject","inLanguage":"fr-CA","@id":"https:\/\/staging.betting.ca\/fr\/quebec\/#primaryimage","url":"https:\/\/staging.betting.ca\/images\/reviews\/betonline-logo.png","contentUrl":"https:\/\/staging.betting.ca\/images\/reviews\/betonline-logo.png"},{"@type":"BreadcrumbList","@id":"https:\/\/staging.betting.ca\/fr\/quebec\/#breadcrumb","itemListElement":[{"@type":"ListItem","position":1,"name":"Home","item":"https:\/\/staging.betting.ca\/fr\/"},{"@type":"ListItem","position":2,"name":"Qu\u00e9bec"}]},{"@type":"WebSite","@id":"https:\/\/staging.betting.ca\/fr\/#website","url":"https:\/\/staging.betting.ca\/fr\/","name":"Staging Betting.ca FR","description":"","potentialAction":[{"@type":"SearchAction","target":{"@type":"EntryPoint","urlTemplate":"https:\/\/staging.betting.ca\/fr\/?s={search_term_string}"},"query-input":{"@type":"PropertyValueSpecification","valueRequired":true,"valueName":"search_term_string"}}],"inLanguage":"fr-CA"}]}},"_links":{"self":[{"href":"https:\/\/staging.betting.ca\/fr\/wp-json\/wp\/v2\/pages\/87","targetHints":{"allow":["GET"]}}],"collection":[{"href":"https:\/\/staging.betting.ca\/fr\/wp-json\/wp\/v2\/pages"}],"about":[{"href":"https:\/\/staging.betting.ca\/fr\/wp-json\/wp\/v2\/types\/page"}],"author":[{"embeddable":true,"href":"https:\/\/staging.betting.ca\/fr\/wp-json\/wp\/v2\/users\/2"}],"replies":[{"embeddable":true,"href":"https:\/\/staging.betting.ca\/fr\/wp-json\/wp\/v2\/comments?post=87"}],"version-history":[{"count":0,"href":"https:\/\/staging.betting.ca\/fr\/wp-json\/wp\/v2\/pages\/87\/revisions"}],"wp:attachment":[{"href":"https:\/\/staging.betting.ca\/fr\/wp-json\/wp\/v2\/media?parent=87"}],"curies":[{"name":"wp","href":"https:\/\/api.w.org\/{rel}","templated":true}]}}