{"id":86,"date":"2019-06-03T16:25:54","date_gmt":"2019-06-03T16:25:54","guid":{"rendered":"https:\/\/www.betting.ca\/fr\/?page_id=86"},"modified":"2019-06-03T16:25:54","modified_gmt":"2019-06-03T16:25:54","slug":"territoires-du-nord-ouest","status":"publish","type":"page","link":"https:\/\/staging.betting.ca\/fr\/territoires-du-nord-ouest\/","title":{"rendered":"Territoires du Nord-Ouest"},"content":{"rendered":"<p><img decoding=\"async\" src=\"https:\/\/www.betting.ca\/wp-content\/uploads\/2017\/04\/northwest-territories-sports-betting.jpg\" alt=\"Meilleurs sites de paris sportifs canadiens pour les Territoires du Nord-Ouest\" width=\"300\" class=\"alignright size-full wp-image-743\" \/>Les <a href=\"http:\/\/tnospectaculaire.com\">Territoires du Nord-Ouest<\/a> est la troisi\u00e8me plus grande superficie au Canada, et le domicile des plus grands amoureux du <a href=\"https:\/\/www.betting.ca\/fr\/paris-hockey\">hockey<\/a> canadien. En d\u00e9pit de l&rsquo;immense continent et de quelques petites \u00eeles de l&rsquo;oc\u00e9an Arctique \u00e9tant peu peupl\u00e9es et vides d&rsquo;\u00e9quipes de sport professionnel, il existe, apr\u00e8s tout, les personnes int\u00e9ress\u00e9es par les paris sportifs. Ils y voient un peu de divertissement hors de leur p\u00eache quotidienne, des emplois d&rsquo;exploitation foresti\u00e8re et mini\u00e8re, qui sont les industries primaires.<\/p>\n<p>Et pourquoi ne pas parier sur les sports. C&rsquo;est l\u00e9gal et public comme dans les autres provinces canadiennes. Ainsi, dans ce qui suit, nous allons expliquer les produits de paris sportifs disponibles pour les citoyens de cette r\u00e9gion et ce que dit la loi sur les jeux de hasard.<\/p>\n<h2 id=\"sites-de-paris-dans-les-territoires-du-nord-ouest\">Sites de paris dans les Territoires du Nord-Ouest<\/h2>\n<div id=\"ca-sportsbooks\">\n<div class=\"sb-grid\">\n<div class=\"sb-card sb-card--red\">\n<div class=\"sb-card__header\">\n<span class=\"sb-rank\">#1<\/span>\n<div class=\"sb-stars\"><span class=\"sb-star\">&#9733;<\/span><span class=\"sb-star\">&#9733;<\/span><span class=\"sb-star\">&#9733;<\/span><span class=\"sb-star\">&#9733;<\/span><span class=\"sb-star\">&#9733;<\/span><\/div>\n<\/div>\n<a class=\"sb-logo\" href=\"https:\/\/staging.betting.ca\/fr\/revue\/betway\/\" >\n<img decoding=\"async\" src=\"https:\/\/staging.betting.ca\/images\/reviews\/betway-logo.png\" alt=\"Betway\">\n<\/a>\n<p class=\"sb-bonus\">2000 CAD<\/p>\n<a href=\"\/go\/betway\" class=\"sb-cta\">Get Bonus<\/a>\n<a href=\"https:\/\/staging.betting.ca\/fr\/revue\/betway\/\" class=\"sb-review\">Read Review<\/a>\n<\/div>\n<div class=\"sb-card sb-card--blue\">\n<div class=\"sb-card__header\">\n<span class=\"sb-rank\">#2<\/span>\n<div class=\"sb-stars\"><span class=\"sb-star\">&#9733;<\/span><span class=\"sb-star\">&#9733;<\/span><span class=\"sb-star\">&#9733;<\/span><span class=\"sb-star\">&#9733;<\/span><span class=\"sb-star sb-star--half\">&#9733;<\/span><\/div>\n<\/div>\n<a class=\"sb-logo\" href=\"https:\/\/staging.betting.ca\/fr\/revue\/sports-interaction\/\" >\n<img decoding=\"async\" src=\"https:\/\/staging.betting.ca\/images\/reviews\/sports-interaction-logo.png\" alt=\"Sports Interaction\">\n<\/a>\n<p class=\"sb-bonus\">CAD 125<\/p>\n<a href=\"\/go\/sports-interaction\" class=\"sb-cta\">Get Bonus<\/a>\n<a href=\"https:\/\/staging.betting.ca\/fr\/revue\/sports-interaction\/\" class=\"sb-review\">Read Review<\/a>\n<\/div>\n<div class=\"sb-card sb-card--orange\">\n<div class=\"sb-card__header\">\n<span class=\"sb-rank\">#3<\/span>\n<div class=\"sb-stars\"><span class=\"sb-star\">&#9733;<\/span><span class=\"sb-star\">&#9733;<\/span><span class=\"sb-star\">&#9733;<\/span><span class=\"sb-star\">&#9733;<\/span><span class=\"sb-star sb-star--half\">&#9733;<\/span><\/div>\n<\/div>\n<a class=\"sb-logo\" href=\"https:\/\/staging.betting.ca\/fr\/revue\/bet365\/\" >\n<img decoding=\"async\" src=\"https:\/\/staging.betting.ca\/images\/reviews\/bet365-logo.png\" alt=\"Bet365\">\n<\/a>\n<p class=\"sb-bonus\">CAD 200<\/p>\n<a href=\"\/go\/bet365\" class=\"sb-cta\">Get Bonus<\/a>\n<a href=\"https:\/\/staging.betting.ca\/fr\/revue\/bet365\/\" class=\"sb-review\">Read Review<\/a>\n<\/div>\n<div class=\"sb-card sb-card--green\">\n<div class=\"sb-card__header\">\n<span class=\"sb-rank\">#4<\/span>\n<div class=\"sb-stars\"><span class=\"sb-star\">&#9733;<\/span><span class=\"sb-star\">&#9733;<\/span><span class=\"sb-star\">&#9733;<\/span><span class=\"sb-star\">&#9733;<\/span><span class=\"sb-star sb-star--half\">&#9733;<\/span><\/div>\n<\/div>\n<a class=\"sb-logo\" href=\"https:\/\/staging.betting.ca\/fr\/revue\/spin-sports\/\" >\n<img decoding=\"async\" src=\"https:\/\/staging.betting.ca\/images\/reviews\/spin-sports-logo.png\" alt=\"Spin Sports\">\n<\/a>\n<p class=\"sb-bonus\">CAD 200<\/p>\n<a href=\"\/go\/spin-sports\" class=\"sb-cta\">Get Bonus<\/a>\n<a href=\"https:\/\/staging.betting.ca\/fr\/revue\/spin-sports\/\" class=\"sb-review\">Read Review<\/a>\n<\/div>\n<div class=\"sb-card sb-card--red\">\n<div class=\"sb-card__header\">\n<span class=\"sb-rank\">#5<\/span>\n<div class=\"sb-stars\"><span class=\"sb-star\">&#9733;<\/span><span class=\"sb-star\">&#9733;<\/span><span class=\"sb-star\">&#9733;<\/span><span class=\"sb-star\">&#9733;<\/span><span class=\"sb-star sb-star--half\">&#9733;<\/span><\/div>\n<\/div>\n<a class=\"sb-logo\" href=\"https:\/\/staging.betting.ca\/fr\/revue\/bodog\/\" >\n<img decoding=\"async\" src=\"https:\/\/staging.betting.ca\/images\/reviews\/bodog-logo.png\" alt=\"Bodog\">\n<\/a>\n<p class=\"sb-bonus\">CAD 200<\/p>\n<a href=\"\/go\/bodog\" class=\"sb-cta\">Get Bonus<\/a>\n<a href=\"https:\/\/staging.betting.ca\/fr\/revue\/bodog\/\" class=\"sb-review\">Read Review<\/a>\n<\/div>\n<div class=\"sb-card sb-card--blue\">\n<div class=\"sb-card__header\">\n<span class=\"sb-rank\">#6<\/span>\n<div class=\"sb-stars\"><span class=\"sb-star\">&#9733;<\/span><span class=\"sb-star\">&#9733;<\/span><span class=\"sb-star\">&#9733;<\/span><span class=\"sb-star sb-star--half\">&#9733;<\/span><span class=\"sb-star sb-star--empty\">&#9733;<\/span><\/div>\n<\/div>\n<a class=\"sb-logo\" href=\"https:\/\/staging.betting.ca\/fr\/revue\/betonline\/\" >\n<img decoding=\"async\" src=\"https:\/\/staging.betting.ca\/images\/reviews\/betonline-logo.png\" alt=\"BetOnline\">\n<\/a>\n<p class=\"sb-bonus\">CAD 2500<\/p>\n<a href=\"\/go\/betonline\" class=\"sb-cta\">Get Bonus<\/a>\n<a href=\"https:\/\/staging.betting.ca\/fr\/revue\/betonline\/\" class=\"sb-review\">Read Review<\/a>\n<\/div>\n<\/div><\/div>\n<h2 id=\"sites-de-paris-dans-les-territoires-du-nord-ouest\"><strong>Sites de paris dans les Territoires du Nord-Ouest<\/strong><\/h2>\nToutes les activit\u00e9s de paris sportifs hors ligne passent par les loteries de paris Sport Select loteries, qui sont \u00e9galement offertes au <strong>Yukon, Saskatchewan, Alberta<\/strong> et ailleurs.  Il y a plusieurs jeux de paris sportifs disponibles dans le catalogue Sport Select. Bien qu\u2019ils soient tous bons pour les d\u00e9butants qui commencent avec les paris sportifs et qui ne souhaitent pas parier plus de quelques fois par ann\u00e9e, les parieurs sportifs passionn\u00e9s et plus avanc\u00e9s cherchent habituellement les autres options telles que les sites Web de paris sportifs en ligne.<\/p>\n<p>Les jeux de paris suivants sont disponibles dans les Territoires du Nord-Ouest:<\/p>\n<ul>\n<li><strong>Proline<\/strong>: C&rsquo;est le type le plus populaire des jeux de paris o\u00f9 les joueurs peuvent miser jusqu&rsquo;\u00e0 100\u00a0$ sur un pari progressif ne comptant pas plus de six jeux. Vous pouvez parier sur l&rsquo;\u00e9quipe qui gagne ou sur un match nul.<\/li>\n<li><strong>Over\/Under<\/strong>:Lorsque vous parier sur si le score final sera plus ou moins \u00e9lev\u00e9 que le nombre indiqu\u00e9 sur le billet. Vous pouvez r\u00e9aliser jusqu&rsquo;\u00e0 10 s\u00e9lections sur les billets et miser un maximum de 100\u00a0$.<\/li>\n<li><strong>Point Spread<\/strong>: L&rsquo;un des paris les plus populaires aux \u00c9tats-Unis, o\u00f9 l&rsquo;on prend en consid\u00e9ration un \u00e9cart de points dans le r\u00e9sultat final, qui d\u00e9duit des points du favori ou en ajoute au d\u00e9favoris\u00e9.<\/li>\n<li><strong>Groupes<\/strong>: Celui-l\u00e0 est comme jouer pour un jackpot progressif, o\u00f9 des frais de 5\u00a0$ vous inscriront automatiquement \u00e0 un concours dans lequel les parieurs se font concurrence \u00e0 savoir qui va faire le plus de bonnes pr\u00e9dictions. Il y a un classement et des points sont attribu\u00e9s. Le gagnant remporte la plus grande partie de la cagnotte.<\/li>\n<li><strong>Props<\/strong>: sur les statistiques de deux athl\u00e8tes oppos\u00e9s l\u2019un \u00e0 l\u2019autre. Les mises peuvent aller jusqu&rsquo;\u00e0 100\u00a0$ au maximum.<\/li>\n<li><strong>Double Play<\/strong>: Avec le Double Play, les parieurs peuvent combiner les mises Proline et Over\/Under sur le m\u00eame billet.<\/li>\n<li><strong>Combo Play<\/strong>: Les Combos sont des s\u00e9ries de combinaisons pour le m\u00eame \u00e9v\u00e9nement, o\u00f9 des mises Over\/Under, Point Spread et Proline sont faites.<\/li>\n<\/ul>\n<p>Les gens peuvent acheter des billets pour la loterie de paris sportifs \u00e0 leur d\u00e9panneur, ce qui fait de Sport Select une marque de paris sportifs tr\u00e8s pratique. Mais, en raison des contraintes en termes de limites de mises, de s\u00e9lections, la r\u00e8gle ne permettant pas de jeu unique, et d&rsquo;autres facteurs comme devoir se d\u00e9placer pour acheter un billet, les parieurs s\u00e9rieux ont tendance \u00e0 aller en ligne et rechercher des sites de paris sportifs en ligne \u00e0 l\u2019\u00e9tranger o\u00f9 la majorit\u00e9 des cotes sont sup\u00e9rieures et les options sont plus g\u00e9n\u00e9reuses.<\/p>\n<h2 id=\"loi-sur-le-jeu-dans-les-territoires-du-nord-ouest\"><strong>Loi sur le jeu dans les Territoires du Nord-Ouest<\/strong><\/h2>\n<p>La loi sur le jeu dans les Territoires du Nord-Ouest dit que tous les paris sportifs, les jeux de hasard, le bingo et les loteries sont des activit\u00e9s l\u00e9gales. Ceci est \u00e9galement valide pour les paris sportifs en ligne, m\u00eame si cela n\u2019est mentionn\u00e9 nulle part dans la loi. La logique veut que si les paris sportifs en ligne ne sont pas interdits et qu\u2019ils ne sont mentionn\u00e9s nulle part dans les lois, cela signifie qu&rsquo;il sont l\u00e9gaux. Ce n&rsquo;est pas ill\u00e9gal, c&rsquo;est le moins que l&rsquo;on puisse dire, ce qui est suffisant pour parier librement. Les jeux de casinos sont \u00e9galement l\u00e9gaux.<\/p>\n<h2 id=\"les-autorites-de-delivrance-des-permis-dans-les-territoires-du-nord-ouest\"><strong>Les autorit\u00e9s de d\u00e9livrance des permis dans les Territoires du Nord-Ouest<\/strong><\/h2>\n<p>L\u2019organisme responsable des jeux de paris sportifs dans les Territoires du Nord-Ouest est les <a href=\"http:\/\/whenyouplay.ca\/\">NWT and Nunavit Lotteries<\/a>. Leurs bureaux se trouvent dans la seule ville dans le territoire, la capitale, Yellowknife. Tous les kiosques et les magasins de proximit\u00e9 qui souhaitent vendre des billets de loterie ou de paris sportifs doivent obtenir une licence \u00e0 la NWT.<\/p>\n<h2 id=\"population-des-territoires-du-nord-ouest\"><strong>Population des Territoires du Nord-Ouest<\/strong><\/h2>\n<p>Des trois territoires du Canada qui n&rsquo;ont aucune souverainet\u00e9 inh\u00e9rente comme le Yukon, le Nunavut et les Territoires du Nord-Ouest, les T.N.-O. comptent la plus grande population. En d\u00e9pit d&rsquo;avoir un territoire presque aussi grand que celui du Qu\u00e9bec, il compte \u00e0 peine une population de plus de 40\u00a0000 (41\u00a0786 en date du 10 mai 2016). La moiti\u00e9 de la population est autochtone. Il y a 10 grands groupes ethniques comme les Premi\u00e8res Nations, Anglais, Canadiens, \u00c9cossais, Irlandais, Fran\u00e7ais, Allemands, Inuits, M\u00e9tis et Ukrainiens. En outre, il y a 11 langues officielles, surtout autochtones comme Chipewyan, Cree, Gwich\u2019in, Inuinnaqtun, etc.<\/p>\n<h2 id=\"sites-de-paris-hors-ligne-dans-les-territoires-du-nord-ouest\"><strong>Sites de paris hors ligne dans les Territoires du Nord-Ouest<\/strong><\/h2>\n<p>En raison du climat rigoureux, une faible population et des obstacles g\u00e9ographiques, il n&rsquo;y a pas de sites de pari hors ligne permanent sous forme d&rsquo;hippodromes ou de casinos. Les seules op\u00e9rations de jeu de casino qui sont organis\u00e9es dans les Territoires du Nord-Ouest sont celles sous forme de bingos, Nevada pull tickets et casinos de bienfaisances organis\u00e9s. Ce sont les seules options trouv\u00e9es de Whati \u00e0 Aklavik.<\/p>\n<p>En raison de cela, les gens qui veulent jouer et qui n&rsquo;ont nulle part o\u00f9 aller ont tendance \u00e0 <a href=\"http:\/\/www.gamingcommission.ca\/\">visiter les sites Web de jeu en ligne licenci\u00e9 \u00e0 Kahnawake<\/a> ou des juridictions licenci\u00e9es \u00e0 l\u2019\u00e9tranger. Ils sont libres de le faire et ne font pas face \u00e0 des r\u00e9percussions.<\/p>\n<h2 id=\"conclusion\"><strong>Conclusion<\/strong><\/h2>\n<p>Bien qu\u2019ils soient faibles en nombre, les gens des Territoires du Nord-Ouest aiment parier sur le sport. Malgr\u00e9 l&rsquo;absence d&rsquo;\u00e9quipes de sport professionnel, ils sont toujours int\u00e9ress\u00e9s par le sport. Gr\u00e2ce \u00e0 la l\u00e9gislation souple, les joueurs peuvent agr\u00e9menter leur passe-temps de paris sportifs avec des paris sportifs en ligne sup\u00e9rieure des sites de paris sportifs disponible \u00e0 l\u2019\u00e9tranger, ce qu\u2019ils font puisque les chances offertes par Sport Select ne sont pas si grandes.<\/p>\n","protected":false},"excerpt":{"rendered":"Les Territoires du Nord-Ouest est la troisi\u00e8me plus grande superficie au Canada, et le domicile des plus grands amoureux du hockey canadien. En d\u00e9pit de l&rsquo;immense continent et de quelques petites \u00eeles de l&rsquo;oc\u00e9an Arctique \u00e9tant peu peupl\u00e9es et vides d&rsquo;\u00e9quipes de sport professionnel, il existe, apr\u00e8s tout, les personnes int\u00e9ress\u00e9es par les paris sportifs. [&hellip;]","protected":false},"author":2,"featured_media":0,"parent":0,"menu_order":0,"comment_status":"closed","ping_status":"closed","template":"","meta":{"footnotes":""},"class_list":["post-86","page","type-page","status-publish","hentry"],"acf":[],"yoast_head":"<!-- This site is optimized with the Yoast SEO plugin v27.1.1 - https:\/\/yoast.com\/product\/yoast-seo-wordpress\/ -->\n<title>Paris sportifs dans les Territoires du Nord-Ouest - Lois sur les paris et autorit\u00e9s responsables<\/title>\n<meta name=\"robots\" content=\"index, follow, max-snippet:-1, max-image-preview:large, max-video-preview:-1\" \/>\n<link rel=\"canonical\" href=\"https:\/\/staging.betting.ca\/fr\/territoires-du-nord-ouest\/\" \/>\n<meta property=\"og:locale\" content=\"fr_CA\" \/>\n<meta property=\"og:type\" content=\"article\" \/>\n<meta property=\"og:title\" content=\"Paris sportifs dans les Territoires du Nord-Ouest - Lois sur les paris et autorit\u00e9s responsables\" \/>\n<meta property=\"og:description\" content=\"Les Territoires du Nord-Ouest est la troisi\u00e8me plus grande superficie au Canada, et le domicile des plus grands amoureux du hockey canadien. En d\u00e9pit de l&rsquo;immense continent et de quelques petites \u00eeles de l&rsquo;oc\u00e9an Arctique \u00e9tant peu peupl\u00e9es et vides d&rsquo;\u00e9quipes de sport professionnel, il existe, apr\u00e8s tout, les personnes int\u00e9ress\u00e9es par les paris sportifs. [&hellip;]\" \/>\n<meta property=\"og:url\" content=\"https:\/\/staging.betting.ca\/fr\/territoires-du-nord-ouest\/\" \/>\n<meta property=\"og:site_name\" content=\"Staging Betting.ca FR\" \/>\n<meta property=\"og:image\" content=\"https:\/\/staging.betting.ca\/images\/reviews\/betonline-logo.png\" \/>\n<meta name=\"twitter:card\" content=\"summary_large_image\" \/>\n<meta name=\"twitter:label1\" content=\"Estimation du temps de lecture\" \/>\n\t<meta name=\"twitter:data1\" content=\"6 minutes\" \/>\n<script type=\"application\/ld+json\" class=\"yoast-schema-graph\">{\"@context\":\"https:\/\/schema.org\",\"@graph\":[{\"@type\":\"WebPage\",\"@id\":\"https:\/\/staging.betting.ca\/fr\/territoires-du-nord-ouest\/\",\"url\":\"https:\/\/staging.betting.ca\/fr\/territoires-du-nord-ouest\/\",\"name\":\"Paris sportifs dans les Territoires du Nord-Ouest - Lois sur les paris et autorit\u00e9s responsables\",\"isPartOf\":{\"@id\":\"https:\/\/staging.betting.ca\/fr\/#website\"},\"primaryImageOfPage\":{\"@id\":\"https:\/\/staging.betting.ca\/fr\/territoires-du-nord-ouest\/#primaryimage\"},\"image\":{\"@id\":\"https:\/\/staging.betting.ca\/fr\/territoires-du-nord-ouest\/#primaryimage\"},\"thumbnailUrl\":\"https:\/\/www.betting.ca\/wp-content\/uploads\/2017\/04\/northwest-territories-sports-betting.jpg\",\"datePublished\":\"2019-06-03T16:25:54+00:00\",\"breadcrumb\":{\"@id\":\"https:\/\/staging.betting.ca\/fr\/territoires-du-nord-ouest\/#breadcrumb\"},\"inLanguage\":\"fr-CA\",\"potentialAction\":[{\"@type\":\"ReadAction\",\"target\":[\"https:\/\/staging.betting.ca\/fr\/territoires-du-nord-ouest\/\"]}]},{\"@type\":\"ImageObject\",\"inLanguage\":\"fr-CA\",\"@id\":\"https:\/\/staging.betting.ca\/fr\/territoires-du-nord-ouest\/#primaryimage\",\"url\":\"https:\/\/staging.betting.ca\/images\/reviews\/betonline-logo.png\",\"contentUrl\":\"https:\/\/staging.betting.ca\/images\/reviews\/betonline-logo.png\"},{\"@type\":\"BreadcrumbList\",\"@id\":\"https:\/\/staging.betting.ca\/fr\/territoires-du-nord-ouest\/#breadcrumb\",\"itemListElement\":[{\"@type\":\"ListItem\",\"position\":1,\"name\":\"Home\",\"item\":\"https:\/\/staging.betting.ca\/fr\/\"},{\"@type\":\"ListItem\",\"position\":2,\"name\":\"Territoires du Nord-Ouest\"}]},{\"@type\":\"WebSite\",\"@id\":\"https:\/\/staging.betting.ca\/fr\/#website\",\"url\":\"https:\/\/staging.betting.ca\/fr\/\",\"name\":\"Staging Betting.ca FR\",\"description\":\"\",\"potentialAction\":[{\"@type\":\"SearchAction\",\"target\":{\"@type\":\"EntryPoint\",\"urlTemplate\":\"https:\/\/staging.betting.ca\/fr\/?s={search_term_string}\"},\"query-input\":{\"@type\":\"PropertyValueSpecification\",\"valueRequired\":true,\"valueName\":\"search_term_string\"}}],\"inLanguage\":\"fr-CA\"}]}<\/script>\n<!-- \/ Yoast SEO plugin. -->","yoast_head_json":{"title":"Paris sportifs dans les Territoires du Nord-Ouest - Lois sur les paris et autorit\u00e9s responsables","robots":{"index":"index","follow":"follow","max-snippet":"max-snippet:-1","max-image-preview":"max-image-preview:large","max-video-preview":"max-video-preview:-1"},"canonical":"https:\/\/staging.betting.ca\/fr\/territoires-du-nord-ouest\/","og_locale":"fr_CA","og_type":"article","og_title":"Paris sportifs dans les Territoires du Nord-Ouest - Lois sur les paris et autorit\u00e9s responsables","og_description":"Les Territoires du Nord-Ouest est la troisi\u00e8me plus grande superficie au Canada, et le domicile des plus grands amoureux du hockey canadien. En d\u00e9pit de l&rsquo;immense continent et de quelques petites \u00eeles de l&rsquo;oc\u00e9an Arctique \u00e9tant peu peupl\u00e9es et vides d&rsquo;\u00e9quipes de sport professionnel, il existe, apr\u00e8s tout, les personnes int\u00e9ress\u00e9es par les paris sportifs. [&hellip;]","og_url":"https:\/\/staging.betting.ca\/fr\/territoires-du-nord-ouest\/","og_site_name":"Staging Betting.ca FR","og_image":[{"url":"https:\/\/staging.betting.ca\/images\/reviews\/betonline-logo.png","type":"","width":"","height":""}],"twitter_card":"summary_large_image","twitter_misc":{"Estimation du temps de lecture":"6 minutes"},"schema":{"@context":"https:\/\/schema.org","@graph":[{"@type":"WebPage","@id":"https:\/\/staging.betting.ca\/fr\/territoires-du-nord-ouest\/","url":"https:\/\/staging.betting.ca\/fr\/territoires-du-nord-ouest\/","name":"Paris sportifs dans les Territoires du Nord-Ouest - Lois sur les paris et autorit\u00e9s responsables","isPartOf":{"@id":"https:\/\/staging.betting.ca\/fr\/#website"},"primaryImageOfPage":{"@id":"https:\/\/staging.betting.ca\/fr\/territoires-du-nord-ouest\/#primaryimage"},"image":{"@id":"https:\/\/staging.betting.ca\/fr\/territoires-du-nord-ouest\/#primaryimage"},"thumbnailUrl":"https:\/\/www.betting.ca\/wp-content\/uploads\/2017\/04\/northwest-territories-sports-betting.jpg","datePublished":"2019-06-03T16:25:54+00:00","breadcrumb":{"@id":"https:\/\/staging.betting.ca\/fr\/territoires-du-nord-ouest\/#breadcrumb"},"inLanguage":"fr-CA","potentialAction":[{"@type":"ReadAction","target":["https:\/\/staging.betting.ca\/fr\/territoires-du-nord-ouest\/"]}]},{"@type":"ImageObject","inLanguage":"fr-CA","@id":"https:\/\/staging.betting.ca\/fr\/territoires-du-nord-ouest\/#primaryimage","url":"https:\/\/staging.betting.ca\/images\/reviews\/betonline-logo.png","contentUrl":"https:\/\/staging.betting.ca\/images\/reviews\/betonline-logo.png"},{"@type":"BreadcrumbList","@id":"https:\/\/staging.betting.ca\/fr\/territoires-du-nord-ouest\/#breadcrumb","itemListElement":[{"@type":"ListItem","position":1,"name":"Home","item":"https:\/\/staging.betting.ca\/fr\/"},{"@type":"ListItem","position":2,"name":"Territoires du Nord-Ouest"}]},{"@type":"WebSite","@id":"https:\/\/staging.betting.ca\/fr\/#website","url":"https:\/\/staging.betting.ca\/fr\/","name":"Staging Betting.ca FR","description":"","potentialAction":[{"@type":"SearchAction","target":{"@type":"EntryPoint","urlTemplate":"https:\/\/staging.betting.ca\/fr\/?s={search_term_string}"},"query-input":{"@type":"PropertyValueSpecification","valueRequired":true,"valueName":"search_term_string"}}],"inLanguage":"fr-CA"}]}},"_links":{"self":[{"href":"https:\/\/staging.betting.ca\/fr\/wp-json\/wp\/v2\/pages\/86","targetHints":{"allow":["GET"]}}],"collection":[{"href":"https:\/\/staging.betting.ca\/fr\/wp-json\/wp\/v2\/pages"}],"about":[{"href":"https:\/\/staging.betting.ca\/fr\/wp-json\/wp\/v2\/types\/page"}],"author":[{"embeddable":true,"href":"https:\/\/staging.betting.ca\/fr\/wp-json\/wp\/v2\/users\/2"}],"replies":[{"embeddable":true,"href":"https:\/\/staging.betting.ca\/fr\/wp-json\/wp\/v2\/comments?post=86"}],"version-history":[{"count":0,"href":"https:\/\/staging.betting.ca\/fr\/wp-json\/wp\/v2\/pages\/86\/revisions"}],"wp:attachment":[{"href":"https:\/\/staging.betting.ca\/fr\/wp-json\/wp\/v2\/media?parent=86"}],"curies":[{"name":"wp","href":"https:\/\/api.w.org\/{rel}","templated":true}]}}