{"id":85,"date":"2019-06-03T16:11:14","date_gmt":"2019-06-03T16:11:14","guid":{"rendered":"https:\/\/www.betting.ca\/fr\/?page_id=85"},"modified":"2019-06-03T16:11:14","modified_gmt":"2019-06-03T16:11:14","slug":"terre-neuve-et-labrador","status":"publish","type":"page","link":"https:\/\/staging.betting.ca\/fr\/terre-neuve-et-labrador\/","title":{"rendered":"Terre-Neuve et Labrador"},"content":{"rendered":"<p><img decoding=\"async\" src=\"https:\/\/www.betting.ca\/wp-content\/uploads\/2017\/04\/newfoundland-and-labrador-sports-betting.jpg\" alt=\"Meilleurs sites de paris sportifs canadiens pour Terre-Neuve et Labrador\" width=\"300\" class=\"alignright size-full wp-image-742\" \/>La plupart des r\u00e9gions du Canada les plus \u00e0 l\u2019Est sont constitu\u00e9es de <a href=\"https:\/\/www.newfoundlandlabrador.com\/?lang=fr\">Terre-Neuve et Labrador<\/a>. Avec le puissant Atlantique d\u2019un c\u00f4t\u00e9 et le Qu\u00e9bec de l\u2019autre, cette r\u00e9gion est une destination que les aventuriers ne voudront pas manquer de visiter. Bien qu&rsquo;il y ait des amateurs de sport \u00e0 Terre-Neuve-et-Labrador, il n&rsquo;y a pas de grandes \u00e9quipes comme en <strong><a href=\"https:\/\/www.betting.ca\/fr\/alberta\">Alberta<\/a>, au Quebec ou en Ontario<\/strong> par exemple. Les habitants de Terre-Neuve-et-Labrador sont principalement int\u00e9ress\u00e9s par le hockey et le rugby.<\/p>\n<p>Ces r\u00e9gions du Canada accueillent les \u00e9quipes comme <a href=\"https:\/\/www.instagram.com\/stjohnsicecaps\/\">Les IceCaps de Saint-Jean<\/a>, en comp\u00e9tition dans <strong>conf\u00e9rence d l&rsquo;Est de la Ligue am\u00e9ricaine de hockey<\/strong>, <a href=\"http:\/\/www.gfwcataracts.ca\/\">Grand Falls-Windsor Cataracts<\/a>, en comp\u00e9tition dans la <strong>Newfoundland Senior Hockey League<\/strong>, <a href=\"http:\/\/swilers.ca\">Swilers RFC<\/a>, une \u00e9quipe de rugby en comp\u00e9tition dans la <strong>Newfoundland Rugby Union<\/strong>, <a href=\"https:\/\/en.wikipedia.org\/wiki\/The_Rock_(rugby_team)\">The Rock<\/a>, une \u00e9quipe de rugby en comp\u00e9tition dans la <strong>Canadian rugby Championship<\/strong> et <a href=\"https:\/\/fr.wikipedia.org\/wiki\/Newfoundland_Rock_Rugby_Football_Club\">Newfoundland Rock<\/a>, une autre \u00e9quipe de rugby en comp\u00e9tition dans la Rugby Canada National Junior Championship. Et juste comme n&rsquo;importe o\u00f9, il y a ici des amateurs de sport qui aiment les paris sportifs.<\/p>\n<h2 id=\"sites-de-paris-sportifs-canadiens-recommandes-a-terre-neuve-et-labrador\">Sites de paris sportifs canadiens recommand\u00e9s \u00e0 Terre-Neuve et Labrador<\/h2>\n<div id=\"ca-sportsbooks\">\n<div class=\"sb-grid\">\n<div class=\"sb-card sb-card--red\">\n<div class=\"sb-card__header\">\n<span class=\"sb-rank\">#1<\/span>\n<div class=\"sb-stars\"><span class=\"sb-star\">&#9733;<\/span><span class=\"sb-star\">&#9733;<\/span><span class=\"sb-star\">&#9733;<\/span><span class=\"sb-star\">&#9733;<\/span><span class=\"sb-star\">&#9733;<\/span><\/div>\n<\/div>\n<a class=\"sb-logo\" href=\"https:\/\/staging.betting.ca\/fr\/revue\/betway\/\" >\n<img decoding=\"async\" src=\"https:\/\/staging.betting.ca\/images\/reviews\/betway-logo.png\" alt=\"Betway\">\n<\/a>\n<p class=\"sb-bonus\">2000 CAD<\/p>\n<a href=\"\/go\/betway\" class=\"sb-cta\">Get Bonus<\/a>\n<a href=\"https:\/\/staging.betting.ca\/fr\/revue\/betway\/\" class=\"sb-review\">Read Review<\/a>\n<\/div>\n<div class=\"sb-card sb-card--blue\">\n<div class=\"sb-card__header\">\n<span class=\"sb-rank\">#2<\/span>\n<div class=\"sb-stars\"><span class=\"sb-star\">&#9733;<\/span><span class=\"sb-star\">&#9733;<\/span><span class=\"sb-star\">&#9733;<\/span><span class=\"sb-star\">&#9733;<\/span><span class=\"sb-star sb-star--half\">&#9733;<\/span><\/div>\n<\/div>\n<a class=\"sb-logo\" href=\"https:\/\/staging.betting.ca\/fr\/revue\/sports-interaction\/\" >\n<img decoding=\"async\" src=\"https:\/\/staging.betting.ca\/images\/reviews\/sports-interaction-logo.png\" alt=\"Sports Interaction\">\n<\/a>\n<p class=\"sb-bonus\">CAD 125<\/p>\n<a href=\"\/go\/sports-interaction\" class=\"sb-cta\">Get Bonus<\/a>\n<a href=\"https:\/\/staging.betting.ca\/fr\/revue\/sports-interaction\/\" class=\"sb-review\">Read Review<\/a>\n<\/div>\n<div class=\"sb-card sb-card--orange\">\n<div class=\"sb-card__header\">\n<span class=\"sb-rank\">#3<\/span>\n<div class=\"sb-stars\"><span class=\"sb-star\">&#9733;<\/span><span class=\"sb-star\">&#9733;<\/span><span class=\"sb-star\">&#9733;<\/span><span class=\"sb-star\">&#9733;<\/span><span class=\"sb-star sb-star--half\">&#9733;<\/span><\/div>\n<\/div>\n<a class=\"sb-logo\" href=\"https:\/\/staging.betting.ca\/fr\/revue\/bet365\/\" >\n<img decoding=\"async\" src=\"https:\/\/staging.betting.ca\/images\/reviews\/bet365-logo.png\" alt=\"Bet365\">\n<\/a>\n<p class=\"sb-bonus\">CAD 200<\/p>\n<a href=\"\/go\/bet365\" class=\"sb-cta\">Get Bonus<\/a>\n<a href=\"https:\/\/staging.betting.ca\/fr\/revue\/bet365\/\" class=\"sb-review\">Read Review<\/a>\n<\/div>\n<div class=\"sb-card sb-card--green\">\n<div class=\"sb-card__header\">\n<span class=\"sb-rank\">#4<\/span>\n<div class=\"sb-stars\"><span class=\"sb-star\">&#9733;<\/span><span class=\"sb-star\">&#9733;<\/span><span class=\"sb-star\">&#9733;<\/span><span class=\"sb-star\">&#9733;<\/span><span class=\"sb-star sb-star--half\">&#9733;<\/span><\/div>\n<\/div>\n<a class=\"sb-logo\" href=\"https:\/\/staging.betting.ca\/fr\/revue\/spin-sports\/\" >\n<img decoding=\"async\" src=\"https:\/\/staging.betting.ca\/images\/reviews\/spin-sports-logo.png\" alt=\"Spin Sports\">\n<\/a>\n<p class=\"sb-bonus\">CAD 200<\/p>\n<a href=\"\/go\/spin-sports\" class=\"sb-cta\">Get Bonus<\/a>\n<a href=\"https:\/\/staging.betting.ca\/fr\/revue\/spin-sports\/\" class=\"sb-review\">Read Review<\/a>\n<\/div>\n<div class=\"sb-card sb-card--red\">\n<div class=\"sb-card__header\">\n<span class=\"sb-rank\">#5<\/span>\n<div class=\"sb-stars\"><span class=\"sb-star\">&#9733;<\/span><span class=\"sb-star\">&#9733;<\/span><span class=\"sb-star\">&#9733;<\/span><span class=\"sb-star\">&#9733;<\/span><span class=\"sb-star sb-star--half\">&#9733;<\/span><\/div>\n<\/div>\n<a class=\"sb-logo\" href=\"https:\/\/staging.betting.ca\/fr\/revue\/bodog\/\" >\n<img decoding=\"async\" src=\"https:\/\/staging.betting.ca\/images\/reviews\/bodog-logo.png\" alt=\"Bodog\">\n<\/a>\n<p class=\"sb-bonus\">CAD 200<\/p>\n<a href=\"\/go\/bodog\" class=\"sb-cta\">Get Bonus<\/a>\n<a href=\"https:\/\/staging.betting.ca\/fr\/revue\/bodog\/\" class=\"sb-review\">Read Review<\/a>\n<\/div>\n<div class=\"sb-card sb-card--blue\">\n<div class=\"sb-card__header\">\n<span class=\"sb-rank\">#6<\/span>\n<div class=\"sb-stars\"><span class=\"sb-star\">&#9733;<\/span><span class=\"sb-star\">&#9733;<\/span><span class=\"sb-star\">&#9733;<\/span><span class=\"sb-star sb-star--half\">&#9733;<\/span><span class=\"sb-star sb-star--empty\">&#9733;<\/span><\/div>\n<\/div>\n<a class=\"sb-logo\" href=\"https:\/\/staging.betting.ca\/fr\/revue\/betonline\/\" >\n<img decoding=\"async\" src=\"https:\/\/staging.betting.ca\/images\/reviews\/betonline-logo.png\" alt=\"BetOnline\">\n<\/a>\n<p class=\"sb-bonus\">CAD 2500<\/p>\n<a href=\"\/go\/betonline\" class=\"sb-cta\">Get Bonus<\/a>\n<a href=\"https:\/\/staging.betting.ca\/fr\/revue\/betonline\/\" class=\"sb-review\">Read Review<\/a>\n<\/div>\n<\/div><\/div>\n<h2 id=\"sites-de-paris-sportifs-a-terre-neuve-et-labrador\"><strong>Sites de paris sportifs \u00e0 Terre-Neuve-et-Labrador<\/strong><\/h2>\nLes paris sportifs sont l\u00e9gaux \u00e0 Terre-Neuve-et-Labrador. Et tout comme dans les autres provinces, les paris sportifs sont offerts par les produits de la Proline. Les citoyens de Terre-Neuve-et-Labrador peuvent faire des paris par le biais de d\u00e9taillants titulaires de la Proline trouv\u00e9s \u00e0 travers la province, ou en ligne. L&rsquo;\u00e2ge limite pour les paris sportifs est de 19 ans, qui est aussi l&rsquo;\u00e2ge l\u00e9gal pour boire.<\/p>\n<h3 id=\"le-pari-proline-offre-plusieurs-options-de-paris\">Le pari Proline offre plusieurs options de paris:<\/h3>\n<ul>\n<li><strong>Proline<\/strong>: option de pari par d\u00e9faut o\u00f9 vous pouvez faire un pari progressif avec jusqu&rsquo;\u00e0 8 jeux. La mise minimum est de 2\u00a0$ et le maximum de 25\u00a0$. Vous pouvez faire des paris over\/under, straight up winner ou point spread pour les jeux.<\/li>\n<li><strong>Proline Futures<\/strong>: Ici vous pouvez choisir le gagnant d&rsquo;une ligue ou de certains tournois avant qu&rsquo;il d\u00e9bute et vous pouvez risquer entre 2\u00a0$ et 100\u00a0$. C&rsquo;est presque la m\u00eame chose que les paris futures sur les sites Web de paris sportifs en ligne.<\/li>\n<li><strong>Proline Fantasy<\/strong>: Les paris sportifs Fantasy ont gagn\u00e9 en popularit\u00e9 au cours des deux derni\u00e8res ann\u00e9es \u00e0 l&rsquo;\u00e9chelle internationale, et sont disponibles avec les paris Proline dans la province \u00e9galement.<\/li>\n<li><strong>Proline Stadium Picks<\/strong>: Pr\u00e9dire les gagnants pour une s\u00e9rie de matches. Vous obtenez des points pour les bonnes pr\u00e9visions, et avancer au classement vers le premier prix.<\/li>\n<li><strong>Stadium Bets<\/strong>: Un pari progressif o\u00f9 vous pouvez risquer jusqu&rsquo;\u00e0 250\u00a0$ avec les options comme over\/under, point spreads et moneylines.<\/li>\n<\/ul>\n<h3 id=\"proline\">Proline<\/h3>\n<p><strong>Advantages<\/strong><\/p>\n<p>Bien que certains pr\u00e9f\u00e8rent les sites Web de paris sportifs \u00e0 l&rsquo;\u00e9tranger, la Proline a \u00e9galement quelques avantages. C&rsquo;est disponible partout dans la province, vous pouvez faire un pari Proline \u00e0 partir de n&rsquo;importe quel magasin de proximit\u00e9 ou en ligne, paiements rapides et fiables et vous pouvez miser aussi peu que 2\u00a0$.<\/p>\n<p><strong>Inconv\u00e9nients<\/strong><\/p>\n<p>Comme avec tout, il y a quelques inconv\u00e9nients \u00e0 la Proline en raison de laquelle certains joueurs choisissent de parier sur les sites de paris sportifs \u00e0 l\u2019\u00e9tranger. Avec la Proline, vous n&rsquo;obtenez pas une vari\u00e9t\u00e9 de march\u00e9s de sports. Vous pouvez miser seulement sur le basket-ball, soccer ou baseball professionnel ou universitaire, football professionnel ou universitaire et le hockey.<\/p>\n<p>Un autre inconv\u00e9nient est les cotes d\u00e9cevantes par rapport aux sites Web de paris sportifs \u00e0 l\u2019\u00e9tranger. En raison de la concurrence de l&rsquo;industrie, les sites Web \u00e9trangers sont oblig\u00e9s d&rsquo;offrir des cotes comp\u00e9titives, ce qui est contraire \u00e0 la Proline. La diff\u00e9rence peut \u00eatre de 20\u00a0cents ou plus par dollar pari\u00e9 sur site Web \u00e0 l\u2019\u00e9tranger. De plus, on ne peut pas faire des paris sur un seul match avec la Proline. Au lieu de cela, vous devez faire un pari progressif d\u2019au moins deux s\u00e9lections. <\/p>\n<h2 id=\"loi-sur-le-jeu-a-terre-neuve-et-labrador\"><strong>Loi sur le jeu \u00e0 Terre-Neuve-et-Labrador<\/strong><\/h2>\n<p>La loi qui r\u00e9git les activit\u00e9s de paris sportifs ainsi que les activit\u00e9s de l&rsquo;op\u00e9rateur de jeu est presque identique \u00e0 celles d&rsquo;autres provinces canadiennes. Le jeu est l\u00e9gal, les paris sportifs sont l\u00e9gaux et bien qu&rsquo;ils ne soient pas mentionn\u00e9s nulle part, les paris sportifs en ligne sur les sites Web en dehors de la Proline sont aussi l\u00e9gaux. Ils sont consid\u00e9r\u00e9s comme l\u00e9gaux parce que rien n&rsquo;est indiqu\u00e9 autrement.<\/p>\n<p>Les R\u00e8glements sur les licences de loterie qui r\u00e9gissent toutes les activit\u00e9s de paris ont \u00e9t\u00e9 mis sur pied par le Minister of Government Services and Lands en 2002. Selon ces derniers, le minist\u00e8re est responsable de la r\u00e9glementation et de l&rsquo;octroi de licences, de la protection des consommateurs et de la sant\u00e9 et de la s\u00e9curit\u00e9 du public.<\/p>\n<h2 id=\"les-autorites-de-delivrance-des-permis-a-terre-neuve-et-labrador\"><strong>Les autorit\u00e9s de d\u00e9livrance des permis \u00e0 Terre-Neuve-et-Labrador<\/strong><\/h2>\n<p>Les paris sportifs dans la r\u00e9gion de Terre-Neuve-et-Labrador sont g\u00e9r\u00e9s par la Soci\u00e9t\u00e9 des loteries de l&rsquo;Atlantique, un groupe qui s\u2019occupe des op\u00e9rations de loterie au quotidien dans les quatre provinces qui partagent la propri\u00e9t\u00e9 depuis 1976.<\/p>\n<p>D&rsquo;autre part, toutes les activit\u00e9s de jeux, y compris l&rsquo;octroi de licence, sont g\u00e9r\u00e9es par le Department of Government Services. L&rsquo;Agence canadienne du pari mutuel et <a href=\"http:\/\/www.standardbredcanada.ca\/\">Standardbred Canada<\/a> r\u00e9glementent les courses de chevaux.<\/p>\n<h2 id=\"la-population-de-terre-neuve-et-labrador\"><strong>La population de Terre-Neuve-et-Labrador<\/strong><\/h2>\n<p>La province la plus \u00e0 l&rsquo;est dans la nation du Canada est compos\u00e9e de l&rsquo;\u00eele de Terre-Neuve et la partie continentale du Labrador. L&rsquo;\u00eele est le foyer de 92\u00a0% de la population, tandis que la capitale, St-Jean, qui est aussi la plus grande ville de la province, est le domicile de 40\u00a0% de la population.<\/p>\n<p>C&rsquo;est l\u2019une des plus petites provinces avec une population de seulement 519\u00a0716 habitants. Seule l&rsquo;\u00eele-du-Prince-\u00c9douard a une population plus faible. Pr\u00e8s de 90\u00a0% de la population appartient au groupe ethnique anglais, et 10,4\u00a0% sont fran\u00e7ais.<\/p>\n<h2 id=\"les-sites-de-pari-hors-ligne-a-terre-neuve-et-au-labrador\"><strong>Les sites de pari hors ligne \u00e0 Terre-Neuve et au Labrador<\/strong><\/h2>\n<p>Il y a un seul op\u00e9rateur terrestre \u00e0 Terre-Neuve-et-Labrador, le <a href=\"http:\/\/www.stjre.com\/\">St. John&rsquo;s Racing &amp; Entertainment Center<\/a>. Ici, vous pouvez jouer \u00e0 un nombre tr\u00e8s limit\u00e9 de machines de jeu, car l&rsquo;accent est mis sur les courses de chevaux. Vous pouvez parier sur les courses attel\u00e9es et les courses de pur-sang. Le co\u00fbt du si\u00e8ge pour regarder une course est seulement 1\u00a0$ et il y a une capacit\u00e9 de 150 places, et une tribune d\u2019une capacit\u00e9 de 500. Le stationnement est gratuit et les courses se d\u00e9roulent du dimanche au mercredi de 14\u00a0h \u00e0 18\u00a0h\u00a030.<\/p>\n<h2 id=\"conclusion\"><strong>Conclusion<\/strong><\/h2>\n<p>Terre-Neuve-et-Labrador n&rsquo;est peut-\u00eatre pas au m\u00eame niveau que les casinos et les hippodromes tape-\u00e0-l&rsquo;\u0153il, ou que les grandes \u00e9quipes sportives qui comp\u00e9titionnent au plus haut niveau en Am\u00e9rique du Nord. Mais, l&rsquo;esprit des paris sportifs est n\u00e9anmoins solide. Avec des billets papier et des terminaux de loterie vid\u00e9o accessible partout dans la province dans les d\u00e9panneurs ou les stations-service, les habitants de Terre-Neuve-et-Labrador ont un acc\u00e8s facile aux paris sportifs. De plus, ils sont libres de parier sur les sports en ligne sur le site Web de la Proline ou sur des sites Web de paris sportifs \u00e0 l\u2019\u00e9tranger, qui, en d\u00e9pit de l&rsquo;absence de r\u00e9glementation pour les paris sportifs \u00e0 l\u2019\u00e9tranger, sont l\u00e9gaux.<\/p>\n","protected":false},"excerpt":{"rendered":"La plupart des r\u00e9gions du Canada les plus \u00e0 l\u2019Est sont constitu\u00e9es de Terre-Neuve et Labrador. Avec le puissant Atlantique d\u2019un c\u00f4t\u00e9 et le Qu\u00e9bec de l\u2019autre, cette r\u00e9gion est une destination que les aventuriers ne voudront pas manquer de visiter. Bien qu&rsquo;il y ait des amateurs de sport \u00e0 Terre-Neuve-et-Labrador, il n&rsquo;y a pas [&hellip;]","protected":false},"author":2,"featured_media":0,"parent":0,"menu_order":0,"comment_status":"closed","ping_status":"closed","template":"","meta":{"footnotes":""},"class_list":["post-85","page","type-page","status-publish","hentry"],"acf":[],"yoast_head":"<!-- This site is optimized with the Yoast SEO plugin v27.1.1 - https:\/\/yoast.com\/product\/yoast-seo-wordpress\/ -->\n<title>Paris sportifs \u00e0 Terre-Neuve-et-Labrador - O\u00f9 parier<\/title>\n<meta name=\"robots\" content=\"index, follow, max-snippet:-1, max-image-preview:large, max-video-preview:-1\" \/>\n<link rel=\"canonical\" href=\"https:\/\/staging.betting.ca\/fr\/terre-neuve-et-labrador\/\" \/>\n<meta property=\"og:locale\" content=\"fr_CA\" \/>\n<meta property=\"og:type\" content=\"article\" \/>\n<meta property=\"og:title\" content=\"Paris sportifs \u00e0 Terre-Neuve-et-Labrador - O\u00f9 parier\" \/>\n<meta property=\"og:description\" content=\"La plupart des r\u00e9gions du Canada les plus \u00e0 l\u2019Est sont constitu\u00e9es de Terre-Neuve et Labrador. Avec le puissant Atlantique d\u2019un c\u00f4t\u00e9 et le Qu\u00e9bec de l\u2019autre, cette r\u00e9gion est une destination que les aventuriers ne voudront pas manquer de visiter. Bien qu&rsquo;il y ait des amateurs de sport \u00e0 Terre-Neuve-et-Labrador, il n&rsquo;y a pas [&hellip;]\" \/>\n<meta property=\"og:url\" content=\"https:\/\/staging.betting.ca\/fr\/terre-neuve-et-labrador\/\" \/>\n<meta property=\"og:site_name\" content=\"Staging Betting.ca FR\" \/>\n<meta property=\"og:image\" content=\"https:\/\/staging.betting.ca\/images\/reviews\/betonline-logo.png\" \/>\n<meta name=\"twitter:card\" content=\"summary_large_image\" \/>\n<meta name=\"twitter:label1\" content=\"Estimation du temps de lecture\" \/>\n\t<meta name=\"twitter:data1\" content=\"6 minutes\" \/>\n<script type=\"application\/ld+json\" class=\"yoast-schema-graph\">{\"@context\":\"https:\/\/schema.org\",\"@graph\":[{\"@type\":\"WebPage\",\"@id\":\"https:\/\/staging.betting.ca\/fr\/terre-neuve-et-labrador\/\",\"url\":\"https:\/\/staging.betting.ca\/fr\/terre-neuve-et-labrador\/\",\"name\":\"Paris sportifs \u00e0 Terre-Neuve-et-Labrador - O\u00f9 parier\",\"isPartOf\":{\"@id\":\"https:\/\/staging.betting.ca\/fr\/#website\"},\"primaryImageOfPage\":{\"@id\":\"https:\/\/staging.betting.ca\/fr\/terre-neuve-et-labrador\/#primaryimage\"},\"image\":{\"@id\":\"https:\/\/staging.betting.ca\/fr\/terre-neuve-et-labrador\/#primaryimage\"},\"thumbnailUrl\":\"https:\/\/www.betting.ca\/wp-content\/uploads\/2017\/04\/newfoundland-and-labrador-sports-betting.jpg\",\"datePublished\":\"2019-06-03T16:11:14+00:00\",\"breadcrumb\":{\"@id\":\"https:\/\/staging.betting.ca\/fr\/terre-neuve-et-labrador\/#breadcrumb\"},\"inLanguage\":\"fr-CA\",\"potentialAction\":[{\"@type\":\"ReadAction\",\"target\":[\"https:\/\/staging.betting.ca\/fr\/terre-neuve-et-labrador\/\"]}]},{\"@type\":\"ImageObject\",\"inLanguage\":\"fr-CA\",\"@id\":\"https:\/\/staging.betting.ca\/fr\/terre-neuve-et-labrador\/#primaryimage\",\"url\":\"https:\/\/staging.betting.ca\/images\/reviews\/betonline-logo.png\",\"contentUrl\":\"https:\/\/staging.betting.ca\/images\/reviews\/betonline-logo.png\"},{\"@type\":\"BreadcrumbList\",\"@id\":\"https:\/\/staging.betting.ca\/fr\/terre-neuve-et-labrador\/#breadcrumb\",\"itemListElement\":[{\"@type\":\"ListItem\",\"position\":1,\"name\":\"Home\",\"item\":\"https:\/\/staging.betting.ca\/fr\/\"},{\"@type\":\"ListItem\",\"position\":2,\"name\":\"Terre-Neuve et Labrador\"}]},{\"@type\":\"WebSite\",\"@id\":\"https:\/\/staging.betting.ca\/fr\/#website\",\"url\":\"https:\/\/staging.betting.ca\/fr\/\",\"name\":\"Staging Betting.ca FR\",\"description\":\"\",\"potentialAction\":[{\"@type\":\"SearchAction\",\"target\":{\"@type\":\"EntryPoint\",\"urlTemplate\":\"https:\/\/staging.betting.ca\/fr\/?s={search_term_string}\"},\"query-input\":{\"@type\":\"PropertyValueSpecification\",\"valueRequired\":true,\"valueName\":\"search_term_string\"}}],\"inLanguage\":\"fr-CA\"}]}<\/script>\n<!-- \/ Yoast SEO plugin. -->","yoast_head_json":{"title":"Paris sportifs \u00e0 Terre-Neuve-et-Labrador - O\u00f9 parier","robots":{"index":"index","follow":"follow","max-snippet":"max-snippet:-1","max-image-preview":"max-image-preview:large","max-video-preview":"max-video-preview:-1"},"canonical":"https:\/\/staging.betting.ca\/fr\/terre-neuve-et-labrador\/","og_locale":"fr_CA","og_type":"article","og_title":"Paris sportifs \u00e0 Terre-Neuve-et-Labrador - O\u00f9 parier","og_description":"La plupart des r\u00e9gions du Canada les plus \u00e0 l\u2019Est sont constitu\u00e9es de Terre-Neuve et Labrador. Avec le puissant Atlantique d\u2019un c\u00f4t\u00e9 et le Qu\u00e9bec de l\u2019autre, cette r\u00e9gion est une destination que les aventuriers ne voudront pas manquer de visiter. Bien qu&rsquo;il y ait des amateurs de sport \u00e0 Terre-Neuve-et-Labrador, il n&rsquo;y a pas [&hellip;]","og_url":"https:\/\/staging.betting.ca\/fr\/terre-neuve-et-labrador\/","og_site_name":"Staging Betting.ca FR","og_image":[{"url":"https:\/\/staging.betting.ca\/images\/reviews\/betonline-logo.png","type":"","width":"","height":""}],"twitter_card":"summary_large_image","twitter_misc":{"Estimation du temps de lecture":"6 minutes"},"schema":{"@context":"https:\/\/schema.org","@graph":[{"@type":"WebPage","@id":"https:\/\/staging.betting.ca\/fr\/terre-neuve-et-labrador\/","url":"https:\/\/staging.betting.ca\/fr\/terre-neuve-et-labrador\/","name":"Paris sportifs \u00e0 Terre-Neuve-et-Labrador - O\u00f9 parier","isPartOf":{"@id":"https:\/\/staging.betting.ca\/fr\/#website"},"primaryImageOfPage":{"@id":"https:\/\/staging.betting.ca\/fr\/terre-neuve-et-labrador\/#primaryimage"},"image":{"@id":"https:\/\/staging.betting.ca\/fr\/terre-neuve-et-labrador\/#primaryimage"},"thumbnailUrl":"https:\/\/www.betting.ca\/wp-content\/uploads\/2017\/04\/newfoundland-and-labrador-sports-betting.jpg","datePublished":"2019-06-03T16:11:14+00:00","breadcrumb":{"@id":"https:\/\/staging.betting.ca\/fr\/terre-neuve-et-labrador\/#breadcrumb"},"inLanguage":"fr-CA","potentialAction":[{"@type":"ReadAction","target":["https:\/\/staging.betting.ca\/fr\/terre-neuve-et-labrador\/"]}]},{"@type":"ImageObject","inLanguage":"fr-CA","@id":"https:\/\/staging.betting.ca\/fr\/terre-neuve-et-labrador\/#primaryimage","url":"https:\/\/staging.betting.ca\/images\/reviews\/betonline-logo.png","contentUrl":"https:\/\/staging.betting.ca\/images\/reviews\/betonline-logo.png"},{"@type":"BreadcrumbList","@id":"https:\/\/staging.betting.ca\/fr\/terre-neuve-et-labrador\/#breadcrumb","itemListElement":[{"@type":"ListItem","position":1,"name":"Home","item":"https:\/\/staging.betting.ca\/fr\/"},{"@type":"ListItem","position":2,"name":"Terre-Neuve et Labrador"}]},{"@type":"WebSite","@id":"https:\/\/staging.betting.ca\/fr\/#website","url":"https:\/\/staging.betting.ca\/fr\/","name":"Staging Betting.ca FR","description":"","potentialAction":[{"@type":"SearchAction","target":{"@type":"EntryPoint","urlTemplate":"https:\/\/staging.betting.ca\/fr\/?s={search_term_string}"},"query-input":{"@type":"PropertyValueSpecification","valueRequired":true,"valueName":"search_term_string"}}],"inLanguage":"fr-CA"}]}},"_links":{"self":[{"href":"https:\/\/staging.betting.ca\/fr\/wp-json\/wp\/v2\/pages\/85","targetHints":{"allow":["GET"]}}],"collection":[{"href":"https:\/\/staging.betting.ca\/fr\/wp-json\/wp\/v2\/pages"}],"about":[{"href":"https:\/\/staging.betting.ca\/fr\/wp-json\/wp\/v2\/types\/page"}],"author":[{"embeddable":true,"href":"https:\/\/staging.betting.ca\/fr\/wp-json\/wp\/v2\/users\/2"}],"replies":[{"embeddable":true,"href":"https:\/\/staging.betting.ca\/fr\/wp-json\/wp\/v2\/comments?post=85"}],"version-history":[{"count":0,"href":"https:\/\/staging.betting.ca\/fr\/wp-json\/wp\/v2\/pages\/85\/revisions"}],"wp:attachment":[{"href":"https:\/\/staging.betting.ca\/fr\/wp-json\/wp\/v2\/media?parent=85"}],"curies":[{"name":"wp","href":"https:\/\/api.w.org\/{rel}","templated":true}]}}