{"id":84,"date":"2019-05-16T16:38:31","date_gmt":"2019-05-16T16:38:31","guid":{"rendered":"https:\/\/www.betting.ca\/fr\/?page_id=84"},"modified":"2019-05-16T16:38:31","modified_gmt":"2019-05-16T16:38:31","slug":"ontario","status":"publish","type":"page","link":"https:\/\/staging.betting.ca\/fr\/ontario\/","title":{"rendered":"Ontario"},"content":{"rendered":"<p><img decoding=\"async\" src=\"https:\/\/www.betting.ca\/wp-content\/uploads\/2017\/04\/ontario-sports-betting.jpg\" alt=\"Top Canadian Sports Betting Sites For Ontario\" width=\"300\" class=\"alignright size-full wp-image-747\" \/><a href=\"https:\/\/www.ontariotravel.net\/fr\/home\">Ontario<\/a> est consid\u00e9r\u00e9e comme l&rsquo;une des provinces les plus progressistes au Canada. Il y a une \u00e9quipe de la <a href=\"http:\/\/www.mlssoccer.com\/\">MLS<\/a>, deux <a href=\"https:\/\/www.nhl.com\/\">\u00e9quipes de la LNH<\/a>, trois \u00e9quipes de la LCF, et la seule \u00e9quipe NBA et MLB du Grand Nord blanc. En outre, avec plus de 14 millions d&rsquo;habitants, l&rsquo;Ontario est la r\u00e9gion la plus peupl\u00e9e et la deuxi\u00e8me en importance avec un nombre incroyable de lacs, 250 000 lacs d&rsquo;eau douce.<\/p>\n<p>Avec autant d\u2019amateurs de sport, il est dommage qu\u2019ils aient \u00e0 faire face \u00e0 des produits de paris sportifs vraiment inf\u00e9rieurs, servis par le gouvernement, que l\u2019on retrouve \u00e9galement dans les autres provinces du Canada. C&rsquo;est pourquoi certains amateurs de paris sportifs avertis tentent de d\u00e9couvrir de meilleures options en ligne qui ne sont pas li\u00e9es \u00e0 la loterie de paris sportifs officielle du pays.<\/p>\n<h2 id=\"sites-de-paris-sportifs-canadiens-recommandes-en-ontario\">Sites de paris sportifs canadiens recommand\u00e9s en Ontario<\/h2>\n<div id=\"ca-sportsbooks\">\n<div class=\"sb-grid\">\n<div class=\"sb-card sb-card--red\">\n<div class=\"sb-card__header\">\n<span class=\"sb-rank\">#1<\/span>\n<div class=\"sb-stars\"><span class=\"sb-star\">&#9733;<\/span><span class=\"sb-star\">&#9733;<\/span><span class=\"sb-star\">&#9733;<\/span><span class=\"sb-star\">&#9733;<\/span><span class=\"sb-star\">&#9733;<\/span><\/div>\n<\/div>\n<a class=\"sb-logo\" href=\"https:\/\/staging.betting.ca\/fr\/revue\/betway\/\" >\n<img decoding=\"async\" src=\"https:\/\/staging.betting.ca\/images\/reviews\/betway-logo.png\" alt=\"Betway\">\n<\/a>\n<p class=\"sb-bonus\">2000 CAD<\/p>\n<a href=\"\/go\/betway\" class=\"sb-cta\">Get Bonus<\/a>\n<a href=\"https:\/\/staging.betting.ca\/fr\/revue\/betway\/\" class=\"sb-review\">Read Review<\/a>\n<\/div>\n<div class=\"sb-card sb-card--blue\">\n<div class=\"sb-card__header\">\n<span class=\"sb-rank\">#2<\/span>\n<div class=\"sb-stars\"><span class=\"sb-star\">&#9733;<\/span><span class=\"sb-star\">&#9733;<\/span><span class=\"sb-star\">&#9733;<\/span><span class=\"sb-star\">&#9733;<\/span><span class=\"sb-star sb-star--half\">&#9733;<\/span><\/div>\n<\/div>\n<a class=\"sb-logo\" href=\"https:\/\/staging.betting.ca\/fr\/revue\/sports-interaction\/\" >\n<img decoding=\"async\" src=\"https:\/\/staging.betting.ca\/images\/reviews\/sports-interaction-logo.png\" alt=\"Sports Interaction\">\n<\/a>\n<p class=\"sb-bonus\">CAD 125<\/p>\n<a href=\"\/go\/sports-interaction\" class=\"sb-cta\">Get Bonus<\/a>\n<a href=\"https:\/\/staging.betting.ca\/fr\/revue\/sports-interaction\/\" class=\"sb-review\">Read Review<\/a>\n<\/div>\n<div class=\"sb-card sb-card--orange\">\n<div class=\"sb-card__header\">\n<span class=\"sb-rank\">#3<\/span>\n<div class=\"sb-stars\"><span class=\"sb-star\">&#9733;<\/span><span class=\"sb-star\">&#9733;<\/span><span class=\"sb-star\">&#9733;<\/span><span class=\"sb-star\">&#9733;<\/span><span class=\"sb-star sb-star--half\">&#9733;<\/span><\/div>\n<\/div>\n<a class=\"sb-logo\" href=\"https:\/\/staging.betting.ca\/fr\/revue\/bet365\/\" >\n<img decoding=\"async\" src=\"https:\/\/staging.betting.ca\/images\/reviews\/bet365-logo.png\" alt=\"Bet365\">\n<\/a>\n<p class=\"sb-bonus\">CAD 200<\/p>\n<a href=\"\/go\/bet365\" class=\"sb-cta\">Get Bonus<\/a>\n<a href=\"https:\/\/staging.betting.ca\/fr\/revue\/bet365\/\" class=\"sb-review\">Read Review<\/a>\n<\/div>\n<div class=\"sb-card sb-card--green\">\n<div class=\"sb-card__header\">\n<span class=\"sb-rank\">#4<\/span>\n<div class=\"sb-stars\"><span class=\"sb-star\">&#9733;<\/span><span class=\"sb-star\">&#9733;<\/span><span class=\"sb-star\">&#9733;<\/span><span class=\"sb-star\">&#9733;<\/span><span class=\"sb-star sb-star--half\">&#9733;<\/span><\/div>\n<\/div>\n<a class=\"sb-logo\" href=\"https:\/\/staging.betting.ca\/fr\/revue\/spin-sports\/\" >\n<img decoding=\"async\" src=\"https:\/\/staging.betting.ca\/images\/reviews\/spin-sports-logo.png\" alt=\"Spin Sports\">\n<\/a>\n<p class=\"sb-bonus\">CAD 200<\/p>\n<a href=\"\/go\/spin-sports\" class=\"sb-cta\">Get Bonus<\/a>\n<a href=\"https:\/\/staging.betting.ca\/fr\/revue\/spin-sports\/\" class=\"sb-review\">Read Review<\/a>\n<\/div>\n<div class=\"sb-card sb-card--red\">\n<div class=\"sb-card__header\">\n<span class=\"sb-rank\">#5<\/span>\n<div class=\"sb-stars\"><span class=\"sb-star\">&#9733;<\/span><span class=\"sb-star\">&#9733;<\/span><span class=\"sb-star\">&#9733;<\/span><span class=\"sb-star\">&#9733;<\/span><span class=\"sb-star sb-star--half\">&#9733;<\/span><\/div>\n<\/div>\n<a class=\"sb-logo\" href=\"https:\/\/staging.betting.ca\/fr\/revue\/bodog\/\" >\n<img decoding=\"async\" src=\"https:\/\/staging.betting.ca\/images\/reviews\/bodog-logo.png\" alt=\"Bodog\">\n<\/a>\n<p class=\"sb-bonus\">CAD 200<\/p>\n<a href=\"\/go\/bodog\" class=\"sb-cta\">Get Bonus<\/a>\n<a href=\"https:\/\/staging.betting.ca\/fr\/revue\/bodog\/\" class=\"sb-review\">Read Review<\/a>\n<\/div>\n<div class=\"sb-card sb-card--blue\">\n<div class=\"sb-card__header\">\n<span class=\"sb-rank\">#6<\/span>\n<div class=\"sb-stars\"><span class=\"sb-star\">&#9733;<\/span><span class=\"sb-star\">&#9733;<\/span><span class=\"sb-star\">&#9733;<\/span><span class=\"sb-star sb-star--half\">&#9733;<\/span><span class=\"sb-star sb-star--empty\">&#9733;<\/span><\/div>\n<\/div>\n<a class=\"sb-logo\" href=\"https:\/\/staging.betting.ca\/fr\/revue\/betonline\/\" >\n<img decoding=\"async\" src=\"https:\/\/staging.betting.ca\/images\/reviews\/betonline-logo.png\" alt=\"BetOnline\">\n<\/a>\n<p class=\"sb-bonus\">CAD 2500<\/p>\n<a href=\"\/go\/betonline\" class=\"sb-cta\">Get Bonus<\/a>\n<a href=\"https:\/\/staging.betting.ca\/fr\/revue\/betonline\/\" class=\"sb-review\">Read Review<\/a>\n<\/div>\n<\/div><\/div>\n<h2 id=\"paris-sportifs-en-ontario\"><strong>Paris sportifs en Ontario<\/strong><\/h2>\nLes r\u00e9sidents de l&rsquo;Ontario ont acc\u00e8s \u00e0 certaines des meilleures \u00e9quipes sportives du pays. <\/p>\n<p>Les \u00e9quipes de niveau professionnel et de second niveau sont tr\u00e8s excitantes. Malheureusement, le syst\u00e8me de paris fourni et contr\u00f4l\u00e9 par le gouvernement est d&rsquo;un calibre inf\u00e9rieur. Il n\u2019offre pas le m\u00eame enthousiasme que les options de paris sportifs en ligne \u00e0 l\u2019\u00e9tranger. <\/p>\n<p>Le syst\u00e8me de paris OLG Proline actuel est consid\u00e9r\u00e9 comme un homme des cavernes parce que les gens doivent utiliser du papier et un crayon pour compl\u00e9ter leur processus de s\u00e9lection. Ce formulaire est \u00e9galement pr\u00e9sent dans d\u2019autres pays, mais cela ne signifie pas pour autant qu\u2019il est appuy\u00e9.<\/p>\n<p>Et bien que les paris puissent \u00eatre plac\u00e9s assez facilement en allant au magasin de d\u00e9tail le plus proche, qui peut \u00eatre n\u2019importe quel magasin, il existe des options en ligne bien meilleures et plus accessibles qui n\u2019incluent pas le fait de quitter votre domicile pour faire le pari. <\/p>\n<p>Pour aggraver les choses, vous ne pouvez pas faire cela via le site Web OLG Proline. Vous pouvez pr\u00e9visualiser la liste de s\u00e9lections, mais vous devez toujours effectuer le d\u00e9placement pour placer le pari.<\/p>\n<p>Les principaux \u00e9l\u00e9ments qui caract\u00e9risent ce syst\u00e8me sont:<\/p>\n<ul>\n<li>Cinq diff\u00e9rentes cat\u00e9gories de cotes<\/li>\n<li>Aucun pari de jeu unique n\u2019est autoris\u00e9<\/li>\n<li>Les billets doivent \u00eatre achet\u00e9s chez votre magasin de d\u00e9tail local<\/li>\n<\/ul>\n<p>Mais le plus gros inconv\u00e9nient n\u2019est pas la d\u00e9cision de faire un d\u00e9placement ou la r\u00e8gle du pari simple. Ce sont les cotes. Elles sont vraiment inf\u00e9rieures en les comparant aux cotes trouv\u00e9es sur les sites de paris sportifs \u00e0 l\u2019\u00e9tranger, o\u00f9 la concurrence est plus f\u00e9roce, ce qui donne des cotes plus favorables. C\u2019est comme si le groupe OLG Proline \u00e9tait guid\u00e9 par la pens\u00e9e que \u201c\u2009quelque chose est mieux que rien\u201d.<\/p>\n<p>En plus de cela, certaines r\u00e8gles de paris sont carr\u00e9ment injustes. Par exemple, les parieurs de la NFL doivent choisir si le visiteur ou l&rsquo;\u00e9quipe locale va gagner, ce qui est OK. Mais, ils doivent pr\u00e9dire que l\u2019\u00e9quipe gagnera par au moins 8 points. Ils peuvent \u00e9galement choisir un match nul, mais dans ce cas, le jeu doit \u00eatre d\u00e9cid\u00e9 par 3 points ou moins. Dans le monde des paris sportifs en ligne, cela est consid\u00e9r\u00e9 comme totalement injuste.<\/p>\n<h2 id=\"loi-sur-le-jeu-en-ontario\"><strong>Loi sur le jeu en Ontario<\/strong><\/h2>\n<p>Malgr\u00e9 tous les inconv\u00e9nients de la loterie de paris sportifs contr\u00f4l\u00e9e par le gouvernement, le Canada est consid\u00e9r\u00e9 comme l&rsquo;un des pays les plus assouplis \u00e0 l&rsquo;\u00e9gard des jeux et des paris sportifs. Toutes les formes de jeu sont r\u00e9gies l\u00e9galement par la <a href=\"https:\/\/www.ontario.ca\/laws\/statute\/92g24\">Loi de 1992 sur la r\u00e9glementation des jeux<\/a>. La loi a ouvert la voie au tout premier casino sur site de la province de l&rsquo;Ontario.<\/p>\n<p>Ainsi, les paris sportifs sont l\u00e9gaux. Et pas seulement hors ligne, mais en ligne \u00e9galement. Il y a un vide juridique en Ontario et partout au Canada en ce qui concerne les paris en ligne, qui n&rsquo;a pas \u00e9t\u00e9 abord\u00e9 dans aucune loi provinciale. La loi dit qu\u2019il est ill\u00e9gal pour les joueurs de parier dans des salles de paris sans licence, mais \u00e9tant donn\u00e9 que tous les sites de paris sportifs \u00e0 l\u2019\u00e9tranger sont licenci\u00e9s quelque part, cela ne concerne pas les parieurs.<\/p>\n<p>En cons\u00e9quence, les paris en ligne sont consid\u00e9r\u00e9s comme l\u00e9gaux et les citoyens de l&rsquo;Ontario et du Canada en g\u00e9n\u00e9ral ne sont pas harcel\u00e9s pour avoir plac\u00e9 des paris sur des sites de paris sportifs \u00e0 l\u2019\u00e9tranger. De plus, leurs gains ne sont pas du tout impos\u00e9s.<\/p>\n<h2 id=\"les-autorites-de-delivrance-des-permis-en-ontario\"><strong>Les autorit\u00e9s de d\u00e9livrance des permis en Ontario<\/strong><\/h2>\n<p>La loi sur le jeu est appliqu\u00e9e par la <a href=\"http:\/\/www.agco.on.ca\/\">Commission des alcools et des jeux de l&rsquo;Ontario<\/a>. Certaines provinces partagent la m\u00eame agence, mais l&rsquo;Ontario a sa propre agence. La Commission a \u00e9t\u00e9 cr\u00e9\u00e9e en 1998 et son travail consiste \u00e0 veiller \u00e0 l\u2019int\u00e9r\u00eat g\u00e9n\u00e9ral et \u00e0 superviser toutes les activit\u00e9s de jeu pour qu\u2019elles soient consid\u00e9r\u00e9es comme socialement responsables.<\/p>\n<h2 id=\"population-de-lontario\"><strong>Population de l&rsquo;Ontario<\/strong><\/h2>\n<p>L&rsquo;Ontario est la deuxi\u00e8me plus grande province du Canada en superficie totale, mais la plus grande en termes de population. Cette province compte 14 millions d&rsquo;habitants et repr\u00e9sente pr\u00e8s de 40 % de tous les Canadiens. La majorit\u00e9 des Ontariens sont d&rsquo;origine europ\u00e9enne, ce qui signifie <strong>Anglais, \u00c9cossais, Irlandais, Italien et Fran\u00e7ais<\/strong>. La majorit\u00e9 de la population de l&rsquo;Ontario se consid\u00e8re comme catholique et protestante, mais il y a aussi beaucoup qui n&rsquo;a profess\u00e9 aucune appartenance religieuse. La langue officielle est l&rsquo;anglais, tandis que le fran\u00e7ais est largement parl\u00e9 dans le nord-est de la province.<\/p>\n<h2 id=\"sites-de-pari-hors-ligne-en-ontario\"><strong>Sites de pari hors ligne en Ontario<\/strong><\/h2>\n<p>Tous les sites hors ligne qui fournissent des services de jeu sont d\u00e9tenus et co-administr\u00e9s par la <a href=\"https:\/\/fr.wikipedia.org\/wiki\/Soci\u00e9t\u00e9_des_loteries_et_des_jeux_de_l%27Ontario\">Soci\u00e9t\u00e9 des loteries et des jeux de l\u2019Ontario<\/a>. Ils g\u00e8rent 10 des casinos sur site et exploitent directement avec:<\/p>\n<ul>\n<li><a href=\"http:\/\/www.olgslotsandcasinos.ca\/thunder-bay\/\">OLG Casino Thunder Bay<\/a><\/li>\n<li><a href=\"http:\/\/www.olgslotsandcasinos.ca\/thousand-islands\/\">OLG Casino Thousand Islands<\/a><\/li>\n<li><a href=\"http:\/\/www.olgslotsandcasinos.ca\/point-edward\/\">OLG Casino Point Edward<\/a><\/li>\n<li><a href=\"http:\/\/www.gbhcasino.com\/\">Great Blue Heron Casino<\/a><\/li>\n<li><a href=\"http:\/\/www.olgslotsandcasinos.ca\/sault-ste-marie\/\">OLG Casino Sault Ste-Marie<\/a><\/li>\n<li><a href=\"http:\/\/www.olgslotsandcasinos.ca\/brantford\/\">OLG Casino Brantford<\/a><\/li>\n<\/ul>\n<p>Les autres sont exploit\u00e9es par des entreprises priv\u00e9es qui sont agr\u00e9\u00e9es par l&rsquo;OLG comme <strong><a href=\"https:\/\/www.fallsviewcasinoresort.com\/\">Niagara Fallsview Casino Resort<\/a>, <a href=\"https:\/\/www.caesars.com\/caesars-windsor\">Caesars Windsor<\/a> et <a>Niagara<\/a><\/strong>. Lorsque les parieurs sportifs veulent jouer aux machines \u00e0 sous ou aux jeux de table, ils peuvent \u00e9galement le faire \u00e0 l&rsquo;ext\u00e9rieur des casinos dans certains des hippodromes de la province. Il y a aussi des salles de poker \u00e0 chacun des 10 casinos sur sites exploit\u00e9s par OLG. Le plus grand de tous les sites est le Casino Niagara.<\/p>\n<h2 id=\"conclusion\"><strong>Conclusion<\/strong><\/h2>\n<p>Les Ontariens, tout comme les autres Canadiens, ont presque une totale libert\u00e9 des endroits o\u00f9 parier sur le sport. Ils ont la possibilit\u00e9 de faire des paris Proline, qui sont consid\u00e9r\u00e9s comme un syst\u00e8me de pari de qualit\u00e9 inf\u00e9rieure, ou de parier en ligne o\u00f9 la vari\u00e9t\u00e9 est beaucoup plus grande et les cotes sont beaucoup plus favorables. En ce moment, les paris sportifs sont disponibles uniquement dans les magasins de d\u00e9tail, de sorte que les joueurs ne peuvent pas miser sur le sport dans les casinos comme \u00e0 Las Vegas<\/p>\n","protected":false},"excerpt":{"rendered":"Ontario est consid\u00e9r\u00e9e comme l&rsquo;une des provinces les plus progressistes au Canada. Il y a une \u00e9quipe de la MLS, deux \u00e9quipes de la LNH, trois \u00e9quipes de la LCF, et la seule \u00e9quipe NBA et MLB du Grand Nord blanc. En outre, avec plus de 14 millions d&rsquo;habitants, l&rsquo;Ontario est la r\u00e9gion la plus [&hellip;]","protected":false},"author":2,"featured_media":0,"parent":0,"menu_order":0,"comment_status":"closed","ping_status":"closed","template":"","meta":{"footnotes":""},"class_list":["post-84","page","type-page","status-publish","hentry"],"acf":[],"yoast_head":"<!-- This site is optimized with the Yoast SEO plugin v27.1.1 - https:\/\/yoast.com\/product\/yoast-seo-wordpress\/ -->\n<title>Paris sportifs en Ontario - Lieux de paris et lois sur les paris<\/title>\n<meta name=\"description\" content=\"En savoir plus sur toutes les options de paris sportifs \u00e0 la disposition des personnes en Ontario, o\u00f9 c\u2019est mieux et o\u00f9 c\u2019est pire, et si les paris sportifs en ligne sont autoris\u00e9s\" \/>\n<meta name=\"robots\" content=\"index, follow, max-snippet:-1, max-image-preview:large, max-video-preview:-1\" \/>\n<link rel=\"canonical\" href=\"https:\/\/staging.betting.ca\/fr\/ontario\/\" \/>\n<meta property=\"og:locale\" content=\"fr_CA\" \/>\n<meta property=\"og:type\" content=\"article\" \/>\n<meta property=\"og:title\" content=\"Paris sportifs en Ontario - Lieux de paris et lois sur les paris\" \/>\n<meta property=\"og:description\" content=\"En savoir plus sur toutes les options de paris sportifs \u00e0 la disposition des personnes en Ontario, o\u00f9 c\u2019est mieux et o\u00f9 c\u2019est pire, et si les paris sportifs en ligne sont autoris\u00e9s\" \/>\n<meta property=\"og:url\" content=\"https:\/\/staging.betting.ca\/fr\/ontario\/\" \/>\n<meta property=\"og:site_name\" content=\"Staging Betting.ca FR\" \/>\n<meta property=\"og:image\" content=\"https:\/\/staging.betting.ca\/images\/reviews\/betonline-logo.png\" \/>\n<meta name=\"twitter:card\" content=\"summary_large_image\" \/>\n<meta name=\"twitter:label1\" content=\"Estimation du temps de lecture\" \/>\n\t<meta name=\"twitter:data1\" content=\"6 minutes\" \/>\n<script type=\"application\/ld+json\" class=\"yoast-schema-graph\">{\"@context\":\"https:\/\/schema.org\",\"@graph\":[{\"@type\":\"WebPage\",\"@id\":\"https:\/\/staging.betting.ca\/fr\/ontario\/\",\"url\":\"https:\/\/staging.betting.ca\/fr\/ontario\/\",\"name\":\"Paris sportifs en Ontario - Lieux de paris et lois sur les paris\",\"isPartOf\":{\"@id\":\"https:\/\/staging.betting.ca\/fr\/#website\"},\"primaryImageOfPage\":{\"@id\":\"https:\/\/staging.betting.ca\/fr\/ontario\/#primaryimage\"},\"image\":{\"@id\":\"https:\/\/staging.betting.ca\/fr\/ontario\/#primaryimage\"},\"thumbnailUrl\":\"https:\/\/www.betting.ca\/wp-content\/uploads\/2017\/04\/ontario-sports-betting.jpg\",\"datePublished\":\"2019-05-16T16:38:31+00:00\",\"description\":\"En savoir plus sur toutes les options de paris sportifs \u00e0 la disposition des personnes en Ontario, o\u00f9 c\u2019est mieux et o\u00f9 c\u2019est pire, et si les paris sportifs en ligne sont autoris\u00e9s\",\"breadcrumb\":{\"@id\":\"https:\/\/staging.betting.ca\/fr\/ontario\/#breadcrumb\"},\"inLanguage\":\"fr-CA\",\"potentialAction\":[{\"@type\":\"ReadAction\",\"target\":[\"https:\/\/staging.betting.ca\/fr\/ontario\/\"]}]},{\"@type\":\"ImageObject\",\"inLanguage\":\"fr-CA\",\"@id\":\"https:\/\/staging.betting.ca\/fr\/ontario\/#primaryimage\",\"url\":\"https:\/\/staging.betting.ca\/images\/reviews\/betonline-logo.png\",\"contentUrl\":\"https:\/\/staging.betting.ca\/images\/reviews\/betonline-logo.png\"},{\"@type\":\"BreadcrumbList\",\"@id\":\"https:\/\/staging.betting.ca\/fr\/ontario\/#breadcrumb\",\"itemListElement\":[{\"@type\":\"ListItem\",\"position\":1,\"name\":\"Home\",\"item\":\"https:\/\/staging.betting.ca\/fr\/\"},{\"@type\":\"ListItem\",\"position\":2,\"name\":\"Ontario\"}]},{\"@type\":\"WebSite\",\"@id\":\"https:\/\/staging.betting.ca\/fr\/#website\",\"url\":\"https:\/\/staging.betting.ca\/fr\/\",\"name\":\"Staging Betting.ca FR\",\"description\":\"\",\"potentialAction\":[{\"@type\":\"SearchAction\",\"target\":{\"@type\":\"EntryPoint\",\"urlTemplate\":\"https:\/\/staging.betting.ca\/fr\/?s={search_term_string}\"},\"query-input\":{\"@type\":\"PropertyValueSpecification\",\"valueRequired\":true,\"valueName\":\"search_term_string\"}}],\"inLanguage\":\"fr-CA\"}]}<\/script>\n<!-- \/ Yoast SEO plugin. -->","yoast_head_json":{"title":"Paris sportifs en Ontario - Lieux de paris et lois sur les paris","description":"En savoir plus sur toutes les options de paris sportifs \u00e0 la disposition des personnes en Ontario, o\u00f9 c\u2019est mieux et o\u00f9 c\u2019est pire, et si les paris sportifs en ligne sont autoris\u00e9s","robots":{"index":"index","follow":"follow","max-snippet":"max-snippet:-1","max-image-preview":"max-image-preview:large","max-video-preview":"max-video-preview:-1"},"canonical":"https:\/\/staging.betting.ca\/fr\/ontario\/","og_locale":"fr_CA","og_type":"article","og_title":"Paris sportifs en Ontario - Lieux de paris et lois sur les paris","og_description":"En savoir plus sur toutes les options de paris sportifs \u00e0 la disposition des personnes en Ontario, o\u00f9 c\u2019est mieux et o\u00f9 c\u2019est pire, et si les paris sportifs en ligne sont autoris\u00e9s","og_url":"https:\/\/staging.betting.ca\/fr\/ontario\/","og_site_name":"Staging Betting.ca FR","og_image":[{"url":"https:\/\/staging.betting.ca\/images\/reviews\/betonline-logo.png","type":"","width":"","height":""}],"twitter_card":"summary_large_image","twitter_misc":{"Estimation du temps de lecture":"6 minutes"},"schema":{"@context":"https:\/\/schema.org","@graph":[{"@type":"WebPage","@id":"https:\/\/staging.betting.ca\/fr\/ontario\/","url":"https:\/\/staging.betting.ca\/fr\/ontario\/","name":"Paris sportifs en Ontario - Lieux de paris et lois sur les paris","isPartOf":{"@id":"https:\/\/staging.betting.ca\/fr\/#website"},"primaryImageOfPage":{"@id":"https:\/\/staging.betting.ca\/fr\/ontario\/#primaryimage"},"image":{"@id":"https:\/\/staging.betting.ca\/fr\/ontario\/#primaryimage"},"thumbnailUrl":"https:\/\/www.betting.ca\/wp-content\/uploads\/2017\/04\/ontario-sports-betting.jpg","datePublished":"2019-05-16T16:38:31+00:00","description":"En savoir plus sur toutes les options de paris sportifs \u00e0 la disposition des personnes en Ontario, o\u00f9 c\u2019est mieux et o\u00f9 c\u2019est pire, et si les paris sportifs en ligne sont autoris\u00e9s","breadcrumb":{"@id":"https:\/\/staging.betting.ca\/fr\/ontario\/#breadcrumb"},"inLanguage":"fr-CA","potentialAction":[{"@type":"ReadAction","target":["https:\/\/staging.betting.ca\/fr\/ontario\/"]}]},{"@type":"ImageObject","inLanguage":"fr-CA","@id":"https:\/\/staging.betting.ca\/fr\/ontario\/#primaryimage","url":"https:\/\/staging.betting.ca\/images\/reviews\/betonline-logo.png","contentUrl":"https:\/\/staging.betting.ca\/images\/reviews\/betonline-logo.png"},{"@type":"BreadcrumbList","@id":"https:\/\/staging.betting.ca\/fr\/ontario\/#breadcrumb","itemListElement":[{"@type":"ListItem","position":1,"name":"Home","item":"https:\/\/staging.betting.ca\/fr\/"},{"@type":"ListItem","position":2,"name":"Ontario"}]},{"@type":"WebSite","@id":"https:\/\/staging.betting.ca\/fr\/#website","url":"https:\/\/staging.betting.ca\/fr\/","name":"Staging Betting.ca FR","description":"","potentialAction":[{"@type":"SearchAction","target":{"@type":"EntryPoint","urlTemplate":"https:\/\/staging.betting.ca\/fr\/?s={search_term_string}"},"query-input":{"@type":"PropertyValueSpecification","valueRequired":true,"valueName":"search_term_string"}}],"inLanguage":"fr-CA"}]}},"_links":{"self":[{"href":"https:\/\/staging.betting.ca\/fr\/wp-json\/wp\/v2\/pages\/84","targetHints":{"allow":["GET"]}}],"collection":[{"href":"https:\/\/staging.betting.ca\/fr\/wp-json\/wp\/v2\/pages"}],"about":[{"href":"https:\/\/staging.betting.ca\/fr\/wp-json\/wp\/v2\/types\/page"}],"author":[{"embeddable":true,"href":"https:\/\/staging.betting.ca\/fr\/wp-json\/wp\/v2\/users\/2"}],"replies":[{"embeddable":true,"href":"https:\/\/staging.betting.ca\/fr\/wp-json\/wp\/v2\/comments?post=84"}],"version-history":[{"count":0,"href":"https:\/\/staging.betting.ca\/fr\/wp-json\/wp\/v2\/pages\/84\/revisions"}],"wp:attachment":[{"href":"https:\/\/staging.betting.ca\/fr\/wp-json\/wp\/v2\/media?parent=84"}],"curies":[{"name":"wp","href":"https:\/\/api.w.org\/{rel}","templated":true}]}}