{"id":83,"date":"2019-06-03T15:14:26","date_gmt":"2019-06-03T15:14:26","guid":{"rendered":"https:\/\/www.betting.ca\/fr\/?page_id=83"},"modified":"2019-06-03T15:14:26","modified_gmt":"2019-06-03T15:14:26","slug":"nunavut","status":"publish","type":"page","link":"https:\/\/staging.betting.ca\/fr\/nunavut\/","title":{"rendered":"Nunavut"},"content":{"rendered":"<p><img decoding=\"async\" src=\"https:\/\/www.betting.ca\/wp-content\/uploads\/2017\/04\/nunavut-sports-betting.jpg\" alt=\"Meilleurs sites de paris sportifs canadiens pour le Nunavut\" width=\"300\" class=\"alignright size-full wp-image-745\" \/><a href=\"https:\/\/www.nunavuttourism.com\/french-landing\/\">Nunavut<\/a> est le territoire le plus r\u00e9cent, le plus grand, et le plus au nord des territoires du Canada. Il a \u00e9t\u00e9 d\u00e9clar\u00e9 comme une province lorsqu&rsquo;il a \u00e9t\u00e9 officiellement s\u00e9par\u00e9 des Territoires du Nord-Ouest le 1er avril 1999. Et m\u00eame si le Nunavut est la plus grande province canadienne, c&rsquo;est la deuxi\u00e8me province la moins peupl\u00e9e au Canada. En fait, c&rsquo;est l&rsquo;une des r\u00e9gions les plus isol\u00e9es des territoires, non seulement au Canada, mais dans le monde entier.<\/p>\n<p>C&rsquo;est pourquoi il est tr\u00e8s difficile pour les joueurs qui y vivent de trouver des options de jeu et de paris. Ils ont l&rsquo;option de choisir entre les paris sportifs et les jeux de loterie offerts par la province ou les quelques \u00e9tablissements qui offrent des <a href=\"https:\/\/en.wikipedia.org\/wiki\/Video_lottery_terminal\">appareils de loterie vid\u00e9o (ALV)<\/a>.<\/p>\n<h2 id=\"sites-de-paris-sportifs-canadiens-recommandes-au-nunavut\">Sites de paris sportifs canadiens recommand\u00e9s au Nunavut<\/h2>\n<div id=\"ca-sportsbooks\">\n<div class=\"sb-grid\">\n<div class=\"sb-card sb-card--red\">\n<div class=\"sb-card__header\">\n<span class=\"sb-rank\">#1<\/span>\n<div class=\"sb-stars\"><span class=\"sb-star\">&#9733;<\/span><span class=\"sb-star\">&#9733;<\/span><span class=\"sb-star\">&#9733;<\/span><span class=\"sb-star\">&#9733;<\/span><span class=\"sb-star\">&#9733;<\/span><\/div>\n<\/div>\n<a class=\"sb-logo\" href=\"https:\/\/staging.betting.ca\/fr\/revue\/betway\/\" >\n<img decoding=\"async\" src=\"https:\/\/staging.betting.ca\/images\/reviews\/betway-logo.png\" alt=\"Betway\">\n<\/a>\n<p class=\"sb-bonus\">2000 CAD<\/p>\n<a href=\"\/go\/betway\" class=\"sb-cta\">Get Bonus<\/a>\n<a href=\"https:\/\/staging.betting.ca\/fr\/revue\/betway\/\" class=\"sb-review\">Read Review<\/a>\n<\/div>\n<div class=\"sb-card sb-card--blue\">\n<div class=\"sb-card__header\">\n<span class=\"sb-rank\">#2<\/span>\n<div class=\"sb-stars\"><span class=\"sb-star\">&#9733;<\/span><span class=\"sb-star\">&#9733;<\/span><span class=\"sb-star\">&#9733;<\/span><span class=\"sb-star\">&#9733;<\/span><span class=\"sb-star sb-star--half\">&#9733;<\/span><\/div>\n<\/div>\n<a class=\"sb-logo\" href=\"https:\/\/staging.betting.ca\/fr\/revue\/sports-interaction\/\" >\n<img decoding=\"async\" src=\"https:\/\/staging.betting.ca\/images\/reviews\/sports-interaction-logo.png\" alt=\"Sports Interaction\">\n<\/a>\n<p class=\"sb-bonus\">CAD 125<\/p>\n<a href=\"\/go\/sports-interaction\" class=\"sb-cta\">Get Bonus<\/a>\n<a href=\"https:\/\/staging.betting.ca\/fr\/revue\/sports-interaction\/\" class=\"sb-review\">Read Review<\/a>\n<\/div>\n<div class=\"sb-card sb-card--orange\">\n<div class=\"sb-card__header\">\n<span class=\"sb-rank\">#3<\/span>\n<div class=\"sb-stars\"><span class=\"sb-star\">&#9733;<\/span><span class=\"sb-star\">&#9733;<\/span><span class=\"sb-star\">&#9733;<\/span><span class=\"sb-star\">&#9733;<\/span><span class=\"sb-star sb-star--half\">&#9733;<\/span><\/div>\n<\/div>\n<a class=\"sb-logo\" href=\"https:\/\/staging.betting.ca\/fr\/revue\/bet365\/\" >\n<img decoding=\"async\" src=\"https:\/\/staging.betting.ca\/images\/reviews\/bet365-logo.png\" alt=\"Bet365\">\n<\/a>\n<p class=\"sb-bonus\">CAD 200<\/p>\n<a href=\"\/go\/bet365\" class=\"sb-cta\">Get Bonus<\/a>\n<a href=\"https:\/\/staging.betting.ca\/fr\/revue\/bet365\/\" class=\"sb-review\">Read Review<\/a>\n<\/div>\n<div class=\"sb-card sb-card--green\">\n<div class=\"sb-card__header\">\n<span class=\"sb-rank\">#4<\/span>\n<div class=\"sb-stars\"><span class=\"sb-star\">&#9733;<\/span><span class=\"sb-star\">&#9733;<\/span><span class=\"sb-star\">&#9733;<\/span><span class=\"sb-star\">&#9733;<\/span><span class=\"sb-star sb-star--half\">&#9733;<\/span><\/div>\n<\/div>\n<a class=\"sb-logo\" href=\"https:\/\/staging.betting.ca\/fr\/revue\/spin-sports\/\" >\n<img decoding=\"async\" src=\"https:\/\/staging.betting.ca\/images\/reviews\/spin-sports-logo.png\" alt=\"Spin Sports\">\n<\/a>\n<p class=\"sb-bonus\">CAD 200<\/p>\n<a href=\"\/go\/spin-sports\" class=\"sb-cta\">Get Bonus<\/a>\n<a href=\"https:\/\/staging.betting.ca\/fr\/revue\/spin-sports\/\" class=\"sb-review\">Read Review<\/a>\n<\/div>\n<div class=\"sb-card sb-card--red\">\n<div class=\"sb-card__header\">\n<span class=\"sb-rank\">#5<\/span>\n<div class=\"sb-stars\"><span class=\"sb-star\">&#9733;<\/span><span class=\"sb-star\">&#9733;<\/span><span class=\"sb-star\">&#9733;<\/span><span class=\"sb-star\">&#9733;<\/span><span class=\"sb-star sb-star--half\">&#9733;<\/span><\/div>\n<\/div>\n<a class=\"sb-logo\" href=\"https:\/\/staging.betting.ca\/fr\/revue\/bodog\/\" >\n<img decoding=\"async\" src=\"https:\/\/staging.betting.ca\/images\/reviews\/bodog-logo.png\" alt=\"Bodog\">\n<\/a>\n<p class=\"sb-bonus\">CAD 200<\/p>\n<a href=\"\/go\/bodog\" class=\"sb-cta\">Get Bonus<\/a>\n<a href=\"https:\/\/staging.betting.ca\/fr\/revue\/bodog\/\" class=\"sb-review\">Read Review<\/a>\n<\/div>\n<div class=\"sb-card sb-card--blue\">\n<div class=\"sb-card__header\">\n<span class=\"sb-rank\">#6<\/span>\n<div class=\"sb-stars\"><span class=\"sb-star\">&#9733;<\/span><span class=\"sb-star\">&#9733;<\/span><span class=\"sb-star\">&#9733;<\/span><span class=\"sb-star sb-star--half\">&#9733;<\/span><span class=\"sb-star sb-star--empty\">&#9733;<\/span><\/div>\n<\/div>\n<a class=\"sb-logo\" href=\"https:\/\/staging.betting.ca\/fr\/revue\/betonline\/\" >\n<img decoding=\"async\" src=\"https:\/\/staging.betting.ca\/images\/reviews\/betonline-logo.png\" alt=\"BetOnline\">\n<\/a>\n<p class=\"sb-bonus\">CAD 2500<\/p>\n<a href=\"\/go\/betonline\" class=\"sb-cta\">Get Bonus<\/a>\n<a href=\"https:\/\/staging.betting.ca\/fr\/revue\/betonline\/\" class=\"sb-review\">Read Review<\/a>\n<\/div>\n<\/div><\/div>\n<p>\u00c0 part cela, il n\u2019y a seulement que les sites de paris sportifs en ligne pour les personnes vivant au Nunavut. C&rsquo;est la raison pour laquelle les sites de paris en ligne tels que <a href=\"\/fr\/revue\/bodog\">Bodog<\/a>, <a href=\"\/fr\/revue\/bet365\">Bet365<\/a>, <a href=\"\/fr\/revue\/888sport\">888sport<\/a> et d&rsquo;autres sont en si grande demande aupr\u00e8s des r\u00e9sidants du Nunavut.<\/p>\n<h2 id=\"paris-sportifs-au-nunavut\">Paris sportifs au Nunavut<\/h2>\nLes paris sportifs dans la r\u00e9gion du Nunavut sont men\u00e9s et organis\u00e9s par la <a href=\"https:\/\/www.wclc.com\/home.htm\">Western Canada Lottery Corporation (WCLC)<\/a>. La Western Canada Lottery Corporation (WCLC) est un organisme sans but lucratif qui a des activit\u00e9s de jeu et de loterie dans son portefeuille et il m\u00e8ne ses activit\u00e9s dans plusieurs provinces canadiennes, y compris au Nunavut.<\/p>\n<p>Il offre \u00e0 ses clients plusieurs types de paris sportifs et ils doivent tous \u00eatre de type progressif, ce qui signifie que l&rsquo;amateur de pari doit combiner au moins deux \u00e9v\u00e9nements sportifs sur son billet. <\/p>\n<p>En outre, comme dans toutes les provinces canadiennes, parier sur un seul \u00e9v\u00e9nement est strictement interdit et si les r\u00e9sidents du Nunavut aiment parier sur des \u00e9v\u00e9nements sportifs uniques, ils devront aller aupr\u00e8s de certains preneurs aux livres en ligne.<\/p>\n<p>Tous les jeux de paris sportifs au Nunavut sont offerts par la Northwest Territories Sport and Recreation Council agissant comme repr\u00e9sentant autoris\u00e9 de la WCLC pour le Nunavut et les Territoires du Nord-Ouest.<\/p>\n<h3 id=\"pro-line\">Pro-Line<\/h3>\n<p>Pro-Line est un type de jeu dans lequel le parieur doit choisir 3 \u00e0 6 \u00e9v\u00e9nements sportifs. Il gagne lorsque tous les 3 \u00e0 6 r\u00e9sultats sont corrects. La mise minimum pour un billet Pro-Line est de 2\u00a0$ et le maximum est de 100\u00a0$.<\/p>\n<h3 id=\"point-spread\">Point-Spread<\/h3>\n<p>Le deuxi\u00e8me type de paris sportifs que la WCLC offre est Point-Spread. Il s\u2019agit d\u2019un jeu dans lequel la WCLC attribue un handicap \u00e0 l&rsquo;une des \u00e9quipes de sorte que les chances d\u2019une victoire \u00e0 l&rsquo;ext\u00e9rieur ou \u00e0 domicile sont les m\u00eames.<\/p>\n<p>Le parieur doit choisir un minimum de 2 parties, ce qui signifie qu&rsquo;il y a une option pour avoir un billet o\u00f9 vous inclurez de 2 \u00e0 12 parties. Les sports inclus dans l\u2019offre du point-spread sont le basketball professionnel et coll\u00e9gial, le football professionnel et coll\u00e9gial, le hockey et <a href=\"https:\/\/www.betting.ca\/fr\/paris-baseball\">le baseball<\/a>.<\/p>\n<h3 id=\"pro-picks-pools\">Pro-Picks Pools<\/h3>\n<p>Pro-Picks Pools est un billet de s\u00e9lection sur lequel le parieur doit choisir et pr\u00e9dire le gagnant de chaque \u00e9v\u00e9nement. Il y a une carte de pr\u00e9vision de pari sp\u00e9ciale fournie par la WCLC pour ce jeu.<\/p>\n<p>Sur la carte, il y a des jeux quotidiens des ligues individuelles. Par exemple, la carte\u00a02016 de la semaine\u00a011 de la NFL \u00e9tait compos\u00e9e de 13 jeux dont les r\u00e9sultats ont \u00e9t\u00e9 correctement pr\u00e9dits par 110 personnes jouant avec la WCLC. Cela signifie que tous les joueurs qui ont fait de bonnes pr\u00e9dictions ont divis\u00e9 les gains et chaque personne a gagn\u00e9 2\u00a0463\u00a0$.<\/p>\n<p>Une carte Pro-Picks co\u00fbte 5\u00a0$ \u00e0 l&rsquo;achat. Toutefois, il faut noter qu&rsquo;en raison du fait que le groupe pour payer les paris gagnants est de 60\u00a0% du total des mises effectu\u00e9es, l&rsquo;organisateur de paris, dans ce cas, la WCLC fait toujours un b\u00e9n\u00e9fice appr\u00e9ciable de 40\u00a0% au d\u00e9triment des joueurs.<\/p>\n<h3 id=\"pro-picks-props\">Pro-Picks Props<\/h3>\n<p>Contrairement au Pro-Picks Pools, les Pro-Picks Props sont des jeux de paris sportifs bas\u00e9s sur les cotes dans lequel les amateurs de paris misent sur 3 \u00e0 6 joueurs ou \u00e9quipes s\u00e9lectionn\u00e9es et leurs r\u00e9sultats. La mise minimum sur Pro-Picks Props est de 2\u00a0$ et le maximum est de 100\u00a0$.<\/p>\n<h2 id=\"preneurs-aux-livres-en-ligne\">Preneurs aux livres en ligne<\/h2>\n<p>Les paris sportifs en ligne et les preneurs aux livres sont extr\u00eamement populaires aupr\u00e8s des personnes vivant au Nunavut. C&rsquo;est parce que ces fournisseurs de pari \u00e0 l\u2019\u00e9tranger offrent beaucoup plus de chances par rapport \u00e0 l&rsquo;offre de la WCLC. <\/p>\n<p>En outre, les sites de paris en ligne tels que Bet365, Bodog et Pinnacle ont un nombre presque illimit\u00e9 de parties, d\u2019\u00e9v\u00e9nements et de promotions de jeu dans leur offre. Et en plus, ils offrent les \u00e9v\u00e9nements uniques tr\u00e8s pris\u00e9s par les parieurs.<\/p>\n<h2 id=\"lois-du-jeu-du-nunavut\">Lois du Jeu du Nunavut<\/h2>\n<p>Toutes les activit\u00e9s de paris et de jeux au Nunavut sont r\u00e9glement\u00e9es par le gouvernement provincial du Nunavut. Consumer Affairs est l&rsquo;un des organismes qui est principalement responsable du suivi de la fa\u00e7on dont les lois de jeu dans la province sont mises en \u0153uvre.<\/p>\n<p>Consumer Affairs aide les collectivit\u00e9s du Nunavut et les membres du grand public avec les probl\u00e8mes qu&rsquo;ils rencontrent dans le domaine des services aux consommateurs.<\/p>\n<h2 id=\"les-autorites-de-delivrance-des-permis-au-nunavut\">Les autorit\u00e9s de d\u00e9livrance des permis au Nunavut<\/h2>\n<p>En plus d&rsquo;obtenir des commentaires concernant la r\u00e9glementation, Consumer Affairs est \u00e9galement responsable de l\u2019octroi de licences pour les activit\u00e9s de jeu, en particulier pour des lieux et endroits o\u00f9 l&rsquo;octroi de licences n&rsquo;est pas possible autrement.<\/p>\n<p>Tel que mentionn\u00e9 sur leur site Web, au Nunavut, les licences de loterie sont requises pour des \u00e9v\u00e9nements comme les bingos, les tirages, les casinos et les pokers qui se d\u00e9roulent dans la province. Consumer Affairs est \u00e9galement responsable de la mise en \u0153uvre r\u00e9ussie des <strong>Nunavut Lottery Act and Regulations<\/strong>. <\/p>\n<h2 id=\"population-du-nunavut\">Population du Nunavut<\/h2>\n<p>Comme nous l&rsquo;avons mentionn\u00e9 pr\u00e9c\u00e9demment, le Nunavut est la plus grande en superficie et la deuxi\u00e8me moins peupl\u00e9e des provinces et territoires du Canada. Il compte une population de 35\u00a0944, principalement des Inuits, et est l&rsquo;une des r\u00e9gions les plus recul\u00e9es du monde. Sa capitale, Iqaluit, compte seulement environ 7\u00a0000 habitants.<\/p>\n<h2 id=\"sites-de-pari-hors-ligne-au-nunavut\">Sites de pari hors ligne au Nunavut<\/h2>\n<p>L&rsquo;offre de sites de pari hors ligne au Nunavut est extr\u00eamement limit\u00e9e. Par exemple, il n&rsquo;y a que deux points de vente de loterie au d\u00e9tail qui sont r\u00e9pertori\u00e9s sur le site Web des T.N.-O. et du Nunavut dans la capitale du Nunavut.<\/p>\n<p>En outre, \u00e9tant donn\u00e9 que l&rsquo;alcool est interdit dans la majeure partie de la province, il n&rsquo;y a presque pas d\u2019\u00e9tablissements vendant de l\u2019alcool dans lesquels des loteries vid\u00e9o pourraient \u00eatre exploit\u00e9es, ce qui limite encore plus l&rsquo;offre de jeu pour les gens du Nunavut.<\/p>\n<p>Il y a des tournois de poker Texas Hold&#8217;em qui se jouent de temps \u00e0 autre ainsi que les tournois <a href=\"https:\/\/fr.wikipedia.org\/wiki\/Texas_hold%27em\">Texas Hold\u2019em poker<\/a> au Nunavut et pour ces derniers, il y a un formulaire de demande \u00e0 remplir et des modalit\u00e9s \u00e0 respecter. Le formulaire de demande et les modalit\u00e9s sont \u00e9mis par le gouvernement local et le service de Consumer Affairs.<\/p>\n<p>En outre, pour les tournois de poker, il y a aussi le jeu de loterie de bienfaisance dans la province, et les licences de ces \u00e9v\u00e9nements peuvent \u00e9galement \u00eatre obtenues sur <strong>Nunavut\u2019s Consumer Affairs service<\/strong>.<\/p>\n<h2 id=\"conclusion\">Conclusion<\/h2>\n<p>Depuis, le Nunavut est l&rsquo;une des r\u00e9gions les plus isol\u00e9es et des moins peupl\u00e9es dans le monde, et les paris et les jeux de hasard ne sont pas la priorit\u00e9 du gouvernement local. Il y a tr\u00e8s peu d\u2019\u00e9tablissements de jeux et de paris, et presque pas d&rsquo;\u00e9tablissements dot\u00e9s de terminaux de loterie vid\u00e9o.<\/p>\n<p>Cependant, m\u00eame avec cette offre limit\u00e9e de paris, les habitants du Nunavut ont trouv\u00e9 des moyens de se divertir en visitant les sites de paris sportifs en ligne. Les probabilit\u00e9s plus \u00e9lev\u00e9es, les plus gros paiements et la plus grande offre de pari sont un motif suppl\u00e9mentaire pour la plupart des r\u00e9sidents de cette province canadienne la plus au nord de visiter les fournisseurs de paris en ligne.<\/p>\n","protected":false},"excerpt":{"rendered":"Nunavut est le territoire le plus r\u00e9cent, le plus grand, et le plus au nord des territoires du Canada. Il a \u00e9t\u00e9 d\u00e9clar\u00e9 comme une province lorsqu&rsquo;il a \u00e9t\u00e9 officiellement s\u00e9par\u00e9 des Territoires du Nord-Ouest le 1er avril 1999. Et m\u00eame si le Nunavut est la plus grande province canadienne, c&rsquo;est la deuxi\u00e8me province la [&hellip;]","protected":false},"author":2,"featured_media":0,"parent":0,"menu_order":0,"comment_status":"closed","ping_status":"closed","template":"","meta":{"footnotes":""},"class_list":["post-83","page","type-page","status-publish","hentry"],"acf":[],"yoast_head":"<!-- This site is optimized with the Yoast SEO plugin v27.1.1 - https:\/\/yoast.com\/product\/yoast-seo-wordpress\/ -->\n<title>Paris sportifs au Nunavut - Sites de jeu et l\u00e9gislateurs de jeux<\/title>\n<meta name=\"robots\" content=\"index, follow, max-snippet:-1, max-image-preview:large, max-video-preview:-1\" \/>\n<link rel=\"canonical\" href=\"https:\/\/staging.betting.ca\/fr\/nunavut\/\" \/>\n<meta property=\"og:locale\" content=\"fr_CA\" \/>\n<meta property=\"og:type\" content=\"article\" \/>\n<meta property=\"og:title\" content=\"Paris sportifs au Nunavut - Sites de jeu et l\u00e9gislateurs de jeux\" \/>\n<meta property=\"og:description\" content=\"Nunavut est le territoire le plus r\u00e9cent, le plus grand, et le plus au nord des territoires du Canada. Il a \u00e9t\u00e9 d\u00e9clar\u00e9 comme une province lorsqu&rsquo;il a \u00e9t\u00e9 officiellement s\u00e9par\u00e9 des Territoires du Nord-Ouest le 1er avril 1999. Et m\u00eame si le Nunavut est la plus grande province canadienne, c&rsquo;est la deuxi\u00e8me province la [&hellip;]\" \/>\n<meta property=\"og:url\" content=\"https:\/\/staging.betting.ca\/fr\/nunavut\/\" \/>\n<meta property=\"og:site_name\" content=\"Staging Betting.ca FR\" \/>\n<meta property=\"og:image\" content=\"https:\/\/staging.betting.ca\/images\/reviews\/betonline-logo.png\" \/>\n<meta name=\"twitter:card\" content=\"summary_large_image\" \/>\n<meta name=\"twitter:label1\" content=\"Estimation du temps de lecture\" \/>\n\t<meta name=\"twitter:data1\" content=\"7 minutes\" \/>\n<script type=\"application\/ld+json\" class=\"yoast-schema-graph\">{\"@context\":\"https:\/\/schema.org\",\"@graph\":[{\"@type\":\"WebPage\",\"@id\":\"https:\/\/staging.betting.ca\/fr\/nunavut\/\",\"url\":\"https:\/\/staging.betting.ca\/fr\/nunavut\/\",\"name\":\"Paris sportifs au Nunavut - Sites de jeu et l\u00e9gislateurs de jeux\",\"isPartOf\":{\"@id\":\"https:\/\/staging.betting.ca\/fr\/#website\"},\"primaryImageOfPage\":{\"@id\":\"https:\/\/staging.betting.ca\/fr\/nunavut\/#primaryimage\"},\"image\":{\"@id\":\"https:\/\/staging.betting.ca\/fr\/nunavut\/#primaryimage\"},\"thumbnailUrl\":\"https:\/\/www.betting.ca\/wp-content\/uploads\/2017\/04\/nunavut-sports-betting.jpg\",\"datePublished\":\"2019-06-03T15:14:26+00:00\",\"breadcrumb\":{\"@id\":\"https:\/\/staging.betting.ca\/fr\/nunavut\/#breadcrumb\"},\"inLanguage\":\"fr-CA\",\"potentialAction\":[{\"@type\":\"ReadAction\",\"target\":[\"https:\/\/staging.betting.ca\/fr\/nunavut\/\"]}]},{\"@type\":\"ImageObject\",\"inLanguage\":\"fr-CA\",\"@id\":\"https:\/\/staging.betting.ca\/fr\/nunavut\/#primaryimage\",\"url\":\"https:\/\/staging.betting.ca\/images\/reviews\/betonline-logo.png\",\"contentUrl\":\"https:\/\/staging.betting.ca\/images\/reviews\/betonline-logo.png\"},{\"@type\":\"BreadcrumbList\",\"@id\":\"https:\/\/staging.betting.ca\/fr\/nunavut\/#breadcrumb\",\"itemListElement\":[{\"@type\":\"ListItem\",\"position\":1,\"name\":\"Home\",\"item\":\"https:\/\/staging.betting.ca\/fr\/\"},{\"@type\":\"ListItem\",\"position\":2,\"name\":\"Nunavut\"}]},{\"@type\":\"WebSite\",\"@id\":\"https:\/\/staging.betting.ca\/fr\/#website\",\"url\":\"https:\/\/staging.betting.ca\/fr\/\",\"name\":\"Staging Betting.ca FR\",\"description\":\"\",\"potentialAction\":[{\"@type\":\"SearchAction\",\"target\":{\"@type\":\"EntryPoint\",\"urlTemplate\":\"https:\/\/staging.betting.ca\/fr\/?s={search_term_string}\"},\"query-input\":{\"@type\":\"PropertyValueSpecification\",\"valueRequired\":true,\"valueName\":\"search_term_string\"}}],\"inLanguage\":\"fr-CA\"}]}<\/script>\n<!-- \/ Yoast SEO plugin. -->","yoast_head_json":{"title":"Paris sportifs au Nunavut - Sites de jeu et l\u00e9gislateurs de jeux","robots":{"index":"index","follow":"follow","max-snippet":"max-snippet:-1","max-image-preview":"max-image-preview:large","max-video-preview":"max-video-preview:-1"},"canonical":"https:\/\/staging.betting.ca\/fr\/nunavut\/","og_locale":"fr_CA","og_type":"article","og_title":"Paris sportifs au Nunavut - Sites de jeu et l\u00e9gislateurs de jeux","og_description":"Nunavut est le territoire le plus r\u00e9cent, le plus grand, et le plus au nord des territoires du Canada. Il a \u00e9t\u00e9 d\u00e9clar\u00e9 comme une province lorsqu&rsquo;il a \u00e9t\u00e9 officiellement s\u00e9par\u00e9 des Territoires du Nord-Ouest le 1er avril 1999. Et m\u00eame si le Nunavut est la plus grande province canadienne, c&rsquo;est la deuxi\u00e8me province la [&hellip;]","og_url":"https:\/\/staging.betting.ca\/fr\/nunavut\/","og_site_name":"Staging Betting.ca FR","og_image":[{"url":"https:\/\/staging.betting.ca\/images\/reviews\/betonline-logo.png","type":"","width":"","height":""}],"twitter_card":"summary_large_image","twitter_misc":{"Estimation du temps de lecture":"7 minutes"},"schema":{"@context":"https:\/\/schema.org","@graph":[{"@type":"WebPage","@id":"https:\/\/staging.betting.ca\/fr\/nunavut\/","url":"https:\/\/staging.betting.ca\/fr\/nunavut\/","name":"Paris sportifs au Nunavut - Sites de jeu et l\u00e9gislateurs de jeux","isPartOf":{"@id":"https:\/\/staging.betting.ca\/fr\/#website"},"primaryImageOfPage":{"@id":"https:\/\/staging.betting.ca\/fr\/nunavut\/#primaryimage"},"image":{"@id":"https:\/\/staging.betting.ca\/fr\/nunavut\/#primaryimage"},"thumbnailUrl":"https:\/\/www.betting.ca\/wp-content\/uploads\/2017\/04\/nunavut-sports-betting.jpg","datePublished":"2019-06-03T15:14:26+00:00","breadcrumb":{"@id":"https:\/\/staging.betting.ca\/fr\/nunavut\/#breadcrumb"},"inLanguage":"fr-CA","potentialAction":[{"@type":"ReadAction","target":["https:\/\/staging.betting.ca\/fr\/nunavut\/"]}]},{"@type":"ImageObject","inLanguage":"fr-CA","@id":"https:\/\/staging.betting.ca\/fr\/nunavut\/#primaryimage","url":"https:\/\/staging.betting.ca\/images\/reviews\/betonline-logo.png","contentUrl":"https:\/\/staging.betting.ca\/images\/reviews\/betonline-logo.png"},{"@type":"BreadcrumbList","@id":"https:\/\/staging.betting.ca\/fr\/nunavut\/#breadcrumb","itemListElement":[{"@type":"ListItem","position":1,"name":"Home","item":"https:\/\/staging.betting.ca\/fr\/"},{"@type":"ListItem","position":2,"name":"Nunavut"}]},{"@type":"WebSite","@id":"https:\/\/staging.betting.ca\/fr\/#website","url":"https:\/\/staging.betting.ca\/fr\/","name":"Staging Betting.ca FR","description":"","potentialAction":[{"@type":"SearchAction","target":{"@type":"EntryPoint","urlTemplate":"https:\/\/staging.betting.ca\/fr\/?s={search_term_string}"},"query-input":{"@type":"PropertyValueSpecification","valueRequired":true,"valueName":"search_term_string"}}],"inLanguage":"fr-CA"}]}},"_links":{"self":[{"href":"https:\/\/staging.betting.ca\/fr\/wp-json\/wp\/v2\/pages\/83","targetHints":{"allow":["GET"]}}],"collection":[{"href":"https:\/\/staging.betting.ca\/fr\/wp-json\/wp\/v2\/pages"}],"about":[{"href":"https:\/\/staging.betting.ca\/fr\/wp-json\/wp\/v2\/types\/page"}],"author":[{"embeddable":true,"href":"https:\/\/staging.betting.ca\/fr\/wp-json\/wp\/v2\/users\/2"}],"replies":[{"embeddable":true,"href":"https:\/\/staging.betting.ca\/fr\/wp-json\/wp\/v2\/comments?post=83"}],"version-history":[{"count":0,"href":"https:\/\/staging.betting.ca\/fr\/wp-json\/wp\/v2\/pages\/83\/revisions"}],"wp:attachment":[{"href":"https:\/\/staging.betting.ca\/fr\/wp-json\/wp\/v2\/media?parent=83"}],"curies":[{"name":"wp","href":"https:\/\/api.w.org\/{rel}","templated":true}]}}