{"id":81,"date":"2019-05-16T15:23:48","date_gmt":"2019-05-16T15:23:48","guid":{"rendered":"https:\/\/www.betting.ca\/fr\/?page_id=81"},"modified":"2019-05-16T15:23:48","modified_gmt":"2019-05-16T15:23:48","slug":"nouvelle-ecosse","status":"publish","type":"page","link":"https:\/\/staging.betting.ca\/fr\/nouvelle-ecosse\/","title":{"rendered":"Nouvelle-\u00c9cosse"},"content":{"rendered":"<p><img decoding=\"async\" src=\"https:\/\/www.betting.ca\/wp-content\/uploads\/2017\/04\/nova-scotia-sports-betting.jpg\" alt=\"Top Canadian Sports Betting Sites For  Nova Scotia\" width=\"300\" class=\"alignright size-full wp-image-744\" \/>Les amateurs de jeux de hasard dans la <a href=\"https:\/\/www.novascotia.com\/fr\">province de la Nouvelle-\u00c9cosse<\/a> ont des options pour participer \u00e0 des paris et jeux de hasard dans les maisons de jeu en ligne et hors ligne. Les loteries sur papier et les paris sportifs ont longtemps \u00e9t\u00e9 consid\u00e9r\u00e9s comme un passe-temps traditionnel pour les gens de cette province.<\/p>\n<p>Les amateurs de jeux en Nouvelle-\u00c9cosse fr\u00e9quentent aussi beaucoup de salles de casinos et salles de poker ainsi que des \u00e9tablissements de loterie vid\u00e9o (LV) vendant de l\u2019alcool.<\/p>\n<p>Les jeux de bienfaisance et les options de jeu sur papier comme les loteries ou le bingo sont \u00e9galement r\u00e9glement\u00e9s comme une activit\u00e9 de jeu en Nouvelle-\u00c9cosse et ces types d&rsquo;\u00e9v\u00e9nements sont visit\u00e9s par beaucoup de personnes.<\/p>\n<h2 id=\"sites-de-paris-sportifs-canadiens-recommandes-en-nouvelle-ecosse\">Sites de paris sportifs canadiens recommand\u00e9s en Nouvelle-\u00c9cosse<\/h2>\n<div id=\"ca-sportsbooks\">\n<div class=\"sb-grid\">\n<div class=\"sb-card sb-card--red\">\n<div class=\"sb-card__header\">\n<span class=\"sb-rank\">#1<\/span>\n<div class=\"sb-stars\"><span class=\"sb-star\">&#9733;<\/span><span class=\"sb-star\">&#9733;<\/span><span class=\"sb-star\">&#9733;<\/span><span class=\"sb-star\">&#9733;<\/span><span class=\"sb-star\">&#9733;<\/span><\/div>\n<\/div>\n<a class=\"sb-logo\" href=\"https:\/\/staging.betting.ca\/fr\/revue\/betway\/\" >\n<img decoding=\"async\" src=\"https:\/\/staging.betting.ca\/images\/reviews\/betway-logo.png\" alt=\"Betway\">\n<\/a>\n<p class=\"sb-bonus\">2000 CAD<\/p>\n<a href=\"\/go\/betway\" class=\"sb-cta\">Get Bonus<\/a>\n<a href=\"https:\/\/staging.betting.ca\/fr\/revue\/betway\/\" class=\"sb-review\">Read Review<\/a>\n<\/div>\n<div class=\"sb-card sb-card--blue\">\n<div class=\"sb-card__header\">\n<span class=\"sb-rank\">#2<\/span>\n<div class=\"sb-stars\"><span class=\"sb-star\">&#9733;<\/span><span class=\"sb-star\">&#9733;<\/span><span class=\"sb-star\">&#9733;<\/span><span class=\"sb-star\">&#9733;<\/span><span class=\"sb-star sb-star--half\">&#9733;<\/span><\/div>\n<\/div>\n<a class=\"sb-logo\" href=\"https:\/\/staging.betting.ca\/fr\/revue\/sports-interaction\/\" >\n<img decoding=\"async\" src=\"https:\/\/staging.betting.ca\/images\/reviews\/sports-interaction-logo.png\" alt=\"Sports Interaction\">\n<\/a>\n<p class=\"sb-bonus\">CAD 125<\/p>\n<a href=\"\/go\/sports-interaction\" class=\"sb-cta\">Get Bonus<\/a>\n<a href=\"https:\/\/staging.betting.ca\/fr\/revue\/sports-interaction\/\" class=\"sb-review\">Read Review<\/a>\n<\/div>\n<div class=\"sb-card sb-card--orange\">\n<div class=\"sb-card__header\">\n<span class=\"sb-rank\">#3<\/span>\n<div class=\"sb-stars\"><span class=\"sb-star\">&#9733;<\/span><span class=\"sb-star\">&#9733;<\/span><span class=\"sb-star\">&#9733;<\/span><span class=\"sb-star\">&#9733;<\/span><span class=\"sb-star sb-star--half\">&#9733;<\/span><\/div>\n<\/div>\n<a class=\"sb-logo\" href=\"https:\/\/staging.betting.ca\/fr\/revue\/bet365\/\" >\n<img decoding=\"async\" src=\"https:\/\/staging.betting.ca\/images\/reviews\/bet365-logo.png\" alt=\"Bet365\">\n<\/a>\n<p class=\"sb-bonus\">CAD 200<\/p>\n<a href=\"\/go\/bet365\" class=\"sb-cta\">Get Bonus<\/a>\n<a href=\"https:\/\/staging.betting.ca\/fr\/revue\/bet365\/\" class=\"sb-review\">Read Review<\/a>\n<\/div>\n<div class=\"sb-card sb-card--green\">\n<div class=\"sb-card__header\">\n<span class=\"sb-rank\">#4<\/span>\n<div class=\"sb-stars\"><span class=\"sb-star\">&#9733;<\/span><span class=\"sb-star\">&#9733;<\/span><span class=\"sb-star\">&#9733;<\/span><span class=\"sb-star\">&#9733;<\/span><span class=\"sb-star sb-star--half\">&#9733;<\/span><\/div>\n<\/div>\n<a class=\"sb-logo\" href=\"https:\/\/staging.betting.ca\/fr\/revue\/spin-sports\/\" >\n<img decoding=\"async\" src=\"https:\/\/staging.betting.ca\/images\/reviews\/spin-sports-logo.png\" alt=\"Spin Sports\">\n<\/a>\n<p class=\"sb-bonus\">CAD 200<\/p>\n<a href=\"\/go\/spin-sports\" class=\"sb-cta\">Get Bonus<\/a>\n<a href=\"https:\/\/staging.betting.ca\/fr\/revue\/spin-sports\/\" class=\"sb-review\">Read Review<\/a>\n<\/div>\n<div class=\"sb-card sb-card--red\">\n<div class=\"sb-card__header\">\n<span class=\"sb-rank\">#5<\/span>\n<div class=\"sb-stars\"><span class=\"sb-star\">&#9733;<\/span><span class=\"sb-star\">&#9733;<\/span><span class=\"sb-star\">&#9733;<\/span><span class=\"sb-star\">&#9733;<\/span><span class=\"sb-star sb-star--half\">&#9733;<\/span><\/div>\n<\/div>\n<a class=\"sb-logo\" href=\"https:\/\/staging.betting.ca\/fr\/revue\/bodog\/\" >\n<img decoding=\"async\" src=\"https:\/\/staging.betting.ca\/images\/reviews\/bodog-logo.png\" alt=\"Bodog\">\n<\/a>\n<p class=\"sb-bonus\">CAD 200<\/p>\n<a href=\"\/go\/bodog\" class=\"sb-cta\">Get Bonus<\/a>\n<a href=\"https:\/\/staging.betting.ca\/fr\/revue\/bodog\/\" class=\"sb-review\">Read Review<\/a>\n<\/div>\n<div class=\"sb-card sb-card--blue\">\n<div class=\"sb-card__header\">\n<span class=\"sb-rank\">#6<\/span>\n<div class=\"sb-stars\"><span class=\"sb-star\">&#9733;<\/span><span class=\"sb-star\">&#9733;<\/span><span class=\"sb-star\">&#9733;<\/span><span class=\"sb-star sb-star--half\">&#9733;<\/span><span class=\"sb-star sb-star--empty\">&#9733;<\/span><\/div>\n<\/div>\n<a class=\"sb-logo\" href=\"https:\/\/staging.betting.ca\/fr\/revue\/betonline\/\" >\n<img decoding=\"async\" src=\"https:\/\/staging.betting.ca\/images\/reviews\/betonline-logo.png\" alt=\"BetOnline\">\n<\/a>\n<p class=\"sb-bonus\">CAD 2500<\/p>\n<a href=\"\/go\/betonline\" class=\"sb-cta\">Get Bonus<\/a>\n<a href=\"https:\/\/staging.betting.ca\/fr\/revue\/betonline\/\" class=\"sb-review\">Read Review<\/a>\n<\/div>\n<\/div><\/div>\n<p>Enfin, les sites de paris sportifs en ligne et les sites de paris sont une possibilit\u00e9 suppl\u00e9mentaire pour les personnes qui vivent dans cette province. Ces sites Web sont tous \u00e0 l&rsquo;\u00e9tranger et ne sont pas r\u00e9glement\u00e9s par les autorit\u00e9s provinciales. Cependant, ils attirent les joueurs en offrant de meilleures cotes et cons\u00e9quemment, de plus gros paiements. <\/p>\n<h2 id=\"paris-sportifs-en-nouvelle-ecosse\"><strong>Paris sportifs en Nouvelle-\u00c9cosse<\/strong><\/h2>\nLes paris sportifs dans la province de la Nouvelle-\u00c9cosse sont organis\u00e9s et g\u00e9r\u00e9s par la <a href=\"https:\/\/www.alc.ca\/content\/alc\/fr.html\">Soci\u00e9t\u00e9 des loteries de l&rsquo;Atlantique (SLA)<\/a>. L\u2019offre de paris de la SLA est plus ou moins semblable \u00e0 ce que proposent des organismes semblables dans d&rsquo;autres provinces canadiennes. <\/p>\n<p>L&rsquo;SLA fournit des services de billets de loterie et des loteries vid\u00e9os dans les 4 provinces maritimes, <strong>La Nouvelle-\u00c9cosse, <a href=\"\/fr\/terre-neuve-et-labrador\">Terre-Neuve et Labrador<\/a>, <a href=\"https:\/\/www.betting.ca\/fr\/nouveau-brunswick\">Nouveau-Brunswick<\/a> et l&rsquo;<a href=\"https:\/\/www.betting.ca\/fr\/ile-du-Prince-edouard\">\u00cele du Prince \u00c9douard<\/a><\/strong>.<\/p>\n<p>L\u2019offre de paris de l\u2019SLA comprend des jeux tels que le <strong>Pro-Line, Pro-Line Fantasy, Pro-Line Futures et Stadium-Bets<\/strong>.  Les jeux de paris sportifs en ligne sont disponibles sur le portail Web de l\u2019SLA, ProLineStadium.com.<\/p>\n<p>En Nouvelle-\u00c9cosse, comme dans d&rsquo;autres provinces canadiennes, tous les paris doivent \u00eatre progressifs, ce qui signifie qu&rsquo;il doit y avoir plus d&rsquo;un match ou d\u2019un \u00e9v\u00e9nement sportif sur le billet de pari. Il convient \u00e9galement de noter que les paris sur les \u00e9v\u00e9nements sportifs uniques sont ill\u00e9gaux en Nouvelle-\u00c9cosse.<\/p>\n<h3 id=\"pro-line\">Pro-Line<\/h3>\n<p>C&rsquo;est un jeu dans lequel les joueurs doivent pr\u00e9dire les gagnants d&rsquo;une s\u00e9lection de 2 \u00e0 8 \u00e9v\u00e9nements sportifs allant des matchs de football professionnel et coll\u00e9gial, basketball professionnel et coll\u00e9gial, baseball, soccer et hockey.<\/p>\n<p>Les formats de paris comprennent la money line, les \u00e9carts de points et le total de points. Lorsque toutes les pr\u00e9visions sont correctes, le billet est prononc\u00e9 comme un billet gagnant. La mise minimum est de 2 $ et le maximum de 25 $.<\/p>\n<h3 id=\"pro-line-fantasy\">Pro-Line Fantasy<\/h3>\n<p>En substance, Pro-Line Fantasy est tr\u00e8s similaire \u00e0 au jeu Pro-Line. Les joueurs font une s\u00e9lection de 2 \u00e0 5 jeux, mais comme une variante \u00e0 Pro-Line, ils tentent de pr\u00e9dire correctement les r\u00e9sultats de 5 joueurs ou \u00e9quipes. Le pari minimum et maximum sont les m\u00eames que dans la Pro-Line.<\/p>\n<h3 id=\"pro-line-futures\">Pro-Line Futures<\/h3>\n<p>Pro-Line Futures offre aux joueurs la possibilit\u00e9 de parier sur les gagnants d&rsquo;une saison compl\u00e8te dans les sports comme le hockey ou le basketball. Une s\u00e9lection par billet est tout ce qui est n\u00e9cessaire. La mise minimum pour ce jeu est de 2 $ et le maximum est de 100 $.<\/p>\n<p>Puisque les chances sont toujours donn\u00e9es avant le d\u00e9but d&rsquo;une nouvelle saison, ils peuvent changer au cours de la saison en fonction de la performance des \u00e9quipes et des joueurs.<\/p>\n<h3 id=\"stadium-bets\">Stadium Bets<\/h3>\n<p>Les Stadium Bets sont essentiellement une version en ligne de Pro-Line. Ceci est un autre jeu bas\u00e9 sur les cotes et il est \u00e9galement compos\u00e9 d&rsquo;une s\u00e9lection de 2 \u00e0 8 \u00e9v\u00e9nements sportifs. Les mises minimum et maximum sont de 2 $ et 250 $ respectivement.<br \/>\nLes m\u00eames formats de paris tels que la money line, les \u00e9carts de points et le total de points sont \u00e9galement offerts. La seule diff\u00e9rence est que les Stadium Bets sont jou\u00e9s en ligne sur le site Web de l\u2019ACL  &#8211; <a href=\"https:\/\/prolinestadium.alc.ca\/\">prolinestadium.com<\/a>.<\/p>\n<h2 id=\"preneurs-aux-livres-en-ligne\"><strong>Preneurs aux livres en ligne<\/strong><\/h2>\n<p>Bodog, Bet365, Betway, Intertops, 5Dimes et Pinnacle sont les soci\u00e9t\u00e9s de paris bas\u00e9es \u00e0 l\u2019\u00e9tranger les plus fr\u00e9quemment visit\u00e9s qui m\u00e8nent leurs affaires aupr\u00e8s des amateurs de paris de la Nouvelle-\u00c9cosse. C&rsquo;est un fait connu que les sites de paris sportifs en ligne tels que ceux-ci offrent de meilleures cotes par rapport aux paris sur papier sur des \u00e9v\u00e9nements sportifs offerts par l&rsquo;SLA. <\/p>\n<p>Les paris sur les matchs simples au lieu de juste sur des paris progressifs sont \u00e9galement une option avec sites de paris \u00e9trangers. Comme si cela ne suffisait pas, ils offrent \u00e9galement \u00e0 leurs clients la chance de jouer dans certains des meilleurs casinos en ligne et salles de poker, quelque chose qui n&rsquo;est encore qu&rsquo;un fantasme pour les personnes jouant avec l&rsquo;SLA<\/p>\n<h2 id=\"loi-sur-le-jeu-en-nouvelle-ecosse\"><strong>Loi sur le jeu en Nouvelle-\u00c9cosse<\/strong><\/h2>\n<p>Les jeux et les paris en ligne en Nouvelle-\u00c9cosse sont r\u00e9glement\u00e9s par la <a href=\"https:\/\/novascotia.ca\/sns\/access\/alcohol-gaming-fr.asp\">Alcohol and Gaming Division (AGD) of Service Nova Scotia and Municipal Relations<\/a>. Comme mentionn\u00e9 sur leur site Web, la Division est responsable de la d\u00e9livrance des permis et de la r\u00e9glementation de l&rsquo;alcool, des jeux et des activit\u00e9s d&rsquo;amusement, et \u00e0 s&rsquo;assurer que ces activit\u00e9s soient men\u00e9es avec honn\u00eatet\u00e9 et int\u00e9grit\u00e9.<\/p>\n<p>La Division travaille de concert avec l&rsquo;SLA et avec la <a href=\"https:\/\/gamingns.ca\/\">Nova Scotia Provincial Lotteries and Casino Corporation (NSPLCC)<\/a> qui est autoris\u00e9e par le gouvernement provincial de la Nouvelle-\u00c9cosse pour mener et g\u00e9rer les jeux de casino, de loterie vid\u00e9o et l&rsquo;achat de billets de loterie.<\/p>\n<h2 id=\"les-autorites-de-delivrance-de-permis-en-nouvelle-ecosse\"><strong>Les autorit\u00e9s de d\u00e9livrance de permis en Nouvelle-\u00c9cosse<\/strong><\/h2>\n<p>La <strong>Alcohol, Gaming, Fuel and Tobacco Division<\/strong> a \u00e9t\u00e9 d\u00e9sign\u00e9e comme l&rsquo;autorit\u00e9 responsable de l&rsquo;autorisation et la r\u00e9glementation des syst\u00e8mes de loterie dans cette province. La Division traite de l&rsquo;enregistrement, de l\u2019octroi de licences et de r\u00e9glementation des jeux de casino, de loterie vid\u00e9o et de jeux de bienfaisance.<\/p>\n<h2 id=\"population-de-la-nouvelle-ecosse\"><strong>Population de la Nouvelle-\u00c9cosse<\/strong><\/h2>\n<p>Selon le recensement de 2011, il y a 921 727 personnes vivant en Nouvelle-\u00c9cosse. La plupart des habitants de la province parlent anglais (environ 835 000 personnes) et les autres s&rsquo;expriment en fran\u00e7ais, arabe, allemand, chinois et une forme de langage des Premi\u00e8res Nations appel\u00e9s Algonquin.<\/p>\n<h2 id=\"sites-de-paris-hors-ligne-en-nouvelle-ecosse\"><strong>Sites de paris hors ligne en Nouvelle-\u00c9cosse<\/strong><\/h2>\n<p>En Nouvelle-\u00c9cosse, il y a seulement deux casinos qui op\u00e8rent hors ligne. Ce sont les Casino Sydney au Cap-Breton et Casino Nova Scotia dans le centre-ville d&rsquo;Halifax. Ils sont tous deux la propri\u00e9t\u00e9 de la <a href=\"https:\/\/gcgaming.com\/\">Great Canadian Casino Corporation<\/a>.<\/p>\n<ul>\n<li><strong>Casino Sydney<\/strong>  &#8211; offre plus de 300 machines \u00e0 sous et tables de jeux, y compris le blackjack et le poker.<\/li>\n<li><strong><a href=\"https:\/\/casinonovascotia.com\/\">Casino Nova Scotia<\/a><\/strong> &#8211; propose de nombreuses machines \u00e0 sous et jeux de table.<\/li>\n<\/ul>\n<p>En plus des casinos sur terre, il y a \u00e9galement autour de 2 200 ALV dans les \u00e9tablissements autoris\u00e9s \u00e0 servir de l&rsquo;alcool en Nouvelle-\u00c9cosse. Ceux-ci sont exploit\u00e9s par la NSPLCC et m\u00eame s&rsquo;il y a eu une baisse constante du nombre d&rsquo;\u00e9tablissements offrant des loteries vid\u00e9os depuis 2005, les b\u00e9n\u00e9fices de la NSPLCC ont augment\u00e9 r\u00e9guli\u00e8rement au fil des ann\u00e9es pour atteindre environ 115 millions de dollars l&rsquo;ann\u00e9e derni\u00e8re.<\/p>\n<p>Il convient de noter que les salles de poker sont aussi une possibilit\u00e9 en Nouvelle-\u00c9cosse, comme des parties essentielles du Casino Sydney au Cap-Breton et du Casino Nova Scotia \u00e0 Halifax. <\/p>\n<p>Enfin, les organismes de bienfaisance qui souhaite organiser un jeu de bingo ou de loterie devraient faire une demande aupr\u00e8s de la Alcohol, Gaming, Fuel and Tobacco Division. Ces \u00e9v\u00e9nements de bienfaisance ont toujours fait partie de la tradition canadienne et il semble que cette tradition se poursuivra.<\/p>\n<h2 id=\"conclusion\"><strong>Conclusion<\/strong><\/h2>\n<p>Bien que la Nouvelle-\u00c9cosse ait un peu moins d&rsquo;un million de personnes vivant \u00e0 l&rsquo;int\u00e9rieur de ses fronti\u00e8res r\u00e9gionales, les jeux et les paris sont les activit\u00e9s de passe-temps auxquels les gens adh\u00e8rent. L&rsquo;SLA et la NSPLCC ont travaill\u00e9 fort pour capitaliser sur ce fait, et \u00e0 en juger par les r\u00e9cents chiffres de profit, il semble qu&rsquo;ils aient r\u00e9ussi.<\/p>\n<p>Cependant, il faut dire que les sites de paris en ligne qui sont bas\u00e9s \u00e0 l&rsquo;ext\u00e9rieur du Canada sont une forte concurrence aux organisateurs de jeux et de paris en Nouvelle-\u00c9cosse, surtout en raison du fait qu&rsquo;ils offrent des cotes beaucoup plus comp\u00e9titives.<\/p>\n","protected":false},"excerpt":{"rendered":"Les amateurs de jeux de hasard dans la province de la Nouvelle-\u00c9cosse ont des options pour participer \u00e0 des paris et jeux de hasard dans les maisons de jeu en ligne et hors ligne. Les loteries sur papier et les paris sportifs ont longtemps \u00e9t\u00e9 consid\u00e9r\u00e9s comme un passe-temps traditionnel pour les gens de cette [&hellip;]","protected":false},"author":2,"featured_media":0,"parent":0,"menu_order":0,"comment_status":"closed","ping_status":"closed","template":"","meta":{"footnotes":""},"class_list":["post-81","page","type-page","status-publish","hentry"],"acf":[],"yoast_head":"<!-- This site is optimized with the Yoast SEO plugin v27.1.1 - https:\/\/yoast.com\/product\/yoast-seo-wordpress\/ -->\n<title>Paris sportifs en Nouvelle-\u00c9cosse - Sites de paris et l\u00e9gislateurs de jeux<\/title>\n<meta name=\"description\" content=\"Les personnes vivant en Nouvelle-\u00c9cosse peuvent jouer en ligne et dans les maisons de jeu qui sont d\u00e9clar\u00e9es comme r\u00e9glement\u00e9es et autoris\u00e9es par les autorit\u00e9s provinciales.\" \/>\n<meta name=\"robots\" content=\"index, follow, max-snippet:-1, max-image-preview:large, max-video-preview:-1\" \/>\n<link rel=\"canonical\" href=\"https:\/\/staging.betting.ca\/fr\/nouvelle-ecosse\/\" \/>\n<meta property=\"og:locale\" content=\"fr_CA\" \/>\n<meta property=\"og:type\" content=\"article\" \/>\n<meta property=\"og:title\" content=\"Paris sportifs en Nouvelle-\u00c9cosse - Sites de paris et l\u00e9gislateurs de jeux\" \/>\n<meta property=\"og:description\" content=\"Les personnes vivant en Nouvelle-\u00c9cosse peuvent jouer en ligne et dans les maisons de jeu qui sont d\u00e9clar\u00e9es comme r\u00e9glement\u00e9es et autoris\u00e9es par les autorit\u00e9s provinciales.\" \/>\n<meta property=\"og:url\" content=\"https:\/\/staging.betting.ca\/fr\/nouvelle-ecosse\/\" \/>\n<meta property=\"og:site_name\" content=\"Staging Betting.ca FR\" \/>\n<meta property=\"og:image\" content=\"https:\/\/staging.betting.ca\/images\/reviews\/betonline-logo.png\" \/>\n<meta name=\"twitter:card\" content=\"summary_large_image\" \/>\n<meta name=\"twitter:label1\" content=\"Estimation du temps de lecture\" \/>\n\t<meta name=\"twitter:data1\" content=\"7 minutes\" \/>\n<script type=\"application\/ld+json\" class=\"yoast-schema-graph\">{\"@context\":\"https:\/\/schema.org\",\"@graph\":[{\"@type\":\"WebPage\",\"@id\":\"https:\/\/staging.betting.ca\/fr\/nouvelle-ecosse\/\",\"url\":\"https:\/\/staging.betting.ca\/fr\/nouvelle-ecosse\/\",\"name\":\"Paris sportifs en Nouvelle-\u00c9cosse - Sites de paris et l\u00e9gislateurs de jeux\",\"isPartOf\":{\"@id\":\"https:\/\/staging.betting.ca\/fr\/#website\"},\"primaryImageOfPage\":{\"@id\":\"https:\/\/staging.betting.ca\/fr\/nouvelle-ecosse\/#primaryimage\"},\"image\":{\"@id\":\"https:\/\/staging.betting.ca\/fr\/nouvelle-ecosse\/#primaryimage\"},\"thumbnailUrl\":\"https:\/\/www.betting.ca\/wp-content\/uploads\/2017\/04\/nova-scotia-sports-betting.jpg\",\"datePublished\":\"2019-05-16T15:23:48+00:00\",\"description\":\"Les personnes vivant en Nouvelle-\u00c9cosse peuvent jouer en ligne et dans les maisons de jeu qui sont d\u00e9clar\u00e9es comme r\u00e9glement\u00e9es et autoris\u00e9es par les autorit\u00e9s provinciales.\",\"breadcrumb\":{\"@id\":\"https:\/\/staging.betting.ca\/fr\/nouvelle-ecosse\/#breadcrumb\"},\"inLanguage\":\"fr-CA\",\"potentialAction\":[{\"@type\":\"ReadAction\",\"target\":[\"https:\/\/staging.betting.ca\/fr\/nouvelle-ecosse\/\"]}]},{\"@type\":\"ImageObject\",\"inLanguage\":\"fr-CA\",\"@id\":\"https:\/\/staging.betting.ca\/fr\/nouvelle-ecosse\/#primaryimage\",\"url\":\"https:\/\/staging.betting.ca\/images\/reviews\/betonline-logo.png\",\"contentUrl\":\"https:\/\/staging.betting.ca\/images\/reviews\/betonline-logo.png\"},{\"@type\":\"BreadcrumbList\",\"@id\":\"https:\/\/staging.betting.ca\/fr\/nouvelle-ecosse\/#breadcrumb\",\"itemListElement\":[{\"@type\":\"ListItem\",\"position\":1,\"name\":\"Home\",\"item\":\"https:\/\/staging.betting.ca\/fr\/\"},{\"@type\":\"ListItem\",\"position\":2,\"name\":\"Nouvelle-\u00c9cosse\"}]},{\"@type\":\"WebSite\",\"@id\":\"https:\/\/staging.betting.ca\/fr\/#website\",\"url\":\"https:\/\/staging.betting.ca\/fr\/\",\"name\":\"Staging Betting.ca FR\",\"description\":\"\",\"potentialAction\":[{\"@type\":\"SearchAction\",\"target\":{\"@type\":\"EntryPoint\",\"urlTemplate\":\"https:\/\/staging.betting.ca\/fr\/?s={search_term_string}\"},\"query-input\":{\"@type\":\"PropertyValueSpecification\",\"valueRequired\":true,\"valueName\":\"search_term_string\"}}],\"inLanguage\":\"fr-CA\"}]}<\/script>\n<!-- \/ Yoast SEO plugin. -->","yoast_head_json":{"title":"Paris sportifs en Nouvelle-\u00c9cosse - Sites de paris et l\u00e9gislateurs de jeux","description":"Les personnes vivant en Nouvelle-\u00c9cosse peuvent jouer en ligne et dans les maisons de jeu qui sont d\u00e9clar\u00e9es comme r\u00e9glement\u00e9es et autoris\u00e9es par les autorit\u00e9s provinciales.","robots":{"index":"index","follow":"follow","max-snippet":"max-snippet:-1","max-image-preview":"max-image-preview:large","max-video-preview":"max-video-preview:-1"},"canonical":"https:\/\/staging.betting.ca\/fr\/nouvelle-ecosse\/","og_locale":"fr_CA","og_type":"article","og_title":"Paris sportifs en Nouvelle-\u00c9cosse - Sites de paris et l\u00e9gislateurs de jeux","og_description":"Les personnes vivant en Nouvelle-\u00c9cosse peuvent jouer en ligne et dans les maisons de jeu qui sont d\u00e9clar\u00e9es comme r\u00e9glement\u00e9es et autoris\u00e9es par les autorit\u00e9s provinciales.","og_url":"https:\/\/staging.betting.ca\/fr\/nouvelle-ecosse\/","og_site_name":"Staging Betting.ca FR","og_image":[{"url":"https:\/\/staging.betting.ca\/images\/reviews\/betonline-logo.png","type":"","width":"","height":""}],"twitter_card":"summary_large_image","twitter_misc":{"Estimation du temps de lecture":"7 minutes"},"schema":{"@context":"https:\/\/schema.org","@graph":[{"@type":"WebPage","@id":"https:\/\/staging.betting.ca\/fr\/nouvelle-ecosse\/","url":"https:\/\/staging.betting.ca\/fr\/nouvelle-ecosse\/","name":"Paris sportifs en Nouvelle-\u00c9cosse - Sites de paris et l\u00e9gislateurs de jeux","isPartOf":{"@id":"https:\/\/staging.betting.ca\/fr\/#website"},"primaryImageOfPage":{"@id":"https:\/\/staging.betting.ca\/fr\/nouvelle-ecosse\/#primaryimage"},"image":{"@id":"https:\/\/staging.betting.ca\/fr\/nouvelle-ecosse\/#primaryimage"},"thumbnailUrl":"https:\/\/www.betting.ca\/wp-content\/uploads\/2017\/04\/nova-scotia-sports-betting.jpg","datePublished":"2019-05-16T15:23:48+00:00","description":"Les personnes vivant en Nouvelle-\u00c9cosse peuvent jouer en ligne et dans les maisons de jeu qui sont d\u00e9clar\u00e9es comme r\u00e9glement\u00e9es et autoris\u00e9es par les autorit\u00e9s provinciales.","breadcrumb":{"@id":"https:\/\/staging.betting.ca\/fr\/nouvelle-ecosse\/#breadcrumb"},"inLanguage":"fr-CA","potentialAction":[{"@type":"ReadAction","target":["https:\/\/staging.betting.ca\/fr\/nouvelle-ecosse\/"]}]},{"@type":"ImageObject","inLanguage":"fr-CA","@id":"https:\/\/staging.betting.ca\/fr\/nouvelle-ecosse\/#primaryimage","url":"https:\/\/staging.betting.ca\/images\/reviews\/betonline-logo.png","contentUrl":"https:\/\/staging.betting.ca\/images\/reviews\/betonline-logo.png"},{"@type":"BreadcrumbList","@id":"https:\/\/staging.betting.ca\/fr\/nouvelle-ecosse\/#breadcrumb","itemListElement":[{"@type":"ListItem","position":1,"name":"Home","item":"https:\/\/staging.betting.ca\/fr\/"},{"@type":"ListItem","position":2,"name":"Nouvelle-\u00c9cosse"}]},{"@type":"WebSite","@id":"https:\/\/staging.betting.ca\/fr\/#website","url":"https:\/\/staging.betting.ca\/fr\/","name":"Staging Betting.ca FR","description":"","potentialAction":[{"@type":"SearchAction","target":{"@type":"EntryPoint","urlTemplate":"https:\/\/staging.betting.ca\/fr\/?s={search_term_string}"},"query-input":{"@type":"PropertyValueSpecification","valueRequired":true,"valueName":"search_term_string"}}],"inLanguage":"fr-CA"}]}},"_links":{"self":[{"href":"https:\/\/staging.betting.ca\/fr\/wp-json\/wp\/v2\/pages\/81","targetHints":{"allow":["GET"]}}],"collection":[{"href":"https:\/\/staging.betting.ca\/fr\/wp-json\/wp\/v2\/pages"}],"about":[{"href":"https:\/\/staging.betting.ca\/fr\/wp-json\/wp\/v2\/types\/page"}],"author":[{"embeddable":true,"href":"https:\/\/staging.betting.ca\/fr\/wp-json\/wp\/v2\/users\/2"}],"replies":[{"embeddable":true,"href":"https:\/\/staging.betting.ca\/fr\/wp-json\/wp\/v2\/comments?post=81"}],"version-history":[{"count":0,"href":"https:\/\/staging.betting.ca\/fr\/wp-json\/wp\/v2\/pages\/81\/revisions"}],"wp:attachment":[{"href":"https:\/\/staging.betting.ca\/fr\/wp-json\/wp\/v2\/media?parent=81"}],"curies":[{"name":"wp","href":"https:\/\/api.w.org\/{rel}","templated":true}]}}