{"id":80,"date":"2019-05-16T15:09:31","date_gmt":"2019-05-16T15:09:31","guid":{"rendered":"https:\/\/www.betting.ca\/fr\/?page_id=80"},"modified":"2019-05-16T15:09:31","modified_gmt":"2019-05-16T15:09:31","slug":"ile-du-prince-edouard","status":"publish","type":"page","link":"https:\/\/staging.betting.ca\/fr\/ile-du-prince-edouard\/","title":{"rendered":"\u00cele du Prince-\u00c9douard"},"content":{"rendered":"<p><img decoding=\"async\" src=\"https:\/\/www.betting.ca\/wp-content\/uploads\/2017\/04\/prince-edward-sports-betting.jpg\" alt=\"Meilleurs sites de paris sportifs canadiens pour l'\u00cele du Prince-\u00c9douard\" width=\"300\" class=\"alignright size-full wp-image-748\" \/>Le golfe du Saint-Laurent contient la plus petite province du Canada, et aussi la plus petite province sous-nationale de l&rsquo;Am\u00e9rique du Nord qui n&rsquo;a pas de fronti\u00e8re terrestre et aucun territoire terrestre. <a href=\"https:\/\/www.tourismpei.com\/fr\/\">L\u2019\u00eele-du-Prince-\u00c9douard<\/a> est la plus petite province du Canada, \u00e0 la fois en superficie et en population. Elle n&rsquo;est m\u00eame pas assez grande pour avoir une \u00e9quipe de sport professionnel. Mais, cela n&rsquo;a pas pos\u00e9 de probl\u00e8me aux gens qui sont l\u00e0 d\u2019\u00eatre passionn\u00e9s de sports. Leurs meilleures \u00e9quipes les mieux connues jouent dans les ligues mineures comme la <a href=\"http:\/\/www.nbpsl.ca\/\">New Brunswick Premier Soccer League<\/a>, <a href=\"http:\/\/www.nblcanada.com\/\">National Basketball League of Canada<\/a>, ou de la <a href=\"http:\/\/theqmjhl.ca\/\">Ligue de Hockey Junior Majeur du Qu\u00e9bec<\/a>.<\/p>\n<p>En d\u00e9pit d&rsquo;avoir l\u2019un des plus bas taux de jeux partout au Canada, l&rsquo;\u00eele dispose de plusieurs formes de jeux l\u00e9gaux et de revenus annuels moyens respectables. Ne vous laissez pas tromper par la taille, parce que l&rsquo;\u00eele du Prince-\u00c9douard offre plus de possibilit\u00e9s de pari qu\u2019un \u00c9tat moyen aux \u00c9tats-Unis.<\/p>\n<h2 id=\"sites-de-paris-sportifs-canadiens-recommandes-a-lile-du-prince-edouard\">Sites de paris sportifs canadiens recommand\u00e9s \u00e0 l&rsquo;\u00cele-du-Prince-\u00c9douard<\/h2>\n<div id=\"ca-sportsbooks\">\n<div class=\"sb-grid\">\n<div class=\"sb-card sb-card--red\">\n<div class=\"sb-card__header\">\n<span class=\"sb-rank\">#1<\/span>\n<div class=\"sb-stars\"><span class=\"sb-star\">&#9733;<\/span><span class=\"sb-star\">&#9733;<\/span><span class=\"sb-star\">&#9733;<\/span><span class=\"sb-star\">&#9733;<\/span><span class=\"sb-star\">&#9733;<\/span><\/div>\n<\/div>\n<a class=\"sb-logo\" href=\"https:\/\/staging.betting.ca\/fr\/revue\/betway\/\" >\n<img decoding=\"async\" src=\"https:\/\/staging.betting.ca\/images\/reviews\/betway-logo.png\" alt=\"Betway\">\n<\/a>\n<p class=\"sb-bonus\">2000 CAD<\/p>\n<a href=\"\/go\/betway\" class=\"sb-cta\">Get Bonus<\/a>\n<a href=\"https:\/\/staging.betting.ca\/fr\/revue\/betway\/\" class=\"sb-review\">Read Review<\/a>\n<\/div>\n<div class=\"sb-card sb-card--blue\">\n<div class=\"sb-card__header\">\n<span class=\"sb-rank\">#2<\/span>\n<div class=\"sb-stars\"><span class=\"sb-star\">&#9733;<\/span><span class=\"sb-star\">&#9733;<\/span><span class=\"sb-star\">&#9733;<\/span><span class=\"sb-star\">&#9733;<\/span><span class=\"sb-star sb-star--half\">&#9733;<\/span><\/div>\n<\/div>\n<a class=\"sb-logo\" href=\"https:\/\/staging.betting.ca\/fr\/revue\/sports-interaction\/\" >\n<img decoding=\"async\" src=\"https:\/\/staging.betting.ca\/images\/reviews\/sports-interaction-logo.png\" alt=\"Sports Interaction\">\n<\/a>\n<p class=\"sb-bonus\">CAD 125<\/p>\n<a href=\"\/go\/sports-interaction\" class=\"sb-cta\">Get Bonus<\/a>\n<a href=\"https:\/\/staging.betting.ca\/fr\/revue\/sports-interaction\/\" class=\"sb-review\">Read Review<\/a>\n<\/div>\n<div class=\"sb-card sb-card--orange\">\n<div class=\"sb-card__header\">\n<span class=\"sb-rank\">#3<\/span>\n<div class=\"sb-stars\"><span class=\"sb-star\">&#9733;<\/span><span class=\"sb-star\">&#9733;<\/span><span class=\"sb-star\">&#9733;<\/span><span class=\"sb-star\">&#9733;<\/span><span class=\"sb-star sb-star--half\">&#9733;<\/span><\/div>\n<\/div>\n<a class=\"sb-logo\" href=\"https:\/\/staging.betting.ca\/fr\/revue\/bet365\/\" >\n<img decoding=\"async\" src=\"https:\/\/staging.betting.ca\/images\/reviews\/bet365-logo.png\" alt=\"Bet365\">\n<\/a>\n<p class=\"sb-bonus\">CAD 200<\/p>\n<a href=\"\/go\/bet365\" class=\"sb-cta\">Get Bonus<\/a>\n<a href=\"https:\/\/staging.betting.ca\/fr\/revue\/bet365\/\" class=\"sb-review\">Read Review<\/a>\n<\/div>\n<div class=\"sb-card sb-card--green\">\n<div class=\"sb-card__header\">\n<span class=\"sb-rank\">#4<\/span>\n<div class=\"sb-stars\"><span class=\"sb-star\">&#9733;<\/span><span class=\"sb-star\">&#9733;<\/span><span class=\"sb-star\">&#9733;<\/span><span class=\"sb-star\">&#9733;<\/span><span class=\"sb-star sb-star--half\">&#9733;<\/span><\/div>\n<\/div>\n<a class=\"sb-logo\" href=\"https:\/\/staging.betting.ca\/fr\/revue\/spin-sports\/\" >\n<img decoding=\"async\" src=\"https:\/\/staging.betting.ca\/images\/reviews\/spin-sports-logo.png\" alt=\"Spin Sports\">\n<\/a>\n<p class=\"sb-bonus\">CAD 200<\/p>\n<a href=\"\/go\/spin-sports\" class=\"sb-cta\">Get Bonus<\/a>\n<a href=\"https:\/\/staging.betting.ca\/fr\/revue\/spin-sports\/\" class=\"sb-review\">Read Review<\/a>\n<\/div>\n<div class=\"sb-card sb-card--red\">\n<div class=\"sb-card__header\">\n<span class=\"sb-rank\">#5<\/span>\n<div class=\"sb-stars\"><span class=\"sb-star\">&#9733;<\/span><span class=\"sb-star\">&#9733;<\/span><span class=\"sb-star\">&#9733;<\/span><span class=\"sb-star\">&#9733;<\/span><span class=\"sb-star sb-star--half\">&#9733;<\/span><\/div>\n<\/div>\n<a class=\"sb-logo\" href=\"https:\/\/staging.betting.ca\/fr\/revue\/bodog\/\" >\n<img decoding=\"async\" src=\"https:\/\/staging.betting.ca\/images\/reviews\/bodog-logo.png\" alt=\"Bodog\">\n<\/a>\n<p class=\"sb-bonus\">CAD 200<\/p>\n<a href=\"\/go\/bodog\" class=\"sb-cta\">Get Bonus<\/a>\n<a href=\"https:\/\/staging.betting.ca\/fr\/revue\/bodog\/\" class=\"sb-review\">Read Review<\/a>\n<\/div>\n<div class=\"sb-card sb-card--blue\">\n<div class=\"sb-card__header\">\n<span class=\"sb-rank\">#6<\/span>\n<div class=\"sb-stars\"><span class=\"sb-star\">&#9733;<\/span><span class=\"sb-star\">&#9733;<\/span><span class=\"sb-star\">&#9733;<\/span><span class=\"sb-star sb-star--half\">&#9733;<\/span><span class=\"sb-star sb-star--empty\">&#9733;<\/span><\/div>\n<\/div>\n<a class=\"sb-logo\" href=\"https:\/\/staging.betting.ca\/fr\/revue\/betonline\/\" >\n<img decoding=\"async\" src=\"https:\/\/staging.betting.ca\/images\/reviews\/betonline-logo.png\" alt=\"BetOnline\">\n<\/a>\n<p class=\"sb-bonus\">CAD 2500<\/p>\n<a href=\"\/go\/betonline\" class=\"sb-cta\">Get Bonus<\/a>\n<a href=\"https:\/\/staging.betting.ca\/fr\/revue\/betonline\/\" class=\"sb-review\">Read Review<\/a>\n<\/div>\n<\/div><\/div>\n<h2 id=\"les-paris-sportifs-a-lile-du-prince-edouard\">Les paris sportifs \u00e0 l&rsquo;\u00eele du Prince-\u00c9douard<\/h2>\nLe service appel\u00e9 Proline g\u00e9r\u00e9 par la <a href=\"https:\/\/www.alc.ca\/content\/alc\/fr.html\">Atlantic Lottery Corporation<\/a> est disponible \u00e0 l&rsquo;\u00eele du Prince-\u00c9douard. L&rsquo;objectif de ce service est d&rsquo;offrir des occasions de paris sportifs l\u00e9gaux pour les r\u00e9sidents de l&rsquo;\u00eele. Vous allez chez un d\u00e9taillant autoris\u00e9 tel qu&rsquo;un d\u00e9panneur ou une station d&rsquo;essence, remplissez un billet avec les \u00e9quipes et de faites le pari. Pour parier, vous devez avoir 19 ans, et vous ne pouvez pas parier sur un seul \u00e9v\u00e9nement, ce qui est le cas avec le service Proline dans les autres provinces \u00e9galement.<\/p>\n<p>Ceci, avec les chances qui sont de beaucoup inf\u00e9rieures par rapport \u00e0 celles qui sont sur les sites Web de paris sportifs \u00e0 l\u2019\u00e9tranger, est le plus grand inconv\u00e9nient des paris Proline. Vous devez \u00e9galement utiliser un stylo et du papier pour remplir les billets. Par rapport aux sites Web de paris sportifs autoris\u00e9s \u00e0 l\u2019\u00e9tranger, l\u2019avantage de la maison sur les paris de la Proline compte tenu de toutes les limitations et r\u00e8gles impos\u00e9es est de 30\u00a0%, ce qui est \u00c9NORME.<\/p>\n<p>Mais, par rapport aux \u00c9tats-Unis, au moins les Canadiens ont la libert\u00e9 de choisir s&rsquo;ils veulent parier sur le sport par les services r\u00e9glement\u00e9s par le gouvernement ou partout o\u00f9 ils veulent en ligne. Ceux qui d\u00e9cident de s&rsquo;accommoder de tous les avantages et les inconv\u00e9nients des paris sportifs Proline, peuvent faire les paris suivants:<\/p>\n<ul>\n<li><strong>Proline Futures<\/strong> \u2013 avec Proline Futures, un joueur peut tenter de pr\u00e9dire le gagnant d&rsquo;une ligue ou d\u2019un tournoi avant le d\u00e9but de l\u2019\u00e9v\u00e9nement. La mise maximale qu&rsquo;un joueur peut faire sur un Proline Futures est de 100\u00a0$, tandis que le minimum est de 2\u00a0$.<\/li>\n<li><strong>Proline<\/strong> \u2013 c&rsquo;est le type le plus commun de pari. Vous devez faire un pari progressif comportant jusqu&rsquo;\u00e0 huit jeux. La mise maximale autoris\u00e9e est de 25\u00a0$ et vous pouvez choisir entre les \u00e9quipes participant au basket-ball, basket-ball universitaire, football, football universitaire, soccer, hockey et baseball, tous \u00e0 des niveaux professionnels.\n<p>Pour que le pari progressif soit r\u00e9ussi, toutes les pr\u00e9visions doivent \u00eatre correctes.<\/li>\n<li><strong>Proline Fantasy<\/strong> \u2013 un pari progressif o\u00f9 vous pouvez combiner jusqu&rsquo;\u00e0 cinq propositions de paris pour des joueurs ou des \u00e9quipes.<\/li>\n<li><strong>Stadium Bets<\/strong> \u2013 un pari progressif compos\u00e9 de s\u00e9lections jusqu\u2019\u00e0 8 qui peuvent \u00eatre fait dans trois styles diff\u00e9rents, dont les moneylines, total de points, et \u00e9carts de points. La mise minimale est de 2\u00a0$ tandis que la mise maximale est de 250\u00a0$.<\/li>\n<li><strong>Proline Stadium Picks<\/strong> \u2013 Jouez pour des points en devinant les bons gagnants et selon l&rsquo;endroit o\u00f9 vous avez fini dans le classement, vous obtenez une partie de la cagnotte.<\/li>\n<\/ul>\n<h2 id=\"loi-sur-le-jeu-a-lile-du-prince-edouard\">Loi sur le jeu \u00e0 l&rsquo;\u00eele du Prince-\u00c9douard<\/h2>\n<p>Selon la loi sur le jeu, les paris sportifs en ligne ou les paris n&rsquo;ont pas \u00e9t\u00e9 ouvertement adopt\u00e9s. Mais, aucun n&rsquo;a \u00e9t\u00e9 refus\u00e9. C&rsquo;est parce que la l\u00e9gislation ne mentionne pas du tout les jeux en ligne. \u00c0 ce titre, les habitants de l&rsquo;\u00eele du Prince-\u00c9douard peuvent participer \u00e0 des jeux d&rsquo;argent en ligne sans crainte de poursuites judiciaires. Ils ont toute la libert\u00e9 de signer avec n&rsquo;importe quel site de paris sportifs en ligne et ils ne seront m\u00eame pas impos\u00e9s pour leurs gains.<\/p>\n<p>Outre les loteries sportives, d&rsquo;autres formes de jeu qui sont l\u00e9gaux \u00e0 l&rsquo;\u00eele du Prince-\u00c9douard sont le bingo, les jeux de casino, le poker et les courses de chevaux.<\/p>\n<h2 id=\"les-autorites-chargees-de-la-delivrance-des-licences-a-lile-du-prince-edouard\">Les autorit\u00e9s charg\u00e9es de la d\u00e9livrance des licences \u00e0 l&rsquo;\u00eele du Prince-\u00c9douard<\/h2>\n<p>La <strong>Atlantic Lottery Corporation<\/strong> ou l\u2019ALC est responsable de l&rsquo;op\u00e9ration des sports de loterie dans quatre provinces maritimes au Canada, y compris l&rsquo;\u00eele du Prince-\u00c9douard. Elle est d\u00e9tenue conjointement par l\u2019\u00eele du Prince-\u00c9douard, <a href=\"https:\/\/www.betting.ca\/fr\/nouvelle-ecosse\">la Nouvelle-\u00c9cosse<\/a>, <a href=\"https:\/\/www.betting.ca\/fr\/terre-neuve-et-labrador\">Terre-Neuve et Labrador<\/a> et <a href=\"https:\/\/www.betting.ca\/fr\/nouveau-brunswick\">le Nouveau-Brunswick<\/a>.<\/p>\n<p>L&rsquo;ALC exploite pour le compte des provinces et est responsable de l&rsquo;organisation et de la conduite de toutes les options de jeu sur l&rsquo;\u00eele tels que les loteries vid\u00e9o et autres. Elle le fait depuis 1976, lorsque la <strong>Lotteries Commission Act<\/strong> a \u00e9t\u00e9 constitu\u00e9e.<\/p>\n<h2 id=\"population-de-lile-du-prince-edouard\">Population de l&rsquo;\u00eele du Prince-\u00c9douard<\/h2>\n<p>L&rsquo;\u00eele principale et les 231 petites \u00eeles qui font partie de la province de l\u2019\u00eele du Prince-\u00c9douard accueillent 140\u00a0000 personnes. Ceci fait de l&rsquo;\u00eele du Prince-\u00c9douard la plus petite province du Canada en termes de population. Avec une superficie de seulement 5\u00a0620\u00a0km2, c&rsquo;est la 23e plus grande \u00eele au Canada, et la 104e plus grande \u00eele au monde. Pr\u00e8s de 94\u00a0% des r\u00e9sidents sont d&rsquo;origine anglaise, et seulement 4\u00a0% sont d\u2019origine fran\u00e7aise.<\/p>\n<h2 id=\"offline-betting-venues-in-prince-edward-island\">Offline Betting Venues in Prince Edward Island<\/h2>\n<p>L&rsquo;\u00eele du Prince-\u00c9douard a de grands sites de pari hors ligne dont seulement un est un casino. Le casino est le lieu appel\u00e9 <a href=\"https:\/\/redshores.ca\/\">Red Shores Racetrack &amp; Casino<\/a> au Charlottetown Driving Park, o\u00f9 les joueurs peuvent profiter de 200 machines \u00e0 sous vid\u00e9os, les courses de chevaux et d&rsquo;autres jeux de casino tels que les 4 tables de jeux et 5 tables de poker. Il est situ\u00e9 dans la capitale de l&rsquo;\u00eele, Charlottetown et il est op\u00e9r\u00e9 par la <a>Commission<\/a>.<\/p>\n<p>L&rsquo;autre est appel\u00e9 <strong>Red Shores Summerside<\/strong> et il est situ\u00e9 dans la communaut\u00e9 de Summerside, le deuxi\u00e8me plus grand sur l&rsquo;\u00eele. C&rsquo;est un lieu de pari hors ligne beaucoup plus petit avec seulement 40 machines de jeu, mais il offre aussi des courses de chevaux et la diffusion simultan\u00e9e.<\/p>\n<h2 id=\"conclusion\"><strong>Conclusion<\/strong><\/h2>\n<p>En d\u00e9pit d&rsquo;\u00eatre la plus petite province du Canada, les r\u00e9sidents de l&rsquo;\u00eele du Prince-\u00c9douard ont toujours acc\u00e8s \u00e0 diverses options de jeu, y compris ceux trouv\u00e9s en ligne et favorite des joueurs et parieurs sportifs passionn\u00e9s qui cherchent de meilleures chances. Outre les loteries sportives sur papier, les gens ont la possibilit\u00e9 de jouer \u00e0 des jeux de casino ou de visiter les pistes de courses o\u00f9 ils peuvent parier sur les chevaux.<\/p>\n","protected":false},"excerpt":{"rendered":"Le golfe du Saint-Laurent contient la plus petite province du Canada, et aussi la plus petite province sous-nationale de l&rsquo;Am\u00e9rique du Nord qui n&rsquo;a pas de fronti\u00e8re terrestre et aucun territoire terrestre. L\u2019\u00eele-du-Prince-\u00c9douard est la plus petite province du Canada, \u00e0 la fois en superficie et en population. Elle n&rsquo;est m\u00eame pas assez grande pour [&hellip;]","protected":false},"author":2,"featured_media":0,"parent":0,"menu_order":0,"comment_status":"closed","ping_status":"closed","template":"","meta":{"footnotes":""},"class_list":["post-80","page","type-page","status-publish","hentry"],"acf":[],"yoast_head":"<!-- This site is optimized with the Yoast SEO plugin v27.1.1 - https:\/\/yoast.com\/product\/yoast-seo-wordpress\/ -->\n<title>Paris sportifs \u00e0 l\u2019\u00eele-du-Prince-\u00c9douard - Lieux de paris et lois sur les paris<\/title>\n<meta name=\"robots\" content=\"index, follow, max-snippet:-1, max-image-preview:large, max-video-preview:-1\" \/>\n<link rel=\"canonical\" href=\"https:\/\/staging.betting.ca\/fr\/ile-du-prince-edouard\/\" \/>\n<meta property=\"og:locale\" content=\"fr_CA\" \/>\n<meta property=\"og:type\" content=\"article\" \/>\n<meta property=\"og:title\" content=\"Paris sportifs \u00e0 l\u2019\u00eele-du-Prince-\u00c9douard - Lieux de paris et lois sur les paris\" \/>\n<meta property=\"og:description\" content=\"Le golfe du Saint-Laurent contient la plus petite province du Canada, et aussi la plus petite province sous-nationale de l&rsquo;Am\u00e9rique du Nord qui n&rsquo;a pas de fronti\u00e8re terrestre et aucun territoire terrestre. L\u2019\u00eele-du-Prince-\u00c9douard est la plus petite province du Canada, \u00e0 la fois en superficie et en population. Elle n&rsquo;est m\u00eame pas assez grande pour [&hellip;]\" \/>\n<meta property=\"og:url\" content=\"https:\/\/staging.betting.ca\/fr\/ile-du-prince-edouard\/\" \/>\n<meta property=\"og:site_name\" content=\"Staging Betting.ca FR\" \/>\n<meta property=\"og:image\" content=\"https:\/\/staging.betting.ca\/images\/reviews\/betonline-logo.png\" \/>\n<meta name=\"twitter:card\" content=\"summary_large_image\" \/>\n<meta name=\"twitter:label1\" content=\"Estimation du temps de lecture\" \/>\n\t<meta name=\"twitter:data1\" content=\"6 minutes\" \/>\n<script type=\"application\/ld+json\" class=\"yoast-schema-graph\">{\"@context\":\"https:\/\/schema.org\",\"@graph\":[{\"@type\":\"WebPage\",\"@id\":\"https:\/\/staging.betting.ca\/fr\/ile-du-prince-edouard\/\",\"url\":\"https:\/\/staging.betting.ca\/fr\/ile-du-prince-edouard\/\",\"name\":\"Paris sportifs \u00e0 l\u2019\u00eele-du-Prince-\u00c9douard - Lieux de paris et lois sur les paris\",\"isPartOf\":{\"@id\":\"https:\/\/staging.betting.ca\/fr\/#website\"},\"primaryImageOfPage\":{\"@id\":\"https:\/\/staging.betting.ca\/fr\/ile-du-prince-edouard\/#primaryimage\"},\"image\":{\"@id\":\"https:\/\/staging.betting.ca\/fr\/ile-du-prince-edouard\/#primaryimage\"},\"thumbnailUrl\":\"https:\/\/www.betting.ca\/wp-content\/uploads\/2017\/04\/prince-edward-sports-betting.jpg\",\"datePublished\":\"2019-05-16T15:09:31+00:00\",\"breadcrumb\":{\"@id\":\"https:\/\/staging.betting.ca\/fr\/ile-du-prince-edouard\/#breadcrumb\"},\"inLanguage\":\"fr-CA\",\"potentialAction\":[{\"@type\":\"ReadAction\",\"target\":[\"https:\/\/staging.betting.ca\/fr\/ile-du-prince-edouard\/\"]}]},{\"@type\":\"ImageObject\",\"inLanguage\":\"fr-CA\",\"@id\":\"https:\/\/staging.betting.ca\/fr\/ile-du-prince-edouard\/#primaryimage\",\"url\":\"https:\/\/staging.betting.ca\/images\/reviews\/betonline-logo.png\",\"contentUrl\":\"https:\/\/staging.betting.ca\/images\/reviews\/betonline-logo.png\"},{\"@type\":\"BreadcrumbList\",\"@id\":\"https:\/\/staging.betting.ca\/fr\/ile-du-prince-edouard\/#breadcrumb\",\"itemListElement\":[{\"@type\":\"ListItem\",\"position\":1,\"name\":\"Home\",\"item\":\"https:\/\/staging.betting.ca\/fr\/\"},{\"@type\":\"ListItem\",\"position\":2,\"name\":\"\u00cele du Prince-\u00c9douard\"}]},{\"@type\":\"WebSite\",\"@id\":\"https:\/\/staging.betting.ca\/fr\/#website\",\"url\":\"https:\/\/staging.betting.ca\/fr\/\",\"name\":\"Staging Betting.ca FR\",\"description\":\"\",\"potentialAction\":[{\"@type\":\"SearchAction\",\"target\":{\"@type\":\"EntryPoint\",\"urlTemplate\":\"https:\/\/staging.betting.ca\/fr\/?s={search_term_string}\"},\"query-input\":{\"@type\":\"PropertyValueSpecification\",\"valueRequired\":true,\"valueName\":\"search_term_string\"}}],\"inLanguage\":\"fr-CA\"}]}<\/script>\n<!-- \/ Yoast SEO plugin. -->","yoast_head_json":{"title":"Paris sportifs \u00e0 l\u2019\u00eele-du-Prince-\u00c9douard - Lieux de paris et lois sur les paris","robots":{"index":"index","follow":"follow","max-snippet":"max-snippet:-1","max-image-preview":"max-image-preview:large","max-video-preview":"max-video-preview:-1"},"canonical":"https:\/\/staging.betting.ca\/fr\/ile-du-prince-edouard\/","og_locale":"fr_CA","og_type":"article","og_title":"Paris sportifs \u00e0 l\u2019\u00eele-du-Prince-\u00c9douard - Lieux de paris et lois sur les paris","og_description":"Le golfe du Saint-Laurent contient la plus petite province du Canada, et aussi la plus petite province sous-nationale de l&rsquo;Am\u00e9rique du Nord qui n&rsquo;a pas de fronti\u00e8re terrestre et aucun territoire terrestre. L\u2019\u00eele-du-Prince-\u00c9douard est la plus petite province du Canada, \u00e0 la fois en superficie et en population. Elle n&rsquo;est m\u00eame pas assez grande pour [&hellip;]","og_url":"https:\/\/staging.betting.ca\/fr\/ile-du-prince-edouard\/","og_site_name":"Staging Betting.ca FR","og_image":[{"url":"https:\/\/staging.betting.ca\/images\/reviews\/betonline-logo.png","type":"","width":"","height":""}],"twitter_card":"summary_large_image","twitter_misc":{"Estimation du temps de lecture":"6 minutes"},"schema":{"@context":"https:\/\/schema.org","@graph":[{"@type":"WebPage","@id":"https:\/\/staging.betting.ca\/fr\/ile-du-prince-edouard\/","url":"https:\/\/staging.betting.ca\/fr\/ile-du-prince-edouard\/","name":"Paris sportifs \u00e0 l\u2019\u00eele-du-Prince-\u00c9douard - Lieux de paris et lois sur les paris","isPartOf":{"@id":"https:\/\/staging.betting.ca\/fr\/#website"},"primaryImageOfPage":{"@id":"https:\/\/staging.betting.ca\/fr\/ile-du-prince-edouard\/#primaryimage"},"image":{"@id":"https:\/\/staging.betting.ca\/fr\/ile-du-prince-edouard\/#primaryimage"},"thumbnailUrl":"https:\/\/www.betting.ca\/wp-content\/uploads\/2017\/04\/prince-edward-sports-betting.jpg","datePublished":"2019-05-16T15:09:31+00:00","breadcrumb":{"@id":"https:\/\/staging.betting.ca\/fr\/ile-du-prince-edouard\/#breadcrumb"},"inLanguage":"fr-CA","potentialAction":[{"@type":"ReadAction","target":["https:\/\/staging.betting.ca\/fr\/ile-du-prince-edouard\/"]}]},{"@type":"ImageObject","inLanguage":"fr-CA","@id":"https:\/\/staging.betting.ca\/fr\/ile-du-prince-edouard\/#primaryimage","url":"https:\/\/staging.betting.ca\/images\/reviews\/betonline-logo.png","contentUrl":"https:\/\/staging.betting.ca\/images\/reviews\/betonline-logo.png"},{"@type":"BreadcrumbList","@id":"https:\/\/staging.betting.ca\/fr\/ile-du-prince-edouard\/#breadcrumb","itemListElement":[{"@type":"ListItem","position":1,"name":"Home","item":"https:\/\/staging.betting.ca\/fr\/"},{"@type":"ListItem","position":2,"name":"\u00cele du Prince-\u00c9douard"}]},{"@type":"WebSite","@id":"https:\/\/staging.betting.ca\/fr\/#website","url":"https:\/\/staging.betting.ca\/fr\/","name":"Staging Betting.ca FR","description":"","potentialAction":[{"@type":"SearchAction","target":{"@type":"EntryPoint","urlTemplate":"https:\/\/staging.betting.ca\/fr\/?s={search_term_string}"},"query-input":{"@type":"PropertyValueSpecification","valueRequired":true,"valueName":"search_term_string"}}],"inLanguage":"fr-CA"}]}},"_links":{"self":[{"href":"https:\/\/staging.betting.ca\/fr\/wp-json\/wp\/v2\/pages\/80","targetHints":{"allow":["GET"]}}],"collection":[{"href":"https:\/\/staging.betting.ca\/fr\/wp-json\/wp\/v2\/pages"}],"about":[{"href":"https:\/\/staging.betting.ca\/fr\/wp-json\/wp\/v2\/types\/page"}],"author":[{"embeddable":true,"href":"https:\/\/staging.betting.ca\/fr\/wp-json\/wp\/v2\/users\/2"}],"replies":[{"embeddable":true,"href":"https:\/\/staging.betting.ca\/fr\/wp-json\/wp\/v2\/comments?post=80"}],"version-history":[{"count":0,"href":"https:\/\/staging.betting.ca\/fr\/wp-json\/wp\/v2\/pages\/80\/revisions"}],"wp:attachment":[{"href":"https:\/\/staging.betting.ca\/fr\/wp-json\/wp\/v2\/media?parent=80"}],"curies":[{"name":"wp","href":"https:\/\/api.w.org\/{rel}","templated":true}]}}