{"id":79,"date":"2019-05-16T15:00:27","date_gmt":"2019-05-16T15:00:27","guid":{"rendered":"https:\/\/www.betting.ca\/fr\/?page_id=79"},"modified":"2019-05-16T15:00:27","modified_gmt":"2019-05-16T15:00:27","slug":"nouveau-brunswick","status":"publish","type":"page","link":"https:\/\/staging.betting.ca\/fr\/nouveau-brunswick\/","title":{"rendered":"Nouveau-Brunswick"},"content":{"rendered":"<p><img decoding=\"async\" class=\"alignright size-full wp-image-741\" src=\"https:\/\/www.betting.ca\/wp-content\/uploads\/2017\/04\/new-brunswick-sports-betting.jpg\" alt=\"Top Canadian Sports Betting Sites For New Brunswick\" width=\"300\" \/>M\u00eame si le Nouveau-Brunswick repr\u00e9sente moins de 1 % de la superficie totale du Canada, il compte plusieurs amateurs de paris sportifs qui aiment passer du temps \u00e0 jouer. La province offre aux passionn\u00e9s de pari la chance de parier sur les loteries sur papier, et sur des jeux de paris sportifs en ligne et hors ligne ainsi que dans des casinos terrestres, des salles de poker et sur des appareils de loterie vid\u00e9o (ALV).<\/p>\n<p>En plus des activit\u00e9s de paris l\u00e9galis\u00e9s men\u00e9es par des sites de jeu en ligne et hors ligne, les r\u00e9sidents du Nouveau-Brunswick ont la possibilit\u00e9 de jouer sur des sites de paris sportifs en ligne, des casinos et des salles de poker \u00e0 l\u2019\u00e9tranger.<\/p>\n<p>L&rsquo;organisme charg\u00e9 de r\u00e9glementer et de superviser les aspects juridiques de pari et de jeu au Nouveau-Brunswick est la Gaming Control Branch, une division du Minist\u00e8re de la S\u00e9curit\u00e9 publique de la province. Il travaille en \u00e9troite collaboration avec la <a href=\"https:\/\/www2.gnb.ca\/content\/gnb\/fr\/ministeres\/finances\/societe_des_lotteries_et_des_jeux.html\">New Brunswick Lotteries and Gaming Corporation (NBLGC)<\/a> qui est responsable de la conduite et l&rsquo;exploitation de tout ce qui est li\u00e9 aux paris et aux jeux au Nouveau-Brunswick.<\/p>\n<h2 id=\"sites-de-paris-sportifs-canadiens-recommandes-au-nouveau-brunswick\">Sites de paris sportifs canadiens recommand\u00e9s au Nouveau-Brunswick<\/h2>\n<div id=\"ca-sportsbooks\">\n<div class=\"sb-grid\">\n<div class=\"sb-card sb-card--red\">\n<div class=\"sb-card__header\">\n<span class=\"sb-rank\">#1<\/span>\n<div class=\"sb-stars\"><span class=\"sb-star\">&#9733;<\/span><span class=\"sb-star\">&#9733;<\/span><span class=\"sb-star\">&#9733;<\/span><span class=\"sb-star\">&#9733;<\/span><span class=\"sb-star\">&#9733;<\/span><\/div>\n<\/div>\n<a class=\"sb-logo\" href=\"https:\/\/staging.betting.ca\/fr\/revue\/betway\/\" >\n<img decoding=\"async\" src=\"https:\/\/staging.betting.ca\/images\/reviews\/betway-logo.png\" alt=\"Betway\">\n<\/a>\n<p class=\"sb-bonus\">2000 CAD<\/p>\n<a href=\"\/go\/betway\" class=\"sb-cta\">Get Bonus<\/a>\n<a href=\"https:\/\/staging.betting.ca\/fr\/revue\/betway\/\" class=\"sb-review\">Read Review<\/a>\n<\/div>\n<div class=\"sb-card sb-card--blue\">\n<div class=\"sb-card__header\">\n<span class=\"sb-rank\">#2<\/span>\n<div class=\"sb-stars\"><span class=\"sb-star\">&#9733;<\/span><span class=\"sb-star\">&#9733;<\/span><span class=\"sb-star\">&#9733;<\/span><span class=\"sb-star\">&#9733;<\/span><span class=\"sb-star sb-star--half\">&#9733;<\/span><\/div>\n<\/div>\n<a class=\"sb-logo\" href=\"https:\/\/staging.betting.ca\/fr\/revue\/sports-interaction\/\" >\n<img decoding=\"async\" src=\"https:\/\/staging.betting.ca\/images\/reviews\/sports-interaction-logo.png\" alt=\"Sports Interaction\">\n<\/a>\n<p class=\"sb-bonus\">CAD 125<\/p>\n<a href=\"\/go\/sports-interaction\" class=\"sb-cta\">Get Bonus<\/a>\n<a href=\"https:\/\/staging.betting.ca\/fr\/revue\/sports-interaction\/\" class=\"sb-review\">Read Review<\/a>\n<\/div>\n<div class=\"sb-card sb-card--orange\">\n<div class=\"sb-card__header\">\n<span class=\"sb-rank\">#3<\/span>\n<div class=\"sb-stars\"><span class=\"sb-star\">&#9733;<\/span><span class=\"sb-star\">&#9733;<\/span><span class=\"sb-star\">&#9733;<\/span><span class=\"sb-star\">&#9733;<\/span><span class=\"sb-star sb-star--half\">&#9733;<\/span><\/div>\n<\/div>\n<a class=\"sb-logo\" href=\"https:\/\/staging.betting.ca\/fr\/revue\/bet365\/\" >\n<img decoding=\"async\" src=\"https:\/\/staging.betting.ca\/images\/reviews\/bet365-logo.png\" alt=\"Bet365\">\n<\/a>\n<p class=\"sb-bonus\">CAD 200<\/p>\n<a href=\"\/go\/bet365\" class=\"sb-cta\">Get Bonus<\/a>\n<a href=\"https:\/\/staging.betting.ca\/fr\/revue\/bet365\/\" class=\"sb-review\">Read Review<\/a>\n<\/div>\n<div class=\"sb-card sb-card--green\">\n<div class=\"sb-card__header\">\n<span class=\"sb-rank\">#4<\/span>\n<div class=\"sb-stars\"><span class=\"sb-star\">&#9733;<\/span><span class=\"sb-star\">&#9733;<\/span><span class=\"sb-star\">&#9733;<\/span><span class=\"sb-star\">&#9733;<\/span><span class=\"sb-star sb-star--half\">&#9733;<\/span><\/div>\n<\/div>\n<a class=\"sb-logo\" href=\"https:\/\/staging.betting.ca\/fr\/revue\/spin-sports\/\" >\n<img decoding=\"async\" src=\"https:\/\/staging.betting.ca\/images\/reviews\/spin-sports-logo.png\" alt=\"Spin Sports\">\n<\/a>\n<p class=\"sb-bonus\">CAD 200<\/p>\n<a href=\"\/go\/spin-sports\" class=\"sb-cta\">Get Bonus<\/a>\n<a href=\"https:\/\/staging.betting.ca\/fr\/revue\/spin-sports\/\" class=\"sb-review\">Read Review<\/a>\n<\/div>\n<div class=\"sb-card sb-card--red\">\n<div class=\"sb-card__header\">\n<span class=\"sb-rank\">#5<\/span>\n<div class=\"sb-stars\"><span class=\"sb-star\">&#9733;<\/span><span class=\"sb-star\">&#9733;<\/span><span class=\"sb-star\">&#9733;<\/span><span class=\"sb-star\">&#9733;<\/span><span class=\"sb-star sb-star--half\">&#9733;<\/span><\/div>\n<\/div>\n<a class=\"sb-logo\" href=\"https:\/\/staging.betting.ca\/fr\/revue\/bodog\/\" >\n<img decoding=\"async\" src=\"https:\/\/staging.betting.ca\/images\/reviews\/bodog-logo.png\" alt=\"Bodog\">\n<\/a>\n<p class=\"sb-bonus\">CAD 200<\/p>\n<a href=\"\/go\/bodog\" class=\"sb-cta\">Get Bonus<\/a>\n<a href=\"https:\/\/staging.betting.ca\/fr\/revue\/bodog\/\" class=\"sb-review\">Read Review<\/a>\n<\/div>\n<div class=\"sb-card sb-card--blue\">\n<div class=\"sb-card__header\">\n<span class=\"sb-rank\">#6<\/span>\n<div class=\"sb-stars\"><span class=\"sb-star\">&#9733;<\/span><span class=\"sb-star\">&#9733;<\/span><span class=\"sb-star\">&#9733;<\/span><span class=\"sb-star sb-star--half\">&#9733;<\/span><span class=\"sb-star sb-star--empty\">&#9733;<\/span><\/div>\n<\/div>\n<a class=\"sb-logo\" href=\"https:\/\/staging.betting.ca\/fr\/revue\/betonline\/\" >\n<img decoding=\"async\" src=\"https:\/\/staging.betting.ca\/images\/reviews\/betonline-logo.png\" alt=\"BetOnline\">\n<\/a>\n<p class=\"sb-bonus\">CAD 2500<\/p>\n<a href=\"\/go\/betonline\" class=\"sb-cta\">Get Bonus<\/a>\n<a href=\"https:\/\/staging.betting.ca\/fr\/revue\/betonline\/\" class=\"sb-review\">Read Review<\/a>\n<\/div>\n<\/div><\/div>\n<p>La Atlantic Lottery Corporation (ALC) agit au nom de la NBLGC au Nouveau-Brunswick. Il exploite tous les jeux de loterie au Nouveau-Brunswick, <a href=\"https:\/\/www.betting.ca\/fr\/nouvelle-ecosse\">Nouvelle-\u00c9cosse<\/a>, <a href=\"https:\/\/www.betting.ca\/fr\/terre-neuve-et-labrador\">Terre-Neuve et Labrador<\/a> et <a href=\"https:\/\/www.betting.ca\/fr\/ile-du-Prince-edouard\">l&rsquo;\u00cele du Prince-\u00c9douard<\/a> et est, en fait, la propri\u00e9t\u00e9 de ces quatre provinces maritimes.<\/p>\n<h2 id=\"les-paris-sportifs-au-nouveau-brunswick\"><strong>Les paris sportifs au Nouveau-Brunswick<\/strong><\/h2>\nLes paris sportifs dans la province du Nouveau-Brunswick sont organis\u00e9s par la <a href=\"https:\/\/www.alc.ca\/content\/alc\/fr.html\">Atlantic Lottery Corporation (ALC)<\/a>. Elle offre plusieurs types de paris sportifs \u00e0 ses clients, qui ne diff\u00e8rent pas beaucoup des autres provinces canadiennes. Il s&rsquo;agit notamment de Pro-Line, Pro-Line Fantasy, Pro-Line Futures et Stadium-Bets. Les jeux de paris sportifs en ligne sont offerts par le portail Web de l\u2019ACL ProLineStadium.com.<\/p>\n<p>Tous les paris doivent \u00eatre multiples, ce qui signifie qu&rsquo;il doit y avoir plus d&rsquo;un match ou un \u00e9v\u00e9nement sportif sur le billet de pari. En outre, les paris sur les \u00e9v\u00e9nements sportifs uniques sont consid\u00e9r\u00e9s comme ill\u00e9gaux au Nouveau-Brunswick.<\/p>\n<h3 id=\"pro-line\">Pro-Line<\/h3>\n<p>C&rsquo;est un jeu dans lequel les joueurs doivent pr\u00e9dire les gagnants de plusieurs matchs avec 2 \u00e0 8 \u00e9v\u00e9nements sportifs. Les formats de paris comprennent la money line, les \u00e9carts de points et le total de points. Lorsque toutes les pr\u00e9visions sont correctes, le billet est prononc\u00e9 comme un billet gagnant. Le prix est \u00e9gal \u00e0 l&rsquo;ensemble des chances de tous les matchs multipli\u00e9 par la mise. La mise peut \u00eatre de 2 $, ce qui est le minimum et plus. Le pari maximum sur un billet de Pro-Line est de 25 $.<\/p>\n<h3 id=\"pro-line-fantasy\">Pro-Line Fantasy<\/h3>\n<p>Il s&rsquo;agit d&rsquo;une variante du jeu Pro-Line jeu dans lequel les joueurs doivent faire une s\u00e9lection de 2 \u00e0 5 jeux, mais cette fois ils essaient de pr\u00e9dire correctement les r\u00e9sultats de 5 joueurs ou \u00e9quipes. Le pari minimum et maximum sont les m\u00eames que celles de la Pro-Line<\/p>\n<h3 id=\"pro-line-futures\">Pro-Line Futures<\/h3>\n<p>Avec la Pro-Line Futures, la chance de parier sur les gagnants d&rsquo;une saison compl\u00e8te dans diff\u00e9rents sports comme le hockey ou le basketball est offerte aux joueurs. Les joueurs doivent choisir une s\u00e9lection par billet et si la v\u00f4tre est la s\u00e9lection gagnante, alors vous \u00eates consid\u00e9r\u00e9 comme le gagnant du pari.<\/p>\n<p>La mise minimum pour ce jeu est de 2 $ et le maximum est de 100 $. Cela est multipli\u00e9 par les cotes que vous avez re\u00e7ues pour votre s\u00e9lection. Les cotes sont toujours donn\u00e9es avant le d\u00e9but d&rsquo;une nouvelle saison et elles peuvent \u00eatre soumises \u00e0 modification en fonction de la fa\u00e7on dont les \u00e9quipes et les joueurs performent au cours de la saison<\/p>\n<h3 id=\"stadium-bets\">Stadium Bets<\/h3>\n<p>Similaire \u00e0 la Pro-Line, ceci est un autre jeu bas\u00e9 sur les cotes et il est \u00e9galement compos\u00e9 d&rsquo;une s\u00e9lection de 2 \u00e0 8 \u00e9v\u00e9nements sportifs. Les mises minimum et maximum sont de 2 $ et 250 $ respectivement.<\/p>\n<p>Les m\u00eames formats de paris tels que la money line, les \u00e9carts de points et le total de points sont \u00e9galement offerts. La seule diff\u00e9rence est que les Stadium Bets peuvent seulement \u00eatre consult\u00e9s en ligne sur le site Web de l\u2019ACL &#8211;<br \/>\n <a href=\"https:\/\/prolinestadium.alc.ca\/\">prolinestadium.com<\/a>.<\/p>\n<h2 id=\"online-sportsbooks\"><strong>Online Sportsbooks<\/strong><\/h2>\n<p><a href=\"\/fr\/reviews\/bet365\">Bet365<\/a>, Bodog, <a href=\"\/fr\/reviews\/betway\">Betway<\/a>, Intertops, Pinnacle et 5Dimes sont quelques-unes des soci\u00e9t\u00e9s de paris \u00e0 l\u2019\u00e9tranger qui travaillent avec des clients canadiens. Selon de nombreux parieurs du Nouveau-Brunswick, leur offre est de loin sup\u00e9rieure \u00e0 celle offerte par l&rsquo;ALC.<\/p>\n<p>Ils affirment que l&rsquo;avantage de la maison ou \u00e9galement connu sous le nom de marge des preneurs aux livres est autour de 30 % pour les paris sur les \u00e9v\u00e9nements sportifs sous format papier offerts par l&rsquo;ALC. En revanche, les paris sportifs en ligne fonctionnent souvent avec moins de 10 % de marge et offrent de meilleures cotes aux parieurs.<\/p>\n<p>Les soci\u00e9t\u00e9s de paris bas\u00e9es \u00e0 l\u2019\u00e9tranger offrent \u00e9galement \u00e0 leurs clients la possibilit\u00e9 de parier sur les matchs simples au lieu de regroupements. En outre, ils ont certains des meilleurs casinos et salles de poker en ligne dans leur r\u00e9pertoire, quelque chose qui n&rsquo;est qu&rsquo;une illusion pour ceux qui font des affaires avec l&rsquo;ALC ou la NBLGC.<\/p>\n<h2 id=\"loi-sur-le-jeu-au-nouveau-brunswick\"><strong>Loi sur le jeu au Nouveau-Brunswick<\/strong><\/h2>\n<p>Comme nous l&rsquo;avons d\u00e9j\u00e0 mentionn\u00e9, chaque activit\u00e9 qui est li\u00e9e au jeu ou aux paris sportifs au Nouveau-Brunswick est r\u00e9glement\u00e9e par la Gaming Control Branch of New Brunswick\u2019s Department of Public Safety et New Brunswick\u2019s Gaming Control Act pass\u00e9e en 2008.<\/p>\n<p>La NBLGC travaille en \u00e9troite collaboration avec la <strong>New Brunswick Lotteries and Gaming Corporation (NBLGC)<\/strong> qui est responsable de la conduite et l&rsquo;exploitation de tout, allant des jeux au casino aux loteries vid\u00e9os et aux billets de loterie.<\/p>\n<h2 id=\"les-autorites-de-delivrance-des-permis-au-nouveau-brunswick\"><strong>Les autorit\u00e9s de d\u00e9livrance des permis au Nouveau-Brunswick<\/strong><\/h2>\n<p>Tous les fournisseurs de paris du Nouveau-Brunswick sont agr\u00e9\u00e9s par la Gaming Control Branch, qui est l&rsquo;unique responsable de l&rsquo;enregistrement, de la licence et de la r\u00e9glementation de tout ce qui a trait aux jeux de casino, \u00e0 la loterie vid\u00e9o ou aux jeux de bienfaisance.<\/p>\n<h2 id=\"population-of-new-brunswick\"><strong>Population of New Brunswick<\/strong><\/h2>\n<p>Il y a 751 171 personnes vivant dans la province du Nouveau-Brunswick selon le recensement de 2011. De ce nombre, pr\u00e8s de 395 000 vivent dans les zones urbaines et pr\u00e8s de 355 000 vivent en milieu rural. Le Nouveau-Brunswick se classe au 8e en termes de population par rapport aux autres provinces canadiennes.<\/p>\n<h2 id=\"sites-de-pari-hors-ligne-au-nouveau-brunswick\"><strong>Sites de pari hors ligne au Nouveau-Brunswick<\/strong><\/h2>\n<p>Seul un casino terrestre fonctionne au Nouveau-Brunswick et c&rsquo;est le <a href=\"http:\/\/www.casinonb.ca\/\">Casino New Brunswick<\/a>. Il est situ\u00e9 \u00e0 Moncton et est exploit\u00e9 par <a href=\"http:\/\/www.sonco.ca\/\">Sonco Gaming New Brunswick Limited Partnership (Sonco)<\/a>.<\/p>\n<p>Il permet aux joueurs de tenter leur chance l\u00e0 leurs emplacements de machines \u00e0 sous; il y a des salles de poker et ils offrent \u00e9galement la possibilit\u00e9 d&rsquo;accueillir des \u00e9v\u00e9nements de jeu pour des collectes de fonds de bienfaisance dans ses locaux.<\/p>\n<p>Dans la province du Nouveau-Brunswick, il y a aussi plusieurs centres de jeux avec des machines \u00e0 sous, des salles de poker et des salles de bingo. Il s&rsquo;agit notamment de:<\/p>\n<ul>\n<li><strong><a href=\"http:\/\/www.eaglesnestcasino.com\/\">The Eagle&rsquo;s Nest Gaming Palace<\/a><\/strong> situ\u00e9 pr\u00e8s de Woodstock, Nouveau-Brunswick &#8211; (a des machines \u00e0 sous et du bingo, ainsi que des tournois de Texas Hold&#8217;em)<\/li>\n<li><strong><a href=\"http:\/\/tobiquegaming.ca\/\">The Tobique Gaming Center<\/a><\/strong> &#8211; (propose des machines \u00e0 sous vid\u00e9o et le bingo, et exploite des tournois de poker dans sa salle Soaring Eagle Poker Room).<\/li>\n<\/ul>\n<h2 id=\"conclusion\"><strong>Conclusion<\/strong><\/h2>\n<p>Les jeux de hasard et les paris sportifs sont des activit\u00e9s de loisir tr\u00e8s populaires au Nouveau-Brunswick. Les parieurs ont la possibilit\u00e9 de tenter leur chance avec paris sportifs sur billets en papier organis\u00e9s par l&rsquo;ALC ou ils peuvent choisir des preneurs aux livres bas\u00e9s \u00e0 l\u2019\u00e9tranger comme <strong>Bet365, Pinnacle, <a href=\"\/fr\/reviews\/bodog\">Bodog<\/a> ou 5Dimes<\/strong>.<\/p>\n<p>M\u00eame si la province est assez petite en termes de superficie et de population, elle re\u00e7oit toujours un flux de financement de l&rsquo;organisation d\u2019\u00e9v\u00e9nements de paris, ce qui est un des indicateurs les plus r\u00e9v\u00e9lateurs que le Nouveau-Brunswick est une province de passionn\u00e9s de paris.<\/p>\n","protected":false},"excerpt":{"rendered":"M\u00eame si le Nouveau-Brunswick repr\u00e9sente moins de 1 % de la superficie totale du Canada, il compte plusieurs amateurs de paris sportifs qui aiment passer du temps \u00e0 jouer. La province offre aux passionn\u00e9s de pari la chance de parier sur les loteries sur papier, et sur des jeux de paris sportifs en ligne et [&hellip;]","protected":false},"author":2,"featured_media":0,"parent":0,"menu_order":0,"comment_status":"closed","ping_status":"closed","template":"","meta":{"footnotes":""},"class_list":["post-79","page","type-page","status-publish","hentry"],"acf":[],"yoast_head":"<!-- This site is optimized with the Yoast SEO plugin v27.1.1 - https:\/\/yoast.com\/product\/yoast-seo-wordpress\/ -->\n<title>Paris sportifs au Nouveau-Brunswick - Preneurs aux livres et lois sur les paris<\/title>\n<meta name=\"description\" content=\"Les sites de jeu en ligne et sur sites sous licence du Nouveau-Brunswick offrent diff\u00e9rents types de paris sportifs et de jeux de hasard aux habitants de cette province canadienne.\" \/>\n<meta name=\"robots\" content=\"index, follow, max-snippet:-1, max-image-preview:large, max-video-preview:-1\" \/>\n<link rel=\"canonical\" href=\"https:\/\/staging.betting.ca\/fr\/nouveau-brunswick\/\" \/>\n<meta property=\"og:locale\" content=\"fr_CA\" \/>\n<meta property=\"og:type\" content=\"article\" \/>\n<meta property=\"og:title\" content=\"Paris sportifs au Nouveau-Brunswick - Preneurs aux livres et lois sur les paris\" \/>\n<meta property=\"og:description\" content=\"Les sites de jeu en ligne et sur sites sous licence du Nouveau-Brunswick offrent diff\u00e9rents types de paris sportifs et de jeux de hasard aux habitants de cette province canadienne.\" \/>\n<meta property=\"og:url\" content=\"https:\/\/staging.betting.ca\/fr\/nouveau-brunswick\/\" \/>\n<meta property=\"og:site_name\" content=\"Staging Betting.ca FR\" \/>\n<meta property=\"og:image\" content=\"https:\/\/staging.betting.ca\/images\/reviews\/betonline-logo.png\" \/>\n<meta name=\"twitter:card\" content=\"summary_large_image\" \/>\n<meta name=\"twitter:label1\" content=\"Estimation du temps de lecture\" \/>\n\t<meta name=\"twitter:data1\" content=\"7 minutes\" \/>\n<script type=\"application\/ld+json\" class=\"yoast-schema-graph\">{\"@context\":\"https:\/\/schema.org\",\"@graph\":[{\"@type\":\"WebPage\",\"@id\":\"https:\/\/staging.betting.ca\/fr\/nouveau-brunswick\/\",\"url\":\"https:\/\/staging.betting.ca\/fr\/nouveau-brunswick\/\",\"name\":\"Paris sportifs au Nouveau-Brunswick - Preneurs aux livres et lois sur les paris\",\"isPartOf\":{\"@id\":\"https:\/\/staging.betting.ca\/fr\/#website\"},\"primaryImageOfPage\":{\"@id\":\"https:\/\/staging.betting.ca\/fr\/nouveau-brunswick\/#primaryimage\"},\"image\":{\"@id\":\"https:\/\/staging.betting.ca\/fr\/nouveau-brunswick\/#primaryimage\"},\"thumbnailUrl\":\"https:\/\/www.betting.ca\/wp-content\/uploads\/2017\/04\/new-brunswick-sports-betting.jpg\",\"datePublished\":\"2019-05-16T15:00:27+00:00\",\"description\":\"Les sites de jeu en ligne et sur sites sous licence du Nouveau-Brunswick offrent diff\u00e9rents types de paris sportifs et de jeux de hasard aux habitants de cette province canadienne.\",\"breadcrumb\":{\"@id\":\"https:\/\/staging.betting.ca\/fr\/nouveau-brunswick\/#breadcrumb\"},\"inLanguage\":\"fr-CA\",\"potentialAction\":[{\"@type\":\"ReadAction\",\"target\":[\"https:\/\/staging.betting.ca\/fr\/nouveau-brunswick\/\"]}]},{\"@type\":\"ImageObject\",\"inLanguage\":\"fr-CA\",\"@id\":\"https:\/\/staging.betting.ca\/fr\/nouveau-brunswick\/#primaryimage\",\"url\":\"https:\/\/staging.betting.ca\/images\/reviews\/betonline-logo.png\",\"contentUrl\":\"https:\/\/staging.betting.ca\/images\/reviews\/betonline-logo.png\"},{\"@type\":\"BreadcrumbList\",\"@id\":\"https:\/\/staging.betting.ca\/fr\/nouveau-brunswick\/#breadcrumb\",\"itemListElement\":[{\"@type\":\"ListItem\",\"position\":1,\"name\":\"Home\",\"item\":\"https:\/\/staging.betting.ca\/fr\/\"},{\"@type\":\"ListItem\",\"position\":2,\"name\":\"Nouveau-Brunswick\"}]},{\"@type\":\"WebSite\",\"@id\":\"https:\/\/staging.betting.ca\/fr\/#website\",\"url\":\"https:\/\/staging.betting.ca\/fr\/\",\"name\":\"Staging Betting.ca FR\",\"description\":\"\",\"potentialAction\":[{\"@type\":\"SearchAction\",\"target\":{\"@type\":\"EntryPoint\",\"urlTemplate\":\"https:\/\/staging.betting.ca\/fr\/?s={search_term_string}\"},\"query-input\":{\"@type\":\"PropertyValueSpecification\",\"valueRequired\":true,\"valueName\":\"search_term_string\"}}],\"inLanguage\":\"fr-CA\"}]}<\/script>\n<!-- \/ Yoast SEO plugin. -->","yoast_head_json":{"title":"Paris sportifs au Nouveau-Brunswick - Preneurs aux livres et lois sur les paris","description":"Les sites de jeu en ligne et sur sites sous licence du Nouveau-Brunswick offrent diff\u00e9rents types de paris sportifs et de jeux de hasard aux habitants de cette province canadienne.","robots":{"index":"index","follow":"follow","max-snippet":"max-snippet:-1","max-image-preview":"max-image-preview:large","max-video-preview":"max-video-preview:-1"},"canonical":"https:\/\/staging.betting.ca\/fr\/nouveau-brunswick\/","og_locale":"fr_CA","og_type":"article","og_title":"Paris sportifs au Nouveau-Brunswick - Preneurs aux livres et lois sur les paris","og_description":"Les sites de jeu en ligne et sur sites sous licence du Nouveau-Brunswick offrent diff\u00e9rents types de paris sportifs et de jeux de hasard aux habitants de cette province canadienne.","og_url":"https:\/\/staging.betting.ca\/fr\/nouveau-brunswick\/","og_site_name":"Staging Betting.ca FR","og_image":[{"url":"https:\/\/staging.betting.ca\/images\/reviews\/betonline-logo.png","type":"","width":"","height":""}],"twitter_card":"summary_large_image","twitter_misc":{"Estimation du temps de lecture":"7 minutes"},"schema":{"@context":"https:\/\/schema.org","@graph":[{"@type":"WebPage","@id":"https:\/\/staging.betting.ca\/fr\/nouveau-brunswick\/","url":"https:\/\/staging.betting.ca\/fr\/nouveau-brunswick\/","name":"Paris sportifs au Nouveau-Brunswick - Preneurs aux livres et lois sur les paris","isPartOf":{"@id":"https:\/\/staging.betting.ca\/fr\/#website"},"primaryImageOfPage":{"@id":"https:\/\/staging.betting.ca\/fr\/nouveau-brunswick\/#primaryimage"},"image":{"@id":"https:\/\/staging.betting.ca\/fr\/nouveau-brunswick\/#primaryimage"},"thumbnailUrl":"https:\/\/www.betting.ca\/wp-content\/uploads\/2017\/04\/new-brunswick-sports-betting.jpg","datePublished":"2019-05-16T15:00:27+00:00","description":"Les sites de jeu en ligne et sur sites sous licence du Nouveau-Brunswick offrent diff\u00e9rents types de paris sportifs et de jeux de hasard aux habitants de cette province canadienne.","breadcrumb":{"@id":"https:\/\/staging.betting.ca\/fr\/nouveau-brunswick\/#breadcrumb"},"inLanguage":"fr-CA","potentialAction":[{"@type":"ReadAction","target":["https:\/\/staging.betting.ca\/fr\/nouveau-brunswick\/"]}]},{"@type":"ImageObject","inLanguage":"fr-CA","@id":"https:\/\/staging.betting.ca\/fr\/nouveau-brunswick\/#primaryimage","url":"https:\/\/staging.betting.ca\/images\/reviews\/betonline-logo.png","contentUrl":"https:\/\/staging.betting.ca\/images\/reviews\/betonline-logo.png"},{"@type":"BreadcrumbList","@id":"https:\/\/staging.betting.ca\/fr\/nouveau-brunswick\/#breadcrumb","itemListElement":[{"@type":"ListItem","position":1,"name":"Home","item":"https:\/\/staging.betting.ca\/fr\/"},{"@type":"ListItem","position":2,"name":"Nouveau-Brunswick"}]},{"@type":"WebSite","@id":"https:\/\/staging.betting.ca\/fr\/#website","url":"https:\/\/staging.betting.ca\/fr\/","name":"Staging Betting.ca FR","description":"","potentialAction":[{"@type":"SearchAction","target":{"@type":"EntryPoint","urlTemplate":"https:\/\/staging.betting.ca\/fr\/?s={search_term_string}"},"query-input":{"@type":"PropertyValueSpecification","valueRequired":true,"valueName":"search_term_string"}}],"inLanguage":"fr-CA"}]}},"_links":{"self":[{"href":"https:\/\/staging.betting.ca\/fr\/wp-json\/wp\/v2\/pages\/79","targetHints":{"allow":["GET"]}}],"collection":[{"href":"https:\/\/staging.betting.ca\/fr\/wp-json\/wp\/v2\/pages"}],"about":[{"href":"https:\/\/staging.betting.ca\/fr\/wp-json\/wp\/v2\/types\/page"}],"author":[{"embeddable":true,"href":"https:\/\/staging.betting.ca\/fr\/wp-json\/wp\/v2\/users\/2"}],"replies":[{"embeddable":true,"href":"https:\/\/staging.betting.ca\/fr\/wp-json\/wp\/v2\/comments?post=79"}],"version-history":[{"count":0,"href":"https:\/\/staging.betting.ca\/fr\/wp-json\/wp\/v2\/pages\/79\/revisions"}],"wp:attachment":[{"href":"https:\/\/staging.betting.ca\/fr\/wp-json\/wp\/v2\/media?parent=79"}],"curies":[{"name":"wp","href":"https:\/\/api.w.org\/{rel}","templated":true}]}}