{"id":78,"date":"2019-05-16T14:44:34","date_gmt":"2019-05-16T14:44:34","guid":{"rendered":"https:\/\/www.betting.ca\/fr\/?page_id=78"},"modified":"2019-05-16T14:44:34","modified_gmt":"2019-05-16T14:44:34","slug":"manitoba","status":"publish","type":"page","link":"https:\/\/staging.betting.ca\/fr\/manitoba\/","title":{"rendered":"Manitoba"},"content":{"rendered":"<p><img decoding=\"async\" src=\"https:\/\/www.betting.ca\/wp-content\/uploads\/2017\/04\/manitoba-sports-betting.jpg\" alt=\"Top Canadian Sports Betting Sites For Manitoba\" width=\"300\" class=\"alignright size-full wp-image-739\" \/>Il y a de plus en plus de personnes int\u00e9ress\u00e9es \u00e0 parier au Canada, et le <a href=\"https:\/\/fr.travelmanitoba.com\">Manitoba<\/a> n\u2019est pas diff\u00e9rent. Cet int\u00e9r\u00eat a donn\u00e9 lieu \u00e0 de plus en plus fournisseurs de paris et l\u2019enrichissement de leurs offres de paris.<\/p>\n<p>Ces jours-ci, les parieurs et les passionn\u00e9s de paris au Manitoba peuvent jouer sur les loteries en format papier plus traditionnelles et ils peuvent aussi parier sur des \u00e9v\u00e9nements sportifs. Ils peuvent visiter les casinos en ligne et hors ligne ainsi que des salles de poker, et peuvent essayer les c\u00e9l\u00e8bres salles de bingo du Manitoba.<\/p>\n<p>L&rsquo;autorit\u00e9 principale comp\u00e9tente pour r\u00e9glementer, surveiller et contr\u00f4ler les paris et jeux de hasard au Manitoba est la <a href=\"http:\/\/lgamanitoba.ca\/\">Liquor and Gaming Authority of Manitoba<\/a>. Cette autorit\u00e9 est responsable de contr\u00f4ler les casinos en ligne et terrestres et offre des licences de loterie aux vendeurs et aux fournisseurs de terminaux de loterie vid\u00e9o.<\/p>\n<h2 id=\"sites-de-paris-sportifs-canadiens-recommandes-au-manitoba\">Sites de paris sportifs canadiens recommand\u00e9s au Manitoba<\/h2>\n<div id=\"ca-sportsbooks\">\n<div class=\"sb-grid\">\n<div class=\"sb-card sb-card--red\">\n<div class=\"sb-card__header\">\n<span class=\"sb-rank\">#1<\/span>\n<div class=\"sb-stars\"><span class=\"sb-star\">&#9733;<\/span><span class=\"sb-star\">&#9733;<\/span><span class=\"sb-star\">&#9733;<\/span><span class=\"sb-star\">&#9733;<\/span><span class=\"sb-star\">&#9733;<\/span><\/div>\n<\/div>\n<a class=\"sb-logo\" href=\"https:\/\/staging.betting.ca\/fr\/revue\/betway\/\" >\n<img decoding=\"async\" src=\"https:\/\/staging.betting.ca\/images\/reviews\/betway-logo.png\" alt=\"Betway\">\n<\/a>\n<p class=\"sb-bonus\">2000 CAD<\/p>\n<a href=\"\/go\/betway\" class=\"sb-cta\">Get Bonus<\/a>\n<a href=\"https:\/\/staging.betting.ca\/fr\/revue\/betway\/\" class=\"sb-review\">Read Review<\/a>\n<\/div>\n<div class=\"sb-card sb-card--blue\">\n<div class=\"sb-card__header\">\n<span class=\"sb-rank\">#2<\/span>\n<div class=\"sb-stars\"><span class=\"sb-star\">&#9733;<\/span><span class=\"sb-star\">&#9733;<\/span><span class=\"sb-star\">&#9733;<\/span><span class=\"sb-star\">&#9733;<\/span><span class=\"sb-star sb-star--half\">&#9733;<\/span><\/div>\n<\/div>\n<a class=\"sb-logo\" href=\"https:\/\/staging.betting.ca\/fr\/revue\/sports-interaction\/\" >\n<img decoding=\"async\" src=\"https:\/\/staging.betting.ca\/images\/reviews\/sports-interaction-logo.png\" alt=\"Sports Interaction\">\n<\/a>\n<p class=\"sb-bonus\">CAD 125<\/p>\n<a href=\"\/go\/sports-interaction\" class=\"sb-cta\">Get Bonus<\/a>\n<a href=\"https:\/\/staging.betting.ca\/fr\/revue\/sports-interaction\/\" class=\"sb-review\">Read Review<\/a>\n<\/div>\n<div class=\"sb-card sb-card--orange\">\n<div class=\"sb-card__header\">\n<span class=\"sb-rank\">#3<\/span>\n<div class=\"sb-stars\"><span class=\"sb-star\">&#9733;<\/span><span class=\"sb-star\">&#9733;<\/span><span class=\"sb-star\">&#9733;<\/span><span class=\"sb-star\">&#9733;<\/span><span class=\"sb-star sb-star--half\">&#9733;<\/span><\/div>\n<\/div>\n<a class=\"sb-logo\" href=\"https:\/\/staging.betting.ca\/fr\/revue\/bet365\/\" >\n<img decoding=\"async\" src=\"https:\/\/staging.betting.ca\/images\/reviews\/bet365-logo.png\" alt=\"Bet365\">\n<\/a>\n<p class=\"sb-bonus\">CAD 200<\/p>\n<a href=\"\/go\/bet365\" class=\"sb-cta\">Get Bonus<\/a>\n<a href=\"https:\/\/staging.betting.ca\/fr\/revue\/bet365\/\" class=\"sb-review\">Read Review<\/a>\n<\/div>\n<div class=\"sb-card sb-card--green\">\n<div class=\"sb-card__header\">\n<span class=\"sb-rank\">#4<\/span>\n<div class=\"sb-stars\"><span class=\"sb-star\">&#9733;<\/span><span class=\"sb-star\">&#9733;<\/span><span class=\"sb-star\">&#9733;<\/span><span class=\"sb-star\">&#9733;<\/span><span class=\"sb-star sb-star--half\">&#9733;<\/span><\/div>\n<\/div>\n<a class=\"sb-logo\" href=\"https:\/\/staging.betting.ca\/fr\/revue\/spin-sports\/\" >\n<img decoding=\"async\" src=\"https:\/\/staging.betting.ca\/images\/reviews\/spin-sports-logo.png\" alt=\"Spin Sports\">\n<\/a>\n<p class=\"sb-bonus\">CAD 200<\/p>\n<a href=\"\/go\/spin-sports\" class=\"sb-cta\">Get Bonus<\/a>\n<a href=\"https:\/\/staging.betting.ca\/fr\/revue\/spin-sports\/\" class=\"sb-review\">Read Review<\/a>\n<\/div>\n<div class=\"sb-card sb-card--red\">\n<div class=\"sb-card__header\">\n<span class=\"sb-rank\">#5<\/span>\n<div class=\"sb-stars\"><span class=\"sb-star\">&#9733;<\/span><span class=\"sb-star\">&#9733;<\/span><span class=\"sb-star\">&#9733;<\/span><span class=\"sb-star\">&#9733;<\/span><span class=\"sb-star sb-star--half\">&#9733;<\/span><\/div>\n<\/div>\n<a class=\"sb-logo\" href=\"https:\/\/staging.betting.ca\/fr\/revue\/bodog\/\" >\n<img decoding=\"async\" src=\"https:\/\/staging.betting.ca\/images\/reviews\/bodog-logo.png\" alt=\"Bodog\">\n<\/a>\n<p class=\"sb-bonus\">CAD 200<\/p>\n<a href=\"\/go\/bodog\" class=\"sb-cta\">Get Bonus<\/a>\n<a href=\"https:\/\/staging.betting.ca\/fr\/revue\/bodog\/\" class=\"sb-review\">Read Review<\/a>\n<\/div>\n<div class=\"sb-card sb-card--blue\">\n<div class=\"sb-card__header\">\n<span class=\"sb-rank\">#6<\/span>\n<div class=\"sb-stars\"><span class=\"sb-star\">&#9733;<\/span><span class=\"sb-star\">&#9733;<\/span><span class=\"sb-star\">&#9733;<\/span><span class=\"sb-star sb-star--half\">&#9733;<\/span><span class=\"sb-star sb-star--empty\">&#9733;<\/span><\/div>\n<\/div>\n<a class=\"sb-logo\" href=\"https:\/\/staging.betting.ca\/fr\/revue\/betonline\/\" >\n<img decoding=\"async\" src=\"https:\/\/staging.betting.ca\/images\/reviews\/betonline-logo.png\" alt=\"BetOnline\">\n<\/a>\n<p class=\"sb-bonus\">CAD 2500<\/p>\n<a href=\"\/go\/betonline\" class=\"sb-cta\">Get Bonus<\/a>\n<a href=\"https:\/\/staging.betting.ca\/fr\/revue\/betonline\/\" class=\"sb-review\">Read Review<\/a>\n<\/div>\n<\/div><\/div>\n<h2 id=\"paris-sportifs-au-manitoba\"><strong>Paris sportifs au Manitoba<\/strong><\/h2>\nLes paris sportifs dans la province du Manitoba sont organis\u00e9s par la <a href=\"https:\/\/www.mbll.ca\/fr\">Manitoba Liquor and Lotteries Commission<\/a> (<strong>MLL<\/strong>). La Commission a \u00e9t\u00e9 le r\u00e9sultat d&rsquo;une fusion entre la <strong>Manitoba Liquor Control Commission<\/strong> et <strong>Manitoba Lotteries 2012<\/strong>.<\/p>\n<p>La MLL offre \u00e0 ses clients plusieurs types de paris sportifs. Ils ont une chose en commun et c&rsquo;est qu&rsquo;ils doivent \u00eatre des paris combin\u00e9s, \u00e9galement connus sous le nom de paris progressifs, dans lequel le parieur doit combiner au moins deux \u00e9v\u00e9nements sportifs. C&rsquo;est parce que les paris sur les \u00e9v\u00e9nements sportifs uniques sont consid\u00e9r\u00e9s comme ill\u00e9gaux au Manitoba, ainsi que dans tout le Canada.<\/p>\n<h3 id=\"pro-line\">Pro-Line<\/h3>\n<p>Le premier type de paris sportifs que la MLL offre est Pro-Line. Pour jouer la Pro-Line, vous devez placer une mise sur le r\u00e9sultat de 3 \u00e0 6 \u00e9v\u00e9nements sportifs. Vous gagnez lorsque tous les 3 \u00e0 6 r\u00e9sultats sont corrects et votre potentiel de gain est l&rsquo;argent que vous avez d\u00e9pos\u00e9 multipli\u00e9 par les cotes combin\u00e9es. La mise minimum pour un billet Pro-Line est de 2 $ et le maximum est de 100 $.<\/p>\n<h3 id=\"point-spread\">Point-Spread<\/h3>\n<p>Un point-spread est un type de pari dans lequel le fournisseur de pari, dans ce cas la MLL, attribue un handicap \u00e0 l&rsquo;une des \u00e9quipes de sorte que les chances d\u2019une victoire \u00e0 l&rsquo;ext\u00e9rieur ou \u00e0 domicile sont les m\u00eames. Le parieur a seulement deux options et peut choisir une victoire \u00e0 la maison ou \u00e0 l&rsquo;ext\u00e9rieur pour 2 \u00e0 12 parties. Les sports inclus dans le point-spread de la MLL offrent sont le basketball professionnel et coll\u00e9gial, le football professionnel et coll\u00e9gial, <a href=\"https:\/\/www.betting.ca\/fr\/paris-hockey\">hockey<\/a> et le baseball.<\/p>\n<h3 id=\"pro-picks-pools\">Pro-Picks Pools<\/h3>\n<p>Dans le Pro-Picks Pools, les amateurs de pari ont l&rsquo;occasion de pr\u00e9dire le gagnant d&rsquo;une s\u00e9lection de joueurs ou d\u2019\u00e9quipes. Cette s\u00e9lection est compos\u00e9e de 10 ou 12 matchs et la pr\u00e9diction de pari est faite sur une carte fournie par la MLL.<\/p>\n<p>Une carte ou feuille de s\u00e9lection vous co\u00fbtera 5 $ et le gagnant est le joueur, ou dans de nombreux cas, les joueurs qui ont pris le plus de gagnants exacts. La cagnotte pour payer les paris gagnants est de 60 % du total des mises effectu\u00e9es. Cela garantit que l&rsquo;organisateur de paris fera toujours un profit de 40  % de toutes les mises. Ce qui est conforme \u00e0 l\u2019affirmation que la MLL fonctionne avec un tr\u00e8s grand avantage pour la maison.<\/p>\n<h3 id=\"pro-picks-props\">Pro-Picks Props<\/h3>\n<p>Contrairement au Pro-Picks Pools, les Pro-Picks Props sont des jeux de paris sportifs bas\u00e9s sur les cotes dans lequel les amateurs de paris misent sur 3 \u00e0 6 joueurs ou \u00e9quipes s\u00e9lectionn\u00e9es et leurs r\u00e9sultats. Le paiement minimum devant \u00eatre d\u00e9pos\u00e9 pour parier sur Pro-Picks Props est de 2 $ et le maximum est de 100 $.<\/p>\n<p><a href=\"https:\/\/www.playnow.com\/\">Playnow.com<\/a> est un site Web de jeu en ligne exploit\u00e9 par la MLL et la British Columbia Lottery Corporation par lesquels les gens du Manitoba peuvent jouer \u00e0 l\u2019un des jeux que nous avons mentionn\u00e9s en ligne<\/p>\n<h2 id=\"western-canada-lottery-corporation\"><strong>Western Canada Lottery Corporation<\/strong><\/h2>\n<p>La <a href=\"https:\/\/www.wclc.com\/home.htm\">Western Canada Lottery Corporation<\/a> (<strong>WCLC<\/strong>) est un organisme sans but lucratif qui a des activit\u00e9s de jeu et de loterie dans son portefeuille et il m\u00e8ne ses activit\u00e9s dans plusieurs provinces canadiennes, y compris au Manitoba. La WCLC travaille de pair avec la MLL dans l&rsquo;organisation des jeux de paris pour les personnes au Manitoba.<\/p>\n<h2 id=\"lois-du-jeu-du-manitoba\"><strong>Lois du jeu du Manitoba<\/strong><\/h2>\n<p>Toutes les activit\u00e9s de paris et de jeux au Manitoba sont sous l&rsquo;\u00e9gide de la <strong>Manitoba&rsquo;s Liquor and Gaming Authority (LGA)<\/strong> et sa Liquor and Gaming Act. La LGA a \u00e9t\u00e9 cr\u00e9\u00e9e en 2014, et la loi est entr\u00e9e en vigueur la m\u00eame ann\u00e9e. Le pr\u00e9d\u00e9cesseur du LGA \u00e9tait la Manitoba Gaming Control Commission et a travaill\u00e9 en coordination avec la Manitoba Lotteries Corporation qui est maintenant cette m\u00eame Manitoba Liquor and Lotteries Commission (MLL).<\/p>\n<h2 id=\"les-autorites-de-delivrance-des-permis-au-manitoba\"><strong>Les autorit\u00e9s de d\u00e9livrance des permis au Manitoba<\/strong><\/h2>\n<p>La Manitoba Liquor and Lotteries Commission est \u00e9galement l&rsquo;autorit\u00e9 responsable des licences pour les paris et les activit\u00e9s de jeu au Manitoba. Elle propose une vari\u00e9t\u00e9 de licences de jeu telles que: <strong>activit\u00e9 de jeu de bienfaisance, exploitant de TLV, d\u00e9taillant de billets de loterie, fournisseur de jeux et fournisseur de licences de jeu. <\/strong>. <\/p>\n<h2 id=\"population-du-manitoba\"><strong>Population du Manitoba<\/strong><\/h2>\n<p>Le Manitoba avait une population de 1 208 268 au recensement de 2011. La plupart des habitants de la province vivent dans la r\u00e9gion de la capitale de Winnipeg. En fait, Winnipeg est la huiti\u00e8me plus grande zone m\u00e9tropolitaine, avec une population de 730 018. <\/p>\n<p>Au cours des premi\u00e8res ann\u00e9es de la colonisation, le Manitoba \u00e9tait principalement une r\u00e9gion d&rsquo;\u00e9levage et d\u2019agriculture. Cependant, au cours des derni\u00e8res ann\u00e9es, cette tendance a chang\u00e9 et maintenant de plus en plus les gens se d\u00e9placent vers la r\u00e9gion de la capitale de Winnipeg. En ce moment plus de 55  % de la population du Manitoba vit dans une seule ville<\/p>\n<h2 id=\"sites-de-pari-hors-ligne-au-manitoba\"><strong>Sites de pari hors ligne au Manitoba<\/strong><\/h2>\n<p>Il y a quelques op\u00e9rateurs hors ligne au Manitoba, o\u00f9 vous pourrez jouer \u00e0 des jeux de casino tels que les appareils de loterie vid\u00e9o et machines \u00e0 sous ainsi que des jeux de table. Deux de ces casinos sont pr\u00e9sentement d\u00e9tenus et exploit\u00e9s par la Manitoba Liquor &amp; Lotteries:<\/p>\n<ul>\n<li><strong>Club Regent Casino and McPhillips Station Casino<\/strong> (exploitent de nombreux appareils de loterie vid\u00e9o, de machines \u00e0 sous, et de jeux de table).<\/li>\n<\/ul>\n<p>Il y a \u00e9galement trois casinos appartenant aux Premi\u00e8res Nations qui sont en exploitation au Manitoba: <\/p>\n<ul>\n<li><strong>Sand Hills Casino<\/strong> (poss\u00e8de plus de 300 machines \u00e0 sous et jeux de table)<\/li>\n<li><strong>South Beach Casino<\/strong> (op\u00e8re 600 machines \u00e0 sous et jeux de table)<\/li>\n<li><strong>Aseneskak Casino<\/strong> (a plus de 180 machines \u00e0 sous multi-confessionnelles et divers jeux de table)<\/li>\n<\/ul>\n<h2 id=\"conclusion\"><strong>Conclusion<\/strong><\/h2>\n<p>Les sites de pari en ligne et hors ligne du Manitoba offrent plus ou moins ce que tous les casinos offrent au Canada. Il en va de m\u00eame pour les paris sportifs dans la province et cela a souvent \u00e9t\u00e9 un probl\u00e8me pour les joueurs, car ils per\u00e7oivent que l&rsquo;avantage de la maison et la marge du fournisseur de pari sont beaucoup plus grands qu&rsquo;ils ne devraient l&rsquo;\u00eatre.<\/p>\n<p>Peu importe, les revenus de paris repr\u00e9sentent un flux de financement stable pour le gouvernement provincial du Manitoba, ce qui est un indicateur que les gens au Manitoba continuent \u00e0 miser beaucoup et qu&rsquo;ils trouvent les conditions impos\u00e9es par l&rsquo;organisme de r\u00e9glementation locale tr\u00e8s attrayantes. <\/p>\n","protected":false},"excerpt":{"rendered":"Il y a de plus en plus de personnes int\u00e9ress\u00e9es \u00e0 parier au Canada, et le Manitoba n\u2019est pas diff\u00e9rent. Cet int\u00e9r\u00eat a donn\u00e9 lieu \u00e0 de plus en plus fournisseurs de paris et l\u2019enrichissement de leurs offres de paris. Ces jours-ci, les parieurs et les passionn\u00e9s de paris au Manitoba peuvent jouer sur les [&hellip;]","protected":false},"author":2,"featured_media":0,"parent":0,"menu_order":0,"comment_status":"closed","ping_status":"closed","template":"","meta":{"footnotes":""},"class_list":["post-78","page","type-page","status-publish","hentry"],"acf":[],"yoast_head":"<!-- This site is optimized with the Yoast SEO plugin v27.1.1 - https:\/\/yoast.com\/product\/yoast-seo-wordpress\/ -->\n<title>Paris sportifs au Manitoba - Sites de paris et l\u00e9gislateurs de jeux<\/title>\n<meta name=\"description\" content=\"Les gens du Manitoba peuvent parier sur le sport sur les sites en ligne et hors ligne qui sont agr\u00e9\u00e9s et autoris\u00e9s par la Manitoba Liquor and Lotteries Commission\" \/>\n<meta name=\"robots\" content=\"index, follow, max-snippet:-1, max-image-preview:large, max-video-preview:-1\" \/>\n<link rel=\"canonical\" href=\"https:\/\/staging.betting.ca\/fr\/manitoba\/\" \/>\n<meta property=\"og:locale\" content=\"fr_CA\" \/>\n<meta property=\"og:type\" content=\"article\" \/>\n<meta property=\"og:title\" content=\"Paris sportifs au Manitoba - Sites de paris et l\u00e9gislateurs de jeux\" \/>\n<meta property=\"og:description\" content=\"Les gens du Manitoba peuvent parier sur le sport sur les sites en ligne et hors ligne qui sont agr\u00e9\u00e9s et autoris\u00e9s par la Manitoba Liquor and Lotteries Commission\" \/>\n<meta property=\"og:url\" content=\"https:\/\/staging.betting.ca\/fr\/manitoba\/\" \/>\n<meta property=\"og:site_name\" content=\"Staging Betting.ca FR\" \/>\n<meta property=\"og:image\" content=\"https:\/\/staging.betting.ca\/images\/reviews\/betonline-logo.png\" \/>\n<meta name=\"twitter:card\" content=\"summary_large_image\" \/>\n<meta name=\"twitter:label1\" content=\"Estimation du temps de lecture\" \/>\n\t<meta name=\"twitter:data1\" content=\"6 minutes\" \/>\n<script type=\"application\/ld+json\" class=\"yoast-schema-graph\">{\"@context\":\"https:\/\/schema.org\",\"@graph\":[{\"@type\":\"WebPage\",\"@id\":\"https:\/\/staging.betting.ca\/fr\/manitoba\/\",\"url\":\"https:\/\/staging.betting.ca\/fr\/manitoba\/\",\"name\":\"Paris sportifs au Manitoba - Sites de paris et l\u00e9gislateurs de jeux\",\"isPartOf\":{\"@id\":\"https:\/\/staging.betting.ca\/fr\/#website\"},\"primaryImageOfPage\":{\"@id\":\"https:\/\/staging.betting.ca\/fr\/manitoba\/#primaryimage\"},\"image\":{\"@id\":\"https:\/\/staging.betting.ca\/fr\/manitoba\/#primaryimage\"},\"thumbnailUrl\":\"https:\/\/www.betting.ca\/wp-content\/uploads\/2017\/04\/manitoba-sports-betting.jpg\",\"datePublished\":\"2019-05-16T14:44:34+00:00\",\"description\":\"Les gens du Manitoba peuvent parier sur le sport sur les sites en ligne et hors ligne qui sont agr\u00e9\u00e9s et autoris\u00e9s par la Manitoba Liquor and Lotteries Commission\",\"breadcrumb\":{\"@id\":\"https:\/\/staging.betting.ca\/fr\/manitoba\/#breadcrumb\"},\"inLanguage\":\"fr-CA\",\"potentialAction\":[{\"@type\":\"ReadAction\",\"target\":[\"https:\/\/staging.betting.ca\/fr\/manitoba\/\"]}]},{\"@type\":\"ImageObject\",\"inLanguage\":\"fr-CA\",\"@id\":\"https:\/\/staging.betting.ca\/fr\/manitoba\/#primaryimage\",\"url\":\"https:\/\/staging.betting.ca\/images\/reviews\/betonline-logo.png\",\"contentUrl\":\"https:\/\/staging.betting.ca\/images\/reviews\/betonline-logo.png\"},{\"@type\":\"BreadcrumbList\",\"@id\":\"https:\/\/staging.betting.ca\/fr\/manitoba\/#breadcrumb\",\"itemListElement\":[{\"@type\":\"ListItem\",\"position\":1,\"name\":\"Home\",\"item\":\"https:\/\/staging.betting.ca\/fr\/\"},{\"@type\":\"ListItem\",\"position\":2,\"name\":\"Manitoba\"}]},{\"@type\":\"WebSite\",\"@id\":\"https:\/\/staging.betting.ca\/fr\/#website\",\"url\":\"https:\/\/staging.betting.ca\/fr\/\",\"name\":\"Staging Betting.ca FR\",\"description\":\"\",\"potentialAction\":[{\"@type\":\"SearchAction\",\"target\":{\"@type\":\"EntryPoint\",\"urlTemplate\":\"https:\/\/staging.betting.ca\/fr\/?s={search_term_string}\"},\"query-input\":{\"@type\":\"PropertyValueSpecification\",\"valueRequired\":true,\"valueName\":\"search_term_string\"}}],\"inLanguage\":\"fr-CA\"}]}<\/script>\n<!-- \/ Yoast SEO plugin. -->","yoast_head_json":{"title":"Paris sportifs au Manitoba - Sites de paris et l\u00e9gislateurs de jeux","description":"Les gens du Manitoba peuvent parier sur le sport sur les sites en ligne et hors ligne qui sont agr\u00e9\u00e9s et autoris\u00e9s par la Manitoba Liquor and Lotteries Commission","robots":{"index":"index","follow":"follow","max-snippet":"max-snippet:-1","max-image-preview":"max-image-preview:large","max-video-preview":"max-video-preview:-1"},"canonical":"https:\/\/staging.betting.ca\/fr\/manitoba\/","og_locale":"fr_CA","og_type":"article","og_title":"Paris sportifs au Manitoba - Sites de paris et l\u00e9gislateurs de jeux","og_description":"Les gens du Manitoba peuvent parier sur le sport sur les sites en ligne et hors ligne qui sont agr\u00e9\u00e9s et autoris\u00e9s par la Manitoba Liquor and Lotteries Commission","og_url":"https:\/\/staging.betting.ca\/fr\/manitoba\/","og_site_name":"Staging Betting.ca FR","og_image":[{"url":"https:\/\/staging.betting.ca\/images\/reviews\/betonline-logo.png","type":"","width":"","height":""}],"twitter_card":"summary_large_image","twitter_misc":{"Estimation du temps de lecture":"6 minutes"},"schema":{"@context":"https:\/\/schema.org","@graph":[{"@type":"WebPage","@id":"https:\/\/staging.betting.ca\/fr\/manitoba\/","url":"https:\/\/staging.betting.ca\/fr\/manitoba\/","name":"Paris sportifs au Manitoba - Sites de paris et l\u00e9gislateurs de jeux","isPartOf":{"@id":"https:\/\/staging.betting.ca\/fr\/#website"},"primaryImageOfPage":{"@id":"https:\/\/staging.betting.ca\/fr\/manitoba\/#primaryimage"},"image":{"@id":"https:\/\/staging.betting.ca\/fr\/manitoba\/#primaryimage"},"thumbnailUrl":"https:\/\/www.betting.ca\/wp-content\/uploads\/2017\/04\/manitoba-sports-betting.jpg","datePublished":"2019-05-16T14:44:34+00:00","description":"Les gens du Manitoba peuvent parier sur le sport sur les sites en ligne et hors ligne qui sont agr\u00e9\u00e9s et autoris\u00e9s par la Manitoba Liquor and Lotteries Commission","breadcrumb":{"@id":"https:\/\/staging.betting.ca\/fr\/manitoba\/#breadcrumb"},"inLanguage":"fr-CA","potentialAction":[{"@type":"ReadAction","target":["https:\/\/staging.betting.ca\/fr\/manitoba\/"]}]},{"@type":"ImageObject","inLanguage":"fr-CA","@id":"https:\/\/staging.betting.ca\/fr\/manitoba\/#primaryimage","url":"https:\/\/staging.betting.ca\/images\/reviews\/betonline-logo.png","contentUrl":"https:\/\/staging.betting.ca\/images\/reviews\/betonline-logo.png"},{"@type":"BreadcrumbList","@id":"https:\/\/staging.betting.ca\/fr\/manitoba\/#breadcrumb","itemListElement":[{"@type":"ListItem","position":1,"name":"Home","item":"https:\/\/staging.betting.ca\/fr\/"},{"@type":"ListItem","position":2,"name":"Manitoba"}]},{"@type":"WebSite","@id":"https:\/\/staging.betting.ca\/fr\/#website","url":"https:\/\/staging.betting.ca\/fr\/","name":"Staging Betting.ca FR","description":"","potentialAction":[{"@type":"SearchAction","target":{"@type":"EntryPoint","urlTemplate":"https:\/\/staging.betting.ca\/fr\/?s={search_term_string}"},"query-input":{"@type":"PropertyValueSpecification","valueRequired":true,"valueName":"search_term_string"}}],"inLanguage":"fr-CA"}]}},"_links":{"self":[{"href":"https:\/\/staging.betting.ca\/fr\/wp-json\/wp\/v2\/pages\/78","targetHints":{"allow":["GET"]}}],"collection":[{"href":"https:\/\/staging.betting.ca\/fr\/wp-json\/wp\/v2\/pages"}],"about":[{"href":"https:\/\/staging.betting.ca\/fr\/wp-json\/wp\/v2\/types\/page"}],"author":[{"embeddable":true,"href":"https:\/\/staging.betting.ca\/fr\/wp-json\/wp\/v2\/users\/2"}],"replies":[{"embeddable":true,"href":"https:\/\/staging.betting.ca\/fr\/wp-json\/wp\/v2\/comments?post=78"}],"version-history":[{"count":0,"href":"https:\/\/staging.betting.ca\/fr\/wp-json\/wp\/v2\/pages\/78\/revisions"}],"wp:attachment":[{"href":"https:\/\/staging.betting.ca\/fr\/wp-json\/wp\/v2\/media?parent=78"}],"curies":[{"name":"wp","href":"https:\/\/api.w.org\/{rel}","templated":true}]}}