{"id":77,"date":"2019-05-16T14:31:29","date_gmt":"2019-05-16T14:31:29","guid":{"rendered":"https:\/\/www.betting.ca\/fr\/?page_id=77"},"modified":"2022-04-25T11:53:06","modified_gmt":"2022-04-25T15:53:06","slug":"colombie-britannique","status":"publish","type":"page","link":"https:\/\/staging.betting.ca\/fr\/colombie-britannique\/","title":{"rendered":"Colombie-Britannique"},"content":{"rendered":"<p><img decoding=\"async\" src=\"https:\/\/www.betting.ca\/wp-content\/uploads\/2017\/04\/british-colombia-sports-betting.jpg\" alt=\"Top Canadian Sports Betting Sites For British Columbia\" width=\"300\" class=\"alignright size-full wp-image-686\" \/>L&rsquo;industrie de paris sportifs est une industrie de plusieurs millions de dollars, ce qui la rend populaire dans le monde entier. <\/p>\n<p>Une r\u00e9gion o\u00f9 ils sont \u00e9galement populaires est la <a href=\"https:\/\/www.hellobc.com\">Colombie-Britannique<\/a>, une province avec une croissance industrielle rapide. Mais, comme dans le reste du Canada, ici aussi les questions juridiques en ce qui concerne le jeu brouillent la situation en mati\u00e8re jeu en ligne.<\/p>\n<p>Malgr\u00e9 cela, les habitants de la Colombie-Britannique ont beaucoup d&rsquo;options pour jouer et parier sur les sports. <\/p>\n<p>Nous avons examin\u00e9 de pr\u00e8s la situation concernant les occasions de paris en Colombie-Britannique, ainsi que de la l\u00e9galit\u00e9, et nous vous apportons ce guide sur les paris sportifs dans l&rsquo;un des plus beaux territoires. <\/p>\n<h2 id=\"sites-de-paris-sportifs-canadiens-recommandes-en-colombie-britannique\">Sites de paris sportifs canadiens recommand\u00e9s en Colombie-Britannique<\/h2>\n<div id=\"ca-sportsbooks\">\n<div class=\"sb-grid\">\n<div class=\"sb-card sb-card--red\">\n<div class=\"sb-card__header\">\n<span class=\"sb-rank\">#1<\/span>\n<div class=\"sb-stars\"><span class=\"sb-star\">&#9733;<\/span><span class=\"sb-star\">&#9733;<\/span><span class=\"sb-star\">&#9733;<\/span><span class=\"sb-star\">&#9733;<\/span><span class=\"sb-star\">&#9733;<\/span><\/div>\n<\/div>\n<a class=\"sb-logo\" href=\"https:\/\/staging.betting.ca\/fr\/revue\/betway\/\" >\n<img decoding=\"async\" src=\"https:\/\/staging.betting.ca\/images\/reviews\/betway-logo.png\" alt=\"Betway\">\n<\/a>\n<p class=\"sb-bonus\">2000 CAD<\/p>\n<a href=\"\/go\/betway\" class=\"sb-cta\">Get Bonus<\/a>\n<a href=\"https:\/\/staging.betting.ca\/fr\/revue\/betway\/\" class=\"sb-review\">Read Review<\/a>\n<\/div>\n<div class=\"sb-card sb-card--blue\">\n<div class=\"sb-card__header\">\n<span class=\"sb-rank\">#2<\/span>\n<div class=\"sb-stars\"><span class=\"sb-star\">&#9733;<\/span><span class=\"sb-star\">&#9733;<\/span><span class=\"sb-star\">&#9733;<\/span><span class=\"sb-star\">&#9733;<\/span><span class=\"sb-star sb-star--half\">&#9733;<\/span><\/div>\n<\/div>\n<a class=\"sb-logo\" href=\"https:\/\/staging.betting.ca\/fr\/revue\/sports-interaction\/\" >\n<img decoding=\"async\" src=\"https:\/\/staging.betting.ca\/images\/reviews\/sports-interaction-logo.png\" alt=\"Sports Interaction\">\n<\/a>\n<p class=\"sb-bonus\">CAD 125<\/p>\n<a href=\"\/go\/sports-interaction\" class=\"sb-cta\">Get Bonus<\/a>\n<a href=\"https:\/\/staging.betting.ca\/fr\/revue\/sports-interaction\/\" class=\"sb-review\">Read Review<\/a>\n<\/div>\n<div class=\"sb-card sb-card--orange\">\n<div class=\"sb-card__header\">\n<span class=\"sb-rank\">#3<\/span>\n<div class=\"sb-stars\"><span class=\"sb-star\">&#9733;<\/span><span class=\"sb-star\">&#9733;<\/span><span class=\"sb-star\">&#9733;<\/span><span class=\"sb-star\">&#9733;<\/span><span class=\"sb-star sb-star--half\">&#9733;<\/span><\/div>\n<\/div>\n<a class=\"sb-logo\" href=\"https:\/\/staging.betting.ca\/fr\/revue\/bet365\/\" >\n<img decoding=\"async\" src=\"https:\/\/staging.betting.ca\/images\/reviews\/bet365-logo.png\" alt=\"Bet365\">\n<\/a>\n<p class=\"sb-bonus\">CAD 200<\/p>\n<a href=\"\/go\/bet365\" class=\"sb-cta\">Get Bonus<\/a>\n<a href=\"https:\/\/staging.betting.ca\/fr\/revue\/bet365\/\" class=\"sb-review\">Read Review<\/a>\n<\/div>\n<div class=\"sb-card sb-card--green\">\n<div class=\"sb-card__header\">\n<span class=\"sb-rank\">#4<\/span>\n<div class=\"sb-stars\"><span class=\"sb-star\">&#9733;<\/span><span class=\"sb-star\">&#9733;<\/span><span class=\"sb-star\">&#9733;<\/span><span class=\"sb-star\">&#9733;<\/span><span class=\"sb-star sb-star--half\">&#9733;<\/span><\/div>\n<\/div>\n<a class=\"sb-logo\" href=\"https:\/\/staging.betting.ca\/fr\/revue\/spin-sports\/\" >\n<img decoding=\"async\" src=\"https:\/\/staging.betting.ca\/images\/reviews\/spin-sports-logo.png\" alt=\"Spin Sports\">\n<\/a>\n<p class=\"sb-bonus\">CAD 200<\/p>\n<a href=\"\/go\/spin-sports\" class=\"sb-cta\">Get Bonus<\/a>\n<a href=\"https:\/\/staging.betting.ca\/fr\/revue\/spin-sports\/\" class=\"sb-review\">Read Review<\/a>\n<\/div>\n<div class=\"sb-card sb-card--red\">\n<div class=\"sb-card__header\">\n<span class=\"sb-rank\">#5<\/span>\n<div class=\"sb-stars\"><span class=\"sb-star\">&#9733;<\/span><span class=\"sb-star\">&#9733;<\/span><span class=\"sb-star\">&#9733;<\/span><span class=\"sb-star\">&#9733;<\/span><span class=\"sb-star sb-star--half\">&#9733;<\/span><\/div>\n<\/div>\n<a class=\"sb-logo\" href=\"https:\/\/staging.betting.ca\/fr\/revue\/bodog\/\" >\n<img decoding=\"async\" src=\"https:\/\/staging.betting.ca\/images\/reviews\/bodog-logo.png\" alt=\"Bodog\">\n<\/a>\n<p class=\"sb-bonus\">CAD 200<\/p>\n<a href=\"\/go\/bodog\" class=\"sb-cta\">Get Bonus<\/a>\n<a href=\"https:\/\/staging.betting.ca\/fr\/revue\/bodog\/\" class=\"sb-review\">Read Review<\/a>\n<\/div>\n<div class=\"sb-card sb-card--blue\">\n<div class=\"sb-card__header\">\n<span class=\"sb-rank\">#6<\/span>\n<div class=\"sb-stars\"><span class=\"sb-star\">&#9733;<\/span><span class=\"sb-star\">&#9733;<\/span><span class=\"sb-star\">&#9733;<\/span><span class=\"sb-star sb-star--half\">&#9733;<\/span><span class=\"sb-star sb-star--empty\">&#9733;<\/span><\/div>\n<\/div>\n<a class=\"sb-logo\" href=\"https:\/\/staging.betting.ca\/fr\/revue\/betonline\/\" >\n<img decoding=\"async\" src=\"https:\/\/staging.betting.ca\/images\/reviews\/betonline-logo.png\" alt=\"BetOnline\">\n<\/a>\n<p class=\"sb-bonus\">CAD 2500<\/p>\n<a href=\"\/go\/betonline\" class=\"sb-cta\">Get Bonus<\/a>\n<a href=\"https:\/\/staging.betting.ca\/fr\/revue\/betonline\/\" class=\"sb-review\">Read Review<\/a>\n<\/div>\n<\/div><\/div>\n<h2 id=\"les-paris-sportifs-en-colombie-britannique\"><strong>Les paris sportifs en Colombie-Britannique<\/strong><\/h2>\nLes gens de la Colombie-Britannique peuvent parier sur les sports en ligne et hors ligne. Quand il s&rsquo;agit de paris en ligne, ils ont deux choix. Parier \u00e0 l&rsquo;aide de <a href=\"https:\/\/www.playnow.com\/\">PlayNow<\/a>, le seul site Web de paris sportifs canadien en Colombie-Britannique g\u00e9r\u00e9 par l&rsquo;organisme responsable de la r\u00e9glementation des jeux. Ou, parier \u00e0 l\u2019aide des nombreux sites Web de paris sportifs \u00e0 l\u2019\u00e9tranger, qui sont \u00e9galement l\u00e9gaux, et plusieurs d&rsquo;entre eux sont recommand\u00e9s parce qu&rsquo;ils sont titulaires de licences dans des juridictions de bonne r\u00e9putation dans le monde entier.<\/p>\n<p>Quand il s&rsquo;agit de parier avec PlayNow, voici les options:<\/p>\n<ul>\n<li><strong>R\u00e9sultat Oddset <\/strong> \u2013 Les r\u00e9sultats offset-3 et oddset-2 sont des occasions de paris progressifs. Les joueurs peuvent faire jusqu&rsquo;\u00e0 six s\u00e9lections et choisir les \u00e9quipes qui gagneront ou qui auront des matchs nuls. Vous pouvez miser jusqu&rsquo;\u00e0 100 $ et pour gagner un pari de r\u00e9sultat Oddset, toutes les pr\u00e9visions doivent se r\u00e9aliser.<\/li>\n<li><strong>\u00c9carts de points <\/strong> \u2013 Les paris sur les \u00e9carts de points sont \u00e9galement des paris progressifs et un maximum de 12 s\u00e9lections est permis<\/li>\n<li><strong>Au-dessus\/en-dessous <\/strong> \u2013 Les paris progressifs au-dessus\/en-dessous permettent jusqu&rsquo;\u00e0 10 s\u00e9lections o\u00f9 vous devez pr\u00e9dire s&rsquo;il y aura plus ou moins de buts ou points dans une partie donn\u00e9e.<\/li>\n<li><strong>Toto et props <\/strong> \u2013 Ces jeux de paris incluent une cagnotte qui est soit gagn\u00e9e par un seul gagnant, ou partag\u00e9e entre plusieurs gagnants.<\/li>\n<\/ul>\n<p>Il y a plusieurs probl\u00e8mes avec les paris sur PlayNow en Colombie-Britannique qui proviennent principalement des restrictions impos\u00e9es. Par exemple, vous \u00eates limit\u00e9 sur la taille du pari combin\u00e9 ou la taille du pari. Le probl\u00e8me le plus ennuyeux pour les joueurs passionn\u00e9s est la restriction sur les paris sur les jeux simples. Ainsi, \u00e0 l&rsquo;exception des paris progressifs, o\u00f9 vous avez \u00e0 choisir plus d&rsquo;une partie, il n&rsquo;y a pas de possibilit\u00e9 de parier sur un seul jeu.<\/p>\n<p>C&rsquo;est l\u00e0 que les sites Web de paris sportifs en ligne hors de la C.-B. viennent sauver les joueurs. Ces sites offrent beaucoup plus de possibilit\u00e9s de paris, de meilleures cotes, des limites de pari plus \u00e9lev\u00e9es, et bien s\u00fbr, la possibilit\u00e9 de parier sur des jeux simples autant que vous le voulez. De plus, vos gains de PlayNow sont assujettis \u00e0 l&rsquo;imp\u00f4t.<\/p>\n<h2 id=\"loi-sur-le-jeu-en-colombie-britannique\"><strong>Loi sur le jeu en Colombie-Britannique<\/strong><\/h2>\n<p>La loi qui r\u00e9git toutes les activit\u00e9s de jeux de la Colombie-Britannique est la <strong>Gaming Control Act from 2002<\/strong>. Du point de vue d\u2019un parieur, cette loi n&rsquo;interdit pas aux joueurs de parier en ligne sur un site de paris sportifs qui n&rsquo;est pas bas\u00e9 au Canada. La seule chose qui est ill\u00e9gale est de parier avec l&rsquo;aide de maisons de paris sans licence. <\/p>\n<p>Cependant, puisque les sites de paris \u00e0 l&rsquo;\u00e9tranger que les parieurs de la Colombie-Britannique utilisent sont autoris\u00e9s, les experts ne voient pas de probl\u00e8me en ce qui concerne leur l\u00e9galit\u00e9. En cons\u00e9quence, il n&rsquo;y a jamais eu un cas o\u00f9 un joueur de la Colombie-Britannique a \u00e9t\u00e9 poursuivi pour avoir jou\u00e9 en ligne. \u00c0 moins que quelque chose ne change pour le pire, il n&rsquo;y aura jamais de tels cas.<\/p>\n<h2 id=\"les-autorites-de-delivrance-de-permis-en-colombie-britannique\"><strong>Les autorit\u00e9s de d\u00e9livrance de permis en Colombie-Britannique<\/strong><\/h2>\n<p>Il existe un organisme qui r\u00e9glemente les casinos sur terre, les op\u00e9rateurs de paris sportifs et de jeux \u00e9lectroniques et de machines \u00e0 sous, de bingo et de billets de loterie en Colombie-Britannique. C&rsquo;est la <a href=\"http:\/\/www.bclc.com\/\">British Columbia Lottery and Gaming Corporation<\/a>. <\/p>\n<p>Selon la BCLC, les jeux de hasard et les paris sportifs sont autoris\u00e9s uniquement pour ceux qui sont \u00e2g\u00e9s de 19 ans ou plus. En vertu du Gaming Control Act, la BCLC assure l&rsquo;int\u00e9grit\u00e9 des fournisseurs et des soci\u00e9t\u00e9s dans l&rsquo;industrie du jeu, et m\u00e8ne des enqu\u00eates dans les cas o\u00f9 la loi a \u00e9t\u00e9 viol\u00e9e.<\/p>\n<p>L&rsquo;agence se pr\u00e9occupe aussi de la responsabilit\u00e9 sociale et les risques qui proviennent de l&rsquo;exc\u00e8s lorsqu\u2019un probl\u00e8me de jeu se d\u00e9veloppe. L&rsquo;agence a fourni de nombreux programmes de jeu responsable et a recueilli plus de 19 milliards de dollars depuis 1985 pour aider les collectivit\u00e9s, l&rsquo;\u00e9ducation et les soins de sant\u00e9.<\/p>\n<h2 id=\"population-de-la-colombie-britannique\"><strong>Population de la Colombie-Britannique<\/strong><\/h2>\n<p>La Colombie-Britannique est diversifi\u00e9e dans ses ressources naturelles et sa d\u00e9mographie. Selon le dernier recensement de 2011, il y a une population de 4 400 057 en grande partie catholiques et protestants. Il y a 44 groupes ethniques diff\u00e9rents, le plus important \u00e9tant d&rsquo;origine anglaise, et le plus petit de Belges. D&rsquo;autres grands groupes ethniques sont les \u00c9cossais, Canadiens, Irlandais, Allemands, Chinois et Fran\u00e7ais, etc. Les plus petits sont le Belges, Punjabis, Croates, Tch\u00e8ques, Grecs et Islandais.<\/p>\n<h2 id=\"sites-de-paris-hors-ligne-en-colombie-britannique\"><strong>Sites de paris hors ligne en Colombie-Britannique<\/strong><\/h2>\n<p>La Colombie-Britannique est \u201c<em>riche<\/em>\u201d de sites de paris hors ligne o\u00f9 les joueurs peuvent se d\u00e9tendre et d\u00e9penser leur argent pour le plaisir. Ce sont certains des plus grands et des plus populaires en ce moment:<\/p>\n<ul>\n<li>River Rock Casino<\/li>\n<li>Hard Rock Casino<\/li>\n<li>Cascades Casino<\/li>\n<li>Casino of the Rockies<\/li>\n<li>Cascades Casino Kamloops<\/li>\n<li>Hastings Park Reacecourse<\/li>\n<li>Lake City Casino<\/li>\n<li>Fraser Downs Racetrack &amp; Casino<\/li>\n<\/ul>\n<p>Si vous pr\u00e9voyez visiter l&rsquo;un d&rsquo;eux, le <a href=\"http:\/\/www.riverrock.com\/\">River Rock Casino Resort<\/a> est l\u2019un des meilleurs. Vous appr\u00e9cierez le spa de River Rock, et il y a \u00e9galement une piscine et des activit\u00e9s r\u00e9cr\u00e9atives. Il est ouvert 24 h\/24 avec plus de 1000 machines et plus de 100 tables.<\/p>\n<h2 id=\"conclusion\"><strong>Conclusion<\/strong><\/h2>\n<p>Bien que la Colombie-Britannique offre \u00e0 ses citoyens la possibilit\u00e9 de parier en direct \u00e0 partir du site Web de paris sportifs PlayNow r\u00e9glement\u00e9 pas la BCLC, nous supposons que vous serez \u00e0 la recherche de quelque chose de plus. Si vous pr\u00e9voyez vous inscrire sur des <a href=\"https:\/\/www.betting.ca\/fr\/10-meilleurs-sites-paris\">sites de paris sportifs<\/a>, \u00e0 l\u2019\u00e9tranger, nous souhaitons vous donner quelques conseils sur la fa\u00e7on de choisir le meilleur.<\/p>\n<p>Il y a plusieurs facteurs dont vous devez tenir compte, mais avant tout, c&rsquo;est de choisir un op\u00e9rateur ayant une bonne r\u00e9putation. C&rsquo;est la seule fa\u00e7on de s&rsquo;assurer que vous obtiendrez un service de qualit\u00e9. L&rsquo;op\u00e9rateur que vous consid\u00e9rez a besoin d&rsquo;avoir une bonne r\u00e9putation en mati\u00e8re de service \u00e0 la client\u00e8le, de paiements et de cotes. Tout le reste comme la taille des bonus, des promotions peuvent \u00eatre relatives.<\/p>\n","protected":false},"excerpt":{"rendered":"L&rsquo;industrie de paris sportifs est une industrie de plusieurs millions de dollars, ce qui la rend populaire dans le monde entier. Une r\u00e9gion o\u00f9 ils sont \u00e9galement populaires est la Colombie-Britannique, une province avec une croissance industrielle rapide. Mais, comme dans le reste du Canada, ici aussi les questions juridiques en ce qui concerne le [&hellip;]","protected":false},"author":2,"featured_media":0,"parent":0,"menu_order":0,"comment_status":"closed","ping_status":"closed","template":"","meta":{"footnotes":""},"class_list":["post-77","page","type-page","status-publish","hentry"],"acf":[],"yoast_head":"<!-- This site is optimized with the Yoast SEO plugin v27.1.1 - https:\/\/yoast.com\/product\/yoast-seo-wordpress\/ -->\n<title>Paris sportifs en Colombie-Britannique - pariez en ligne l\u00e9galement<\/title>\n<meta name=\"description\" content=\"Obtenez tous les d\u00e9tails sur les possibilit\u00e9s de paris sportifs en Colombie-Britannique, s&#039;ils sont l\u00e9gaux et o\u00f9 vous pouvez pariez sur le sport sur Internet.\" \/>\n<meta name=\"robots\" content=\"index, follow, max-snippet:-1, max-image-preview:large, max-video-preview:-1\" \/>\n<link rel=\"canonical\" href=\"https:\/\/staging.betting.ca\/fr\/colombie-britannique\/\" \/>\n<meta property=\"og:locale\" content=\"fr_CA\" \/>\n<meta property=\"og:type\" content=\"article\" \/>\n<meta property=\"og:title\" content=\"Paris sportifs en Colombie-Britannique - pariez en ligne l\u00e9galement\" \/>\n<meta property=\"og:description\" content=\"Obtenez tous les d\u00e9tails sur les possibilit\u00e9s de paris sportifs en Colombie-Britannique, s&#039;ils sont l\u00e9gaux et o\u00f9 vous pouvez pariez sur le sport sur Internet.\" \/>\n<meta property=\"og:url\" content=\"https:\/\/staging.betting.ca\/fr\/colombie-britannique\/\" \/>\n<meta property=\"og:site_name\" content=\"Staging Betting.ca FR\" \/>\n<meta property=\"article:modified_time\" content=\"2022-04-25T15:53:06+00:00\" \/>\n<meta property=\"og:image\" content=\"https:\/\/staging.betting.ca\/images\/reviews\/betonline-logo.png\" \/>\n<meta name=\"twitter:card\" content=\"summary_large_image\" \/>\n<meta name=\"twitter:label1\" content=\"Estimation du temps de lecture\" \/>\n\t<meta name=\"twitter:data1\" content=\"6 minutes\" \/>\n<script type=\"application\/ld+json\" class=\"yoast-schema-graph\">{\"@context\":\"https:\/\/schema.org\",\"@graph\":[{\"@type\":\"WebPage\",\"@id\":\"https:\/\/staging.betting.ca\/fr\/colombie-britannique\/\",\"url\":\"https:\/\/staging.betting.ca\/fr\/colombie-britannique\/\",\"name\":\"Paris sportifs en Colombie-Britannique - pariez en ligne l\u00e9galement\",\"isPartOf\":{\"@id\":\"https:\/\/staging.betting.ca\/fr\/#website\"},\"primaryImageOfPage\":{\"@id\":\"https:\/\/staging.betting.ca\/fr\/colombie-britannique\/#primaryimage\"},\"image\":{\"@id\":\"https:\/\/staging.betting.ca\/fr\/colombie-britannique\/#primaryimage\"},\"thumbnailUrl\":\"https:\/\/www.betting.ca\/wp-content\/uploads\/2017\/04\/british-colombia-sports-betting.jpg\",\"datePublished\":\"2019-05-16T14:31:29+00:00\",\"dateModified\":\"2022-04-25T15:53:06+00:00\",\"description\":\"Obtenez tous les d\u00e9tails sur les possibilit\u00e9s de paris sportifs en Colombie-Britannique, s'ils sont l\u00e9gaux et o\u00f9 vous pouvez pariez sur le sport sur Internet.\",\"breadcrumb\":{\"@id\":\"https:\/\/staging.betting.ca\/fr\/colombie-britannique\/#breadcrumb\"},\"inLanguage\":\"fr-CA\",\"potentialAction\":[{\"@type\":\"ReadAction\",\"target\":[\"https:\/\/staging.betting.ca\/fr\/colombie-britannique\/\"]}]},{\"@type\":\"ImageObject\",\"inLanguage\":\"fr-CA\",\"@id\":\"https:\/\/staging.betting.ca\/fr\/colombie-britannique\/#primaryimage\",\"url\":\"https:\/\/staging.betting.ca\/images\/reviews\/betonline-logo.png\",\"contentUrl\":\"https:\/\/staging.betting.ca\/images\/reviews\/betonline-logo.png\"},{\"@type\":\"BreadcrumbList\",\"@id\":\"https:\/\/staging.betting.ca\/fr\/colombie-britannique\/#breadcrumb\",\"itemListElement\":[{\"@type\":\"ListItem\",\"position\":1,\"name\":\"Home\",\"item\":\"https:\/\/staging.betting.ca\/fr\/\"},{\"@type\":\"ListItem\",\"position\":2,\"name\":\"Colombie-Britannique\"}]},{\"@type\":\"WebSite\",\"@id\":\"https:\/\/staging.betting.ca\/fr\/#website\",\"url\":\"https:\/\/staging.betting.ca\/fr\/\",\"name\":\"Staging Betting.ca FR\",\"description\":\"\",\"potentialAction\":[{\"@type\":\"SearchAction\",\"target\":{\"@type\":\"EntryPoint\",\"urlTemplate\":\"https:\/\/staging.betting.ca\/fr\/?s={search_term_string}\"},\"query-input\":{\"@type\":\"PropertyValueSpecification\",\"valueRequired\":true,\"valueName\":\"search_term_string\"}}],\"inLanguage\":\"fr-CA\"}]}<\/script>\n<!-- \/ Yoast SEO plugin. -->","yoast_head_json":{"title":"Paris sportifs en Colombie-Britannique - pariez en ligne l\u00e9galement","description":"Obtenez tous les d\u00e9tails sur les possibilit\u00e9s de paris sportifs en Colombie-Britannique, s'ils sont l\u00e9gaux et o\u00f9 vous pouvez pariez sur le sport sur Internet.","robots":{"index":"index","follow":"follow","max-snippet":"max-snippet:-1","max-image-preview":"max-image-preview:large","max-video-preview":"max-video-preview:-1"},"canonical":"https:\/\/staging.betting.ca\/fr\/colombie-britannique\/","og_locale":"fr_CA","og_type":"article","og_title":"Paris sportifs en Colombie-Britannique - pariez en ligne l\u00e9galement","og_description":"Obtenez tous les d\u00e9tails sur les possibilit\u00e9s de paris sportifs en Colombie-Britannique, s'ils sont l\u00e9gaux et o\u00f9 vous pouvez pariez sur le sport sur Internet.","og_url":"https:\/\/staging.betting.ca\/fr\/colombie-britannique\/","og_site_name":"Staging Betting.ca FR","article_modified_time":"2022-04-25T15:53:06+00:00","og_image":[{"url":"https:\/\/staging.betting.ca\/images\/reviews\/betonline-logo.png","type":"","width":"","height":""}],"twitter_card":"summary_large_image","twitter_misc":{"Estimation du temps de lecture":"6 minutes"},"schema":{"@context":"https:\/\/schema.org","@graph":[{"@type":"WebPage","@id":"https:\/\/staging.betting.ca\/fr\/colombie-britannique\/","url":"https:\/\/staging.betting.ca\/fr\/colombie-britannique\/","name":"Paris sportifs en Colombie-Britannique - pariez en ligne l\u00e9galement","isPartOf":{"@id":"https:\/\/staging.betting.ca\/fr\/#website"},"primaryImageOfPage":{"@id":"https:\/\/staging.betting.ca\/fr\/colombie-britannique\/#primaryimage"},"image":{"@id":"https:\/\/staging.betting.ca\/fr\/colombie-britannique\/#primaryimage"},"thumbnailUrl":"https:\/\/www.betting.ca\/wp-content\/uploads\/2017\/04\/british-colombia-sports-betting.jpg","datePublished":"2019-05-16T14:31:29+00:00","dateModified":"2022-04-25T15:53:06+00:00","description":"Obtenez tous les d\u00e9tails sur les possibilit\u00e9s de paris sportifs en Colombie-Britannique, s'ils sont l\u00e9gaux et o\u00f9 vous pouvez pariez sur le sport sur Internet.","breadcrumb":{"@id":"https:\/\/staging.betting.ca\/fr\/colombie-britannique\/#breadcrumb"},"inLanguage":"fr-CA","potentialAction":[{"@type":"ReadAction","target":["https:\/\/staging.betting.ca\/fr\/colombie-britannique\/"]}]},{"@type":"ImageObject","inLanguage":"fr-CA","@id":"https:\/\/staging.betting.ca\/fr\/colombie-britannique\/#primaryimage","url":"https:\/\/staging.betting.ca\/images\/reviews\/betonline-logo.png","contentUrl":"https:\/\/staging.betting.ca\/images\/reviews\/betonline-logo.png"},{"@type":"BreadcrumbList","@id":"https:\/\/staging.betting.ca\/fr\/colombie-britannique\/#breadcrumb","itemListElement":[{"@type":"ListItem","position":1,"name":"Home","item":"https:\/\/staging.betting.ca\/fr\/"},{"@type":"ListItem","position":2,"name":"Colombie-Britannique"}]},{"@type":"WebSite","@id":"https:\/\/staging.betting.ca\/fr\/#website","url":"https:\/\/staging.betting.ca\/fr\/","name":"Staging Betting.ca FR","description":"","potentialAction":[{"@type":"SearchAction","target":{"@type":"EntryPoint","urlTemplate":"https:\/\/staging.betting.ca\/fr\/?s={search_term_string}"},"query-input":{"@type":"PropertyValueSpecification","valueRequired":true,"valueName":"search_term_string"}}],"inLanguage":"fr-CA"}]}},"_links":{"self":[{"href":"https:\/\/staging.betting.ca\/fr\/wp-json\/wp\/v2\/pages\/77","targetHints":{"allow":["GET"]}}],"collection":[{"href":"https:\/\/staging.betting.ca\/fr\/wp-json\/wp\/v2\/pages"}],"about":[{"href":"https:\/\/staging.betting.ca\/fr\/wp-json\/wp\/v2\/types\/page"}],"author":[{"embeddable":true,"href":"https:\/\/staging.betting.ca\/fr\/wp-json\/wp\/v2\/users\/2"}],"replies":[{"embeddable":true,"href":"https:\/\/staging.betting.ca\/fr\/wp-json\/wp\/v2\/comments?post=77"}],"version-history":[{"count":1,"href":"https:\/\/staging.betting.ca\/fr\/wp-json\/wp\/v2\/pages\/77\/revisions"}],"predecessor-version":[{"id":217,"href":"https:\/\/staging.betting.ca\/fr\/wp-json\/wp\/v2\/pages\/77\/revisions\/217"}],"wp:attachment":[{"href":"https:\/\/staging.betting.ca\/fr\/wp-json\/wp\/v2\/media?parent=77"}],"curies":[{"name":"wp","href":"https:\/\/api.w.org\/{rel}","templated":true}]}}