{"id":76,"date":"2019-05-14T18:58:26","date_gmt":"2019-05-14T18:58:26","guid":{"rendered":"https:\/\/www.betting.ca\/fr\/?page_id=76"},"modified":"2019-05-14T18:58:26","modified_gmt":"2019-05-14T18:58:26","slug":"alberta","status":"publish","type":"page","link":"https:\/\/staging.betting.ca\/fr\/alberta\/","title":{"rendered":"Alberta"},"content":{"rendered":"<p><img decoding=\"async\" src=\"https:\/\/www.betting.ca\/wp-content\/uploads\/2017\/04\/alberta-sports-betting.jpg\" alt=\"Top Canadian Sports Betting Sites For Alberta\" width=\"300\" class=\"alignright size-full wp-image-684\" \/>Plus de 4 millions de personnes vivent en <a href=\"https:\/\/www.travelalberta.com\">Alberta<\/a>, dont plusieurs sont amateurs de sports avides de paris sportifs. C&rsquo;est aussi le domicile de certaines grandes \u00e9quipes qui ont eu beaucoup de succ\u00e8s comme les <strong>Flames de Calgary et les Oilers d&rsquo;Edmonton<\/strong>. <\/p>\n<p>Where there is sports success, there are more sports fans, which in turn causes an increase in sports betting.<\/p>\n<p>Lorsqu&rsquo;il y a succ\u00e8s sportif, il y a plus d&rsquo;amateurs de sports, qui \u00e0 son tour provoque une augmentation des paris sportifs.<\/p>\n<p>Il a \u00e9t\u00e9 estim\u00e9 qu&rsquo;en 2015, plus de 25 milliards de dollars ont \u00e9t\u00e9 d\u00e9pens\u00e9 en Alberta sur les jeux et paris, qui ont contribu\u00e9 \u00e0 la hausse de 1,2 milliard de revenus pour le gouvernement et 909 millions de dollars en 2016. <\/p>\n<p>Tout cela a pouss\u00e9 la <a href=\"http:\/\/www.aglc.ca\/\">Alberta Gaming &amp; Liquor Commission<\/a> \u00e0 \u00e9tudier de nouvelles possibilit\u00e9s, telles que l&rsquo;ajout d&rsquo;un site de pari sur Internet, qui pourrait ajouter beaucoup plus \u00e0 ces chiffres.<\/p>\n<h2 id=\"sites-de-paris-sportifs-canadiens-recommandes-en-alberta\">Sites de paris sportifs canadiens recommand\u00e9s en Alberta<\/h2>\n<div id=\"ca-sportsbooks\">\n<div class=\"sb-grid\">\n<div class=\"sb-card sb-card--red\">\n<div class=\"sb-card__header\">\n<span class=\"sb-rank\">#1<\/span>\n<div class=\"sb-stars\"><span class=\"sb-star\">&#9733;<\/span><span class=\"sb-star\">&#9733;<\/span><span class=\"sb-star\">&#9733;<\/span><span class=\"sb-star\">&#9733;<\/span><span class=\"sb-star\">&#9733;<\/span><\/div>\n<\/div>\n<a class=\"sb-logo\" href=\"https:\/\/staging.betting.ca\/fr\/revue\/betway\/\" >\n<img decoding=\"async\" src=\"https:\/\/staging.betting.ca\/images\/reviews\/betway-logo.png\" alt=\"Betway\">\n<\/a>\n<p class=\"sb-bonus\">2000 CAD<\/p>\n<a href=\"\/go\/betway\" class=\"sb-cta\">Get Bonus<\/a>\n<a href=\"https:\/\/staging.betting.ca\/fr\/revue\/betway\/\" class=\"sb-review\">Read Review<\/a>\n<\/div>\n<div class=\"sb-card sb-card--blue\">\n<div class=\"sb-card__header\">\n<span class=\"sb-rank\">#2<\/span>\n<div class=\"sb-stars\"><span class=\"sb-star\">&#9733;<\/span><span class=\"sb-star\">&#9733;<\/span><span class=\"sb-star\">&#9733;<\/span><span class=\"sb-star\">&#9733;<\/span><span class=\"sb-star sb-star--half\">&#9733;<\/span><\/div>\n<\/div>\n<a class=\"sb-logo\" href=\"https:\/\/staging.betting.ca\/fr\/revue\/sports-interaction\/\" >\n<img decoding=\"async\" src=\"https:\/\/staging.betting.ca\/images\/reviews\/sports-interaction-logo.png\" alt=\"Sports Interaction\">\n<\/a>\n<p class=\"sb-bonus\">CAD 125<\/p>\n<a href=\"\/go\/sports-interaction\" class=\"sb-cta\">Get Bonus<\/a>\n<a href=\"https:\/\/staging.betting.ca\/fr\/revue\/sports-interaction\/\" class=\"sb-review\">Read Review<\/a>\n<\/div>\n<div class=\"sb-card sb-card--orange\">\n<div class=\"sb-card__header\">\n<span class=\"sb-rank\">#3<\/span>\n<div class=\"sb-stars\"><span class=\"sb-star\">&#9733;<\/span><span class=\"sb-star\">&#9733;<\/span><span class=\"sb-star\">&#9733;<\/span><span class=\"sb-star\">&#9733;<\/span><span class=\"sb-star sb-star--half\">&#9733;<\/span><\/div>\n<\/div>\n<a class=\"sb-logo\" href=\"https:\/\/staging.betting.ca\/fr\/revue\/bet365\/\" >\n<img decoding=\"async\" src=\"https:\/\/staging.betting.ca\/images\/reviews\/bet365-logo.png\" alt=\"Bet365\">\n<\/a>\n<p class=\"sb-bonus\">CAD 200<\/p>\n<a href=\"\/go\/bet365\" class=\"sb-cta\">Get Bonus<\/a>\n<a href=\"https:\/\/staging.betting.ca\/fr\/revue\/bet365\/\" class=\"sb-review\">Read Review<\/a>\n<\/div>\n<div class=\"sb-card sb-card--green\">\n<div class=\"sb-card__header\">\n<span class=\"sb-rank\">#4<\/span>\n<div class=\"sb-stars\"><span class=\"sb-star\">&#9733;<\/span><span class=\"sb-star\">&#9733;<\/span><span class=\"sb-star\">&#9733;<\/span><span class=\"sb-star\">&#9733;<\/span><span class=\"sb-star sb-star--half\">&#9733;<\/span><\/div>\n<\/div>\n<a class=\"sb-logo\" href=\"https:\/\/staging.betting.ca\/fr\/revue\/spin-sports\/\" >\n<img decoding=\"async\" src=\"https:\/\/staging.betting.ca\/images\/reviews\/spin-sports-logo.png\" alt=\"Spin Sports\">\n<\/a>\n<p class=\"sb-bonus\">CAD 200<\/p>\n<a href=\"\/go\/spin-sports\" class=\"sb-cta\">Get Bonus<\/a>\n<a href=\"https:\/\/staging.betting.ca\/fr\/revue\/spin-sports\/\" class=\"sb-review\">Read Review<\/a>\n<\/div>\n<div class=\"sb-card sb-card--red\">\n<div class=\"sb-card__header\">\n<span class=\"sb-rank\">#5<\/span>\n<div class=\"sb-stars\"><span class=\"sb-star\">&#9733;<\/span><span class=\"sb-star\">&#9733;<\/span><span class=\"sb-star\">&#9733;<\/span><span class=\"sb-star\">&#9733;<\/span><span class=\"sb-star sb-star--half\">&#9733;<\/span><\/div>\n<\/div>\n<a class=\"sb-logo\" href=\"https:\/\/staging.betting.ca\/fr\/revue\/bodog\/\" >\n<img decoding=\"async\" src=\"https:\/\/staging.betting.ca\/images\/reviews\/bodog-logo.png\" alt=\"Bodog\">\n<\/a>\n<p class=\"sb-bonus\">CAD 200<\/p>\n<a href=\"\/go\/bodog\" class=\"sb-cta\">Get Bonus<\/a>\n<a href=\"https:\/\/staging.betting.ca\/fr\/revue\/bodog\/\" class=\"sb-review\">Read Review<\/a>\n<\/div>\n<div class=\"sb-card sb-card--blue\">\n<div class=\"sb-card__header\">\n<span class=\"sb-rank\">#6<\/span>\n<div class=\"sb-stars\"><span class=\"sb-star\">&#9733;<\/span><span class=\"sb-star\">&#9733;<\/span><span class=\"sb-star\">&#9733;<\/span><span class=\"sb-star sb-star--half\">&#9733;<\/span><span class=\"sb-star sb-star--empty\">&#9733;<\/span><\/div>\n<\/div>\n<a class=\"sb-logo\" href=\"https:\/\/staging.betting.ca\/fr\/revue\/betonline\/\" >\n<img decoding=\"async\" src=\"https:\/\/staging.betting.ca\/images\/reviews\/betonline-logo.png\" alt=\"BetOnline\">\n<\/a>\n<p class=\"sb-bonus\">CAD 2500<\/p>\n<a href=\"\/go\/betonline\" class=\"sb-cta\">Get Bonus<\/a>\n<a href=\"https:\/\/staging.betting.ca\/fr\/revue\/betonline\/\" class=\"sb-review\">Read Review<\/a>\n<\/div>\n<\/div><\/div>\n<h2 id=\"paris-sportifs-en-alberta\"><strong>Paris sportifs en Alberta<\/strong><\/h2>\nLes Albertains sont de vaillants travailleurs et ils aiment d\u00e9penser leur argent de la fa\u00e7on dont ils l&rsquo;entendent. Il y a plusieurs possibilit\u00e9s pour placer des paris r\u00e9glement\u00e9s et surveill\u00e9s par la <a href=\"https:\/\/www.wclc.com\/home.htm\">Western Canada Lottery Corporation<\/a> et la <strong>Alberta Gaming &amp; Liquor Commission<\/strong>. Tout ce qui est hors ligne doit passer par la WCLC. <\/p>\n<p>Les produits de paris les plus populaires sont ceux connus comme Sport Select. Il s\u2019agit de <strong>Proline, Pools et Point Spread<\/strong>. Vous trouverez ci-dessous une explication pour les trois produits et ce qu&rsquo;ils comprennent.<\/p>\n<h3 id=\"proline\">Proline<\/h3>\n<p>Le pari Proline est le produit le plus populaire. Un pari Proline doit comprendre au moins 3 et au plus 6 s\u00e9lections, et fonctionne comme un pari progressif. Cela signifie que vous devez bien deviner pour chaque s\u00e9lection si vous souhaitez que votre billet gagne. Il y a plusieurs r\u00e9sultats sur lesquels vous pouvez parier: <strong>H+, H, T, V, and V+<\/strong>. \u00c9galement disponible au-dessus\/en dessous. Tout comme avec les mises progressives, les cotes pour toutes les s\u00e9lections sont combin\u00e9es avec la multiplication et vous \u00eates pay\u00e9 en fonction de l&rsquo;ensemble des cotes. La plupart des parieurs sportifs commencent \u00e0 parier par l&rsquo;interm\u00e9diaire de la Proline dans les d\u00e9panneurs locaux et parient surtout sur la LNH.<\/p>\n<h3 id=\"point-spread\">Point Spread<\/h3>\n<p>La deuxi\u00e8me option de pari la plus populaire est le pari Point Spread, qui est semblable \u00e0 la Proline, mais les s\u00e9lections n&rsquo;ont pas de cotes distinctes qui leur sont associ\u00e9es. Vous avez \u00e0 choisir l&rsquo;un ou l&rsquo;autre c\u00f4t\u00e9 de la fourchette. Entre 2 et 12 jeux sont permis. Plus il y a de s\u00e9lections, plus le multiplicateur est \u00e9lev\u00e9<\/p>\n<h3 id=\"pools\">Pools<\/h3>\n<p>Avec les Pools vous avez la possibilit\u00e9 de gros gains en argent. C&rsquo;est une option de pari simple o\u00f9 vous pouvez simplement choisir le gagnant sans vous laisser distraire par les \u00e9carts de points ou les cotes. Le pari de Pool fonctionne de mani\u00e8re similaire \u00e0 la fa\u00e7on dont les jackpots progressifs sont gagn\u00e9s dans les casinos. Avec l\u2019acquisition de chaque ticket Pool, un pourcentage du prix va dans la cagnotte. Si vous parvenez \u00e0 frapper le plus grand nombre de gagnants, vous obtenez l&rsquo;ensemble de la cagnotte, qui parfois peut \u00eatre \u00e9norme.<\/p>\n<h2 id=\"paris-en-ligne-alberta\"><strong>Paris en ligne: Alberta<\/strong><\/h2>\n<p>De plus, les citoyens de l&rsquo;Alberta ont beaucoup d&rsquo;op\u00e9rateurs de paris sportifs canadiens et \u00e9trangers \u00e0 leur disposition qui op\u00e8rent en ligne. Ils disent que l&rsquo;herbe est beaucoup plus verte en ligne, ce qui est la raison pour laquelle tout Canadien qui a pari\u00e9 sur <strong>Proline, Point Spread or Pools<\/strong> est finalement all\u00e9 en ligne. Bien qu&rsquo;il existe <a href=\"https:\/\/www.betting.ca\/fr\/10-meilleurs-sites-paris\">des sites de paris sportifs canadiens en ligne<\/a>, aucun d&rsquo;entre eux n\u2019est r\u00e9glement\u00e9 ou agr\u00e9\u00e9 en Alberta. Cependant, ils viennent tous de juridictions qui accordent les licences reconnues par la province.<\/p>\n<h2 id=\"loi-sur-le-jeu-en-alberta\"><strong>Loi sur le jeu en Alberta<\/strong><\/h2>\n<p>Les jeux de hasard ont une longue tradition en Alberta. L\u2019ouverture du premier casino remonte \u00e0 1967. Il s&rsquo;agissait d&rsquo;un casino de bienfaisance qui op\u00e9rait pendant la foire annuelle d&rsquo;Edmonton. Le premier vrai casino a ouvert ses portes en 1980 \u00e0 Calgary. <\/p>\n<p>En 1981, le deuxi\u00e8me casino a ouvert pr\u00e8s d&rsquo;Edmonton. Alors qu&rsquo;aujourd&rsquo;hui, l&rsquo;Alberta est le domicile de plus d&rsquo;une douzaine de casinos terrestres.<\/p>\n<p>Les Albertains ne sont pas harcel\u00e9s lorsqu\u2019ils essaient de parier en ligne parce qu&rsquo;il n&rsquo;y a pas de lois qui leur interdisent de parier sur Internet. De plus, ils ne sont pas tenus de payer de l&rsquo;imp\u00f4t sur leurs gains g\u00e9n\u00e9r\u00e9s sur un site de paris \u00e0 l&rsquo;\u00e9tranger.<\/p>\n<p>Cependant, il est ill\u00e9gal de lancer une op\u00e9ration de jeu ou de pari sans acqu\u00e9rir une licence de <strong>Alberta Gaming &amp; Liquor Commission<\/strong>. En g\u00e9n\u00e9ral, l&rsquo;Alberta est consid\u00e9r\u00e9e comme le meilleur exemple et un pionnier dans le revirement de ce qui est consid\u00e9r\u00e9 comme un vice social en un flux de revenus stable pour la province.<\/p>\n<h2 id=\"les-autorites-de-delivrance-des-permis-en-alberta\"><strong>Les autorit\u00e9s de d\u00e9livrance des permis en Alberta<\/strong><\/h2>\n<p>L&rsquo;agence charg\u00e9e de d\u00e9livrer des permis aux casinos et aux op\u00e9rateurs de paris sportifs est la Alberta Gaming &amp; Liquor Commission. Cette agence d\u00e9livre les permis et travaille en \u00e9troite collaboration avec tous les \u00e9tablissements de jeu et assure la conformit\u00e9 avec les r\u00e8glements et les politiques de jeux du gouvernement de l&rsquo;Alberta.<\/p>\n<h2 id=\"population-de-lalberta\"><strong>Population de l&rsquo;Alberta<\/strong><\/h2>\n<p>Selon le dernier recensement en 2011, l&rsquo;Alberta compte une population totale de 3 654 257 habitants. Avec les estimations de 2016, ce nombre a \u00e9t\u00e9 estim\u00e9 \u00e0 4 231 959. C&rsquo;est la 4e plus grande province en fonction de la population avec une densit\u00e9 de 5,7 habitants par kilom\u00e8tre carr\u00e9. L&rsquo;Alberta est ethniquement l&rsquo;une des r\u00e9gions les plus diversifi\u00e9es en Am\u00e9rique du Nord. Il y a des Anglais, Allemands, Canadiens, Irlandais, \u00c9cossais, Fran\u00e7ais, Chinois, Norv\u00e9giens, Indiens de l&rsquo;Am\u00e9rique du Nord, Polonais, N\u00e9erlandais et m\u00eame des Ukrainiens. D&rsquo;apr\u00e8s le recensement de 2006, le groupe ethnique Canadien est le troisi\u00e8me plus grand.<\/p>\n<h2 id=\"sites-de-pari-hors-ligne-en-alberta\"><strong>Sites de pari hors ligne en Alberta<\/strong><\/h2>\n<p>Il y a plus d&rsquo;une douzaine d&rsquo;op\u00e9rateurs hors ligne en Alberta o\u00f9 vous pouvez jouer \u00e0 des jeux de casino ou de paris sportifs. Les plus nombreux sont les sites d\u00e9tenus par le groupe appel\u00e9 <a href=\"http:\/\/www.cnty.com\/\">Century Casinos, Inc<\/a>. Toutefois, le plus grand lieu est le <a href=\"http:\/\/rivercreeresort.com\">River Cree Resort and Casino<\/a> avec plus de 1 000 machines \u00e0 sous et 50 tables. D&rsquo;autres sites populaires sont:<\/p>\n<ul>\n<li><strong><a href=\"http:\/\/www.stoneynakodaresort.com\/\">Stoney Nakoda Resort and Casino<\/a><\/strong> (250 machines, paris hors-piste, jeux de table)<\/li>\n<li><strong><a href=\"https:\/\/casinodene.com\/\">Casino Dene<\/a><\/strong> (250 machines, 9 tables)<\/li>\n<li><strong>Century Down Casino and Racetrack<\/strong> (500 machines, jeux de loterie, paris hors piste, courses de chevaux)<\/li>\n<\/ul>\n<h2 id=\"conclusion\"><strong>Conclusion<\/strong><\/h2>\n<p>Les recettes provenant du jeu en Alberta sont probablement le flux de revenus le plus stable que le gouvernement recevra. M\u00eame lorsque la province connaissait un ralentissement \u00e9conomique, les recettes provenant du jeu \u00e9taient \u00e0 la hausse. Certains ont m\u00eame signal\u00e9 que pr\u00e8s de la moiti\u00e9 des revenus de l&rsquo;Alberta vient du jeu.<\/p>\n<p>Tout cela est le r\u00e9sultat d&rsquo;une bonne r\u00e8glementation, qui a fait de l&rsquo;Alberta la mecque des joueurs de jeu de casino et des parieurs sportifs. La disponibilit\u00e9 est l&rsquo;une des plus grandes sur le continent. Tous les citoyens de l&rsquo;Alberta peuvent aller \u00e0 leur station-service la plus proche ou \u00e0 un d\u00e9panneur et parier sur les jeux. Et, s&rsquo;ils veulent de meilleures chances, ils peuvent utiliser les produits Sports Select.<\/p>\n","protected":false},"excerpt":{"rendered":"Plus de 4 millions de personnes vivent en Alberta, dont plusieurs sont amateurs de sports avides de paris sportifs. C&rsquo;est aussi le domicile de certaines grandes \u00e9quipes qui ont eu beaucoup de succ\u00e8s comme les Flames de Calgary et les Oilers d&rsquo;Edmonton. Where there is sports success, there are more sports fans, which in turn [&hellip;]","protected":false},"author":2,"featured_media":0,"parent":0,"menu_order":0,"comment_status":"closed","ping_status":"closed","template":"","meta":{"footnotes":""},"class_list":["post-76","page","type-page","status-publish","hentry"],"acf":[],"yoast_head":"<!-- This site is optimized with the Yoast SEO plugin v27.1.1 - https:\/\/yoast.com\/product\/yoast-seo-wordpress\/ -->\n<title>Paris sportifs en Alberta - Meilleurs preneurs aux livres en Alberta<\/title>\n<meta name=\"description\" content=\"Ce que les gens de l&#039;Alberta ont besoin de savoir \u00e0 propos des paris dans leur province? Quelles sont les occasions et peuvent-ils parier en ligne l\u00e9galement?\" \/>\n<meta name=\"robots\" content=\"index, follow, max-snippet:-1, max-image-preview:large, max-video-preview:-1\" \/>\n<link rel=\"canonical\" href=\"https:\/\/staging.betting.ca\/fr\/alberta\/\" \/>\n<meta property=\"og:locale\" content=\"fr_CA\" \/>\n<meta property=\"og:type\" content=\"article\" \/>\n<meta property=\"og:title\" content=\"Paris sportifs en Alberta - Meilleurs preneurs aux livres en Alberta\" \/>\n<meta property=\"og:description\" content=\"Ce que les gens de l&#039;Alberta ont besoin de savoir \u00e0 propos des paris dans leur province? Quelles sont les occasions et peuvent-ils parier en ligne l\u00e9galement?\" \/>\n<meta property=\"og:url\" content=\"https:\/\/staging.betting.ca\/fr\/alberta\/\" \/>\n<meta property=\"og:site_name\" content=\"Staging Betting.ca FR\" \/>\n<meta property=\"og:image\" content=\"https:\/\/staging.betting.ca\/images\/reviews\/betonline-logo.png\" \/>\n<meta name=\"twitter:card\" content=\"summary_large_image\" \/>\n<meta name=\"twitter:label1\" content=\"Estimation du temps de lecture\" \/>\n\t<meta name=\"twitter:data1\" content=\"6 minutes\" \/>\n<script type=\"application\/ld+json\" class=\"yoast-schema-graph\">{\"@context\":\"https:\/\/schema.org\",\"@graph\":[{\"@type\":\"WebPage\",\"@id\":\"https:\/\/staging.betting.ca\/fr\/alberta\/\",\"url\":\"https:\/\/staging.betting.ca\/fr\/alberta\/\",\"name\":\"Paris sportifs en Alberta - Meilleurs preneurs aux livres en Alberta\",\"isPartOf\":{\"@id\":\"https:\/\/staging.betting.ca\/fr\/#website\"},\"primaryImageOfPage\":{\"@id\":\"https:\/\/staging.betting.ca\/fr\/alberta\/#primaryimage\"},\"image\":{\"@id\":\"https:\/\/staging.betting.ca\/fr\/alberta\/#primaryimage\"},\"thumbnailUrl\":\"https:\/\/www.betting.ca\/wp-content\/uploads\/2017\/04\/alberta-sports-betting.jpg\",\"datePublished\":\"2019-05-14T18:58:26+00:00\",\"description\":\"Ce que les gens de l'Alberta ont besoin de savoir \u00e0 propos des paris dans leur province? Quelles sont les occasions et peuvent-ils parier en ligne l\u00e9galement?\",\"breadcrumb\":{\"@id\":\"https:\/\/staging.betting.ca\/fr\/alberta\/#breadcrumb\"},\"inLanguage\":\"fr-CA\",\"potentialAction\":[{\"@type\":\"ReadAction\",\"target\":[\"https:\/\/staging.betting.ca\/fr\/alberta\/\"]}]},{\"@type\":\"ImageObject\",\"inLanguage\":\"fr-CA\",\"@id\":\"https:\/\/staging.betting.ca\/fr\/alberta\/#primaryimage\",\"url\":\"https:\/\/staging.betting.ca\/images\/reviews\/betonline-logo.png\",\"contentUrl\":\"https:\/\/staging.betting.ca\/images\/reviews\/betonline-logo.png\"},{\"@type\":\"BreadcrumbList\",\"@id\":\"https:\/\/staging.betting.ca\/fr\/alberta\/#breadcrumb\",\"itemListElement\":[{\"@type\":\"ListItem\",\"position\":1,\"name\":\"Home\",\"item\":\"https:\/\/staging.betting.ca\/fr\/\"},{\"@type\":\"ListItem\",\"position\":2,\"name\":\"Alberta\"}]},{\"@type\":\"WebSite\",\"@id\":\"https:\/\/staging.betting.ca\/fr\/#website\",\"url\":\"https:\/\/staging.betting.ca\/fr\/\",\"name\":\"Staging Betting.ca FR\",\"description\":\"\",\"potentialAction\":[{\"@type\":\"SearchAction\",\"target\":{\"@type\":\"EntryPoint\",\"urlTemplate\":\"https:\/\/staging.betting.ca\/fr\/?s={search_term_string}\"},\"query-input\":{\"@type\":\"PropertyValueSpecification\",\"valueRequired\":true,\"valueName\":\"search_term_string\"}}],\"inLanguage\":\"fr-CA\"}]}<\/script>\n<!-- \/ Yoast SEO plugin. -->","yoast_head_json":{"title":"Paris sportifs en Alberta - Meilleurs preneurs aux livres en Alberta","description":"Ce que les gens de l'Alberta ont besoin de savoir \u00e0 propos des paris dans leur province? Quelles sont les occasions et peuvent-ils parier en ligne l\u00e9galement?","robots":{"index":"index","follow":"follow","max-snippet":"max-snippet:-1","max-image-preview":"max-image-preview:large","max-video-preview":"max-video-preview:-1"},"canonical":"https:\/\/staging.betting.ca\/fr\/alberta\/","og_locale":"fr_CA","og_type":"article","og_title":"Paris sportifs en Alberta - Meilleurs preneurs aux livres en Alberta","og_description":"Ce que les gens de l'Alberta ont besoin de savoir \u00e0 propos des paris dans leur province? Quelles sont les occasions et peuvent-ils parier en ligne l\u00e9galement?","og_url":"https:\/\/staging.betting.ca\/fr\/alberta\/","og_site_name":"Staging Betting.ca FR","og_image":[{"url":"https:\/\/staging.betting.ca\/images\/reviews\/betonline-logo.png","type":"","width":"","height":""}],"twitter_card":"summary_large_image","twitter_misc":{"Estimation du temps de lecture":"6 minutes"},"schema":{"@context":"https:\/\/schema.org","@graph":[{"@type":"WebPage","@id":"https:\/\/staging.betting.ca\/fr\/alberta\/","url":"https:\/\/staging.betting.ca\/fr\/alberta\/","name":"Paris sportifs en Alberta - Meilleurs preneurs aux livres en Alberta","isPartOf":{"@id":"https:\/\/staging.betting.ca\/fr\/#website"},"primaryImageOfPage":{"@id":"https:\/\/staging.betting.ca\/fr\/alberta\/#primaryimage"},"image":{"@id":"https:\/\/staging.betting.ca\/fr\/alberta\/#primaryimage"},"thumbnailUrl":"https:\/\/www.betting.ca\/wp-content\/uploads\/2017\/04\/alberta-sports-betting.jpg","datePublished":"2019-05-14T18:58:26+00:00","description":"Ce que les gens de l'Alberta ont besoin de savoir \u00e0 propos des paris dans leur province? Quelles sont les occasions et peuvent-ils parier en ligne l\u00e9galement?","breadcrumb":{"@id":"https:\/\/staging.betting.ca\/fr\/alberta\/#breadcrumb"},"inLanguage":"fr-CA","potentialAction":[{"@type":"ReadAction","target":["https:\/\/staging.betting.ca\/fr\/alberta\/"]}]},{"@type":"ImageObject","inLanguage":"fr-CA","@id":"https:\/\/staging.betting.ca\/fr\/alberta\/#primaryimage","url":"https:\/\/staging.betting.ca\/images\/reviews\/betonline-logo.png","contentUrl":"https:\/\/staging.betting.ca\/images\/reviews\/betonline-logo.png"},{"@type":"BreadcrumbList","@id":"https:\/\/staging.betting.ca\/fr\/alberta\/#breadcrumb","itemListElement":[{"@type":"ListItem","position":1,"name":"Home","item":"https:\/\/staging.betting.ca\/fr\/"},{"@type":"ListItem","position":2,"name":"Alberta"}]},{"@type":"WebSite","@id":"https:\/\/staging.betting.ca\/fr\/#website","url":"https:\/\/staging.betting.ca\/fr\/","name":"Staging Betting.ca FR","description":"","potentialAction":[{"@type":"SearchAction","target":{"@type":"EntryPoint","urlTemplate":"https:\/\/staging.betting.ca\/fr\/?s={search_term_string}"},"query-input":{"@type":"PropertyValueSpecification","valueRequired":true,"valueName":"search_term_string"}}],"inLanguage":"fr-CA"}]}},"_links":{"self":[{"href":"https:\/\/staging.betting.ca\/fr\/wp-json\/wp\/v2\/pages\/76","targetHints":{"allow":["GET"]}}],"collection":[{"href":"https:\/\/staging.betting.ca\/fr\/wp-json\/wp\/v2\/pages"}],"about":[{"href":"https:\/\/staging.betting.ca\/fr\/wp-json\/wp\/v2\/types\/page"}],"author":[{"embeddable":true,"href":"https:\/\/staging.betting.ca\/fr\/wp-json\/wp\/v2\/users\/2"}],"replies":[{"embeddable":true,"href":"https:\/\/staging.betting.ca\/fr\/wp-json\/wp\/v2\/comments?post=76"}],"version-history":[{"count":0,"href":"https:\/\/staging.betting.ca\/fr\/wp-json\/wp\/v2\/pages\/76\/revisions"}],"wp:attachment":[{"href":"https:\/\/staging.betting.ca\/fr\/wp-json\/wp\/v2\/media?parent=76"}],"curies":[{"name":"wp","href":"https:\/\/api.w.org\/{rel}","templated":true}]}}